{"id":48702,"date":"2022-04-04T17:10:31","date_gmt":"2022-04-04T15:10:31","guid":{"rendered":"https:\/\/bp2.yoho.pl\/dzialania-marketingowe\/"},"modified":"2023-01-09T15:23:15","modified_gmt":"2023-01-09T14:23:15","slug":"mkt-aktivity","status":"publish","type":"page","link":"https:\/\/bp2.yoho.pl\/cs\/mkt-aktivity\/","title":{"rendered":"MARKETINGOV\u00c9 AKTIVITY"},"content":{"rendered":"\n<div class=\"wp-block-group is-style-with-b2-background\"><div class=\"wp-block-group__inner-container is-layout-flow wp-block-group-is-layout-flow\">\n<div style=\"height:100px\" aria-hidden=\"true\" class=\"wp-block-spacer is-style-small-spacer\"><\/div>\n\n\n\n<p class=\"has-text-align-center noMarginBottom has-red-color has-text-color\"><strong>EXISTUJ\u00cd AKTIVITY, DO KTER\u00ddCH STOJ\u00cd ZA TO SE PUSTIT<\/strong><\/p><div id=\"ez-toc-container\" class=\"ez-toc-v2_0_73 ez-toc-wrap-center counter-hierarchy ez-toc-counter ez-toc-transparent ez-toc-container-direction\">\n<div class=\"ez-toc-title-container\">\n<p class=\"ez-toc-title\" style=\"cursor:inherit\">Table of Contents<\/p>\n<span class=\"ez-toc-title-toggle\"><a href=\"#\" class=\"ez-toc-pull-right ez-toc-btn ez-toc-btn-xs ez-toc-btn-default ez-toc-toggle\" aria-label=\"Toggle Table of Content\"><span class=\"ez-toc-js-icon-con\"><span class=\"\"><span class=\"eztoc-hide\" style=\"display:none;\">Toggle<\/span><span class=\"ez-toc-icon-toggle-span\"><svg style=\"fill: #999;color:#999\" xmlns=\"http:\/\/www.w3.org\/2000\/svg\" class=\"list-377408\" width=\"20px\" height=\"20px\" viewBox=\"0 0 24 24\" fill=\"none\"><path d=\"M6 6H4v2h2V6zm14 0H8v2h12V6zM4 11h2v2H4v-2zm16 0H8v2h12v-2zM4 16h2v2H4v-2zm16 0H8v2h12v-2z\" fill=\"currentColor\"><\/path><\/svg><svg style=\"fill: #999;color:#999\" class=\"arrow-unsorted-368013\" xmlns=\"http:\/\/www.w3.org\/2000\/svg\" width=\"10px\" height=\"10px\" viewBox=\"0 0 24 24\" version=\"1.2\" baseProfile=\"tiny\"><path d=\"M18.2 9.3l-6.2-6.3-6.2 6.3c-.2.2-.3.4-.3.7s.1.5.3.7c.2.2.4.3.7.3h11c.3 0 .5-.1.7-.3.2-.2.3-.5.3-.7s-.1-.5-.3-.7zM5.8 14.7l6.2 6.3 6.2-6.3c.2-.2.3-.5.3-.7s-.1-.5-.3-.7c-.2-.2-.4-.3-.7-.3h-11c-.3 0-.5.1-.7.3-.2.2-.3.5-.3.7s.1.5.3.7z\"\/><\/svg><\/span><\/span><\/span><\/a><\/span><\/div>\n<nav><ul class='ez-toc-list ez-toc-list-level-1 ' ><li class='ez-toc-page-1 ez-toc-heading-level-2'><a class=\"ez-toc-link ez-toc-heading-1\" href=\"https:\/\/bp2.yoho.pl\/cs\/mkt-aktivity\/#MARKETINGOVE_AKTIVITY\" title=\"MARKETINGOV\u00c9 AKTIVITY\">MARKETINGOV\u00c9 AKTIVITY<\/a><\/li><li class='ez-toc-page-1 ez-toc-heading-level-2'><a class=\"ez-toc-link ez-toc-heading-2\" href=\"https:\/\/bp2.yoho.pl\/cs\/mkt-aktivity\/#AKTIVITY_CSR\" title=\"AKTIVITY CSR\">AKTIVITY CSR<\/a><\/li><li class='ez-toc-page-1 ez-toc-heading-level-2'><a class=\"ez-toc-link ez-toc-heading-3\" href=\"https:\/\/bp2.yoho.pl\/cs\/mkt-aktivity\/#Strechu_nad_hlavou_zajistil_vlkum_BP2\" title=\"St\u0159echu nad hlavou zajistil vlk\u016fm BP2\">St\u0159echu nad hlavou zajistil vlk\u016fm BP2<\/a><\/li><li class='ez-toc-page-1 ez-toc-heading-level-2'><a class=\"ez-toc-link ez-toc-heading-4\" href=\"https:\/\/bp2.yoho.pl\/cs\/mkt-aktivity\/#HC_Kosice\" title=\"HC Ko\u0161ice\">HC Ko\u0161ice<\/a><\/li><li class='ez-toc-page-1 ez-toc-heading-level-2'><a class=\"ez-toc-link ez-toc-heading-5\" href=\"https:\/\/bp2.yoho.pl\/cs\/mkt-aktivity\/#AMBASADOR_ZNACKY\" title=\"AMBASADOR ZNA\u010cKY\">AMBASADOR ZNA\u010cKY<\/a><\/li><li class='ez-toc-page-1 ez-toc-heading-level-2'><a class=\"ez-toc-link ez-toc-heading-6\" href=\"https:\/\/bp2.yoho.pl\/cs\/mkt-aktivity\/#NEJLEPSI_POKRYVAC_ZE_VSECH_SKOKANU\" title=\"NEJLEP\u0160\u00cd POKR\u00ddVA\u010c ZE V\u0160ECH SKOKAN\u016e\">NEJLEP\u0160\u00cd POKR\u00ddVA\u010c ZE V\u0160ECH SKOKAN\u016e<\/a><\/li><li class='ez-toc-page-1 ez-toc-heading-level-2'><a class=\"ez-toc-link ez-toc-heading-7\" href=\"https:\/\/bp2.yoho.pl\/cs\/mkt-aktivity\/#Nejlepsi_skokan_ze_vsech_pokryvacu\" title=\"Nejlep\u0161\u00ed skokan ze v\u0161ech pokr\u00fdva\u010d\u016f\">Nejlep\u0161\u00ed skokan ze v\u0161ech pokr\u00fdva\u010d\u016f<\/a><\/li><li class='ez-toc-page-1 ez-toc-heading-level-2'><a class=\"ez-toc-link ez-toc-heading-8\" href=\"https:\/\/bp2.yoho.pl\/cs\/mkt-aktivity\/#MASTER_ROOFER\" title=\"MASTER ROOFER\">MASTER ROOFER<\/a><\/li><li class='ez-toc-page-1 ez-toc-heading-level-2'><a class=\"ez-toc-link ez-toc-heading-9\" href=\"https:\/\/bp2.yoho.pl\/cs\/mkt-aktivity\/#AKADEMIE_MISTRU\" title=\"AKADEMIE MISTR\u016e\">AKADEMIE MISTR\u016e<\/a><\/li><li class='ez-toc-page-1 ez-toc-heading-level-2'><a class=\"ez-toc-link ez-toc-heading-10\" href=\"https:\/\/bp2.yoho.pl\/cs\/mkt-aktivity\/#MOBILNI_AKADEMIE_MISTRU\" title=\"MOBILN\u00cd AKADEMIE MISTR\u016e\">MOBILN\u00cd AKADEMIE MISTR\u016e<\/a><\/li><\/ul><\/nav><\/div>\n\n\n\n\n<h2 class=\"has-text-align-center noMarginTop noMarginBottom is-style-h1 wp-block-heading\" style=\"font-size:3.5em\"><span class=\"ez-toc-section\" id=\"MARKETINGOVE_AKTIVITY\"><\/span><strong>MARKETINGOV\u00c9 AKTIVITY<\/strong><span class=\"ez-toc-section-end\"><\/span><\/h2>\n\n\n\n<div style=\"height:100px\" aria-hidden=\"true\" class=\"wp-block-spacer is-style-small-spacer\"><\/div>\n<\/div><\/div>\n\n\n\n<div class=\"wp-block-group is-style-narrower-group\"><div class=\"wp-block-group__inner-container is-layout-flow wp-block-group-is-layout-flow\">\n<p class=\"has-text-align-center\" style=\"font-size:22px\"><strong>Na\u0161e d\u016fv\u011bryhodnost a odpov\u011bdnost n\u00e1m umo\u017e\u0148uj\u00ed budovat dlouhodob\u00e9 a otev\u0159en\u00e9 vztahy<\/strong>. D\u00edky tomu m\u016f\u017eeme p\u016fsobit ve prosp\u011bch spole\u010dnosti a vyu\u017e\u00edt p\u0159itom n\u00e1\u0161 st\u00e1le \u0161ir\u0161\u00ed dosah. To n\u00e1m umo\u017e\u0148uje zv\u00fd\u0161it identifikovatelnost zna\u010dky na polsk\u00e9m, ale i zahrani\u010dn\u00edm trhu.<\/p>\n\n\n\n<div style=\"height:100px\" aria-hidden=\"true\" class=\"wp-block-spacer is-style-small-spacer\"><\/div>\n<\/div><\/div>\n\n\n\n<div class=\"wp-block-group is-style-narrower-group has-red-background-color has-background\"><div class=\"wp-block-group__inner-container is-layout-flow wp-block-group-is-layout-flow\">\n<div style=\"height:100px\" aria-hidden=\"true\" class=\"wp-block-spacer is-style-small-spacer\"><\/div>\n\n\n\n<div class=\"wp-block-group is-style-narrow-group\"><div class=\"wp-block-group__inner-container is-layout-flow wp-block-group-is-layout-flow\">\r\n<div class=\"section__data\" data-section=\"AKTIVITY CSR\"><\/div><\/div><\/div>\n\n\n<div class=\"wp-block-image\">\n<figure class=\"aligncenter size-full is-resized\"><img decoding=\"async\" src=\"https:\/\/bp2.yoho.pl\/wp-content\/uploads\/2022\/12\/bp2-csr-icon-white.svg\" alt=\"\" class=\"wp-image-46551\" width=\"148\" height=\"113\"\/><\/figure><\/div>\n\n\n<h2 class=\"has-text-align-center is-style-h3 has-white-color has-text-color wp-block-heading\"><span class=\"ez-toc-section\" id=\"AKTIVITY_CSR\"><\/span><strong><strong>AKTIVITY CSR<\/strong><\/strong><span class=\"ez-toc-section-end\"><\/span><\/h2>\n\n\n\n<p class=\"has-text-align-center has-white-color has-text-color\">Dob\u0159e v\u00edme, jak d\u016fle\u017eit\u00e1 je podpora, proto ji sami ochotn\u011b poskytujeme. Anga\u017eovanost z na\u0161\u00ed strany plyne z p\u0159esv\u011bd\u010den\u00ed, \u017ee dobro se vr\u00e1t\u00ed, proto podporujeme vlky z krakovsk\u00e9 ZOO a tak\u00e9 slovensk\u00fd hokejov\u00fd klub HC Ko\u0161ice.<\/p>\n\n\n\n<div style=\"height:100px\" aria-hidden=\"true\" class=\"wp-block-spacer is-style-small-spacer\"><\/div>\n<\/div><\/div>\n\n\n\n<div style=\"height:100px\" aria-hidden=\"true\" class=\"wp-block-spacer is-style-smaller-spacer\"><\/div>\n\n\n\n<div style=\"height:100px\" aria-hidden=\"true\" class=\"wp-block-spacer is-style-smaller-spacer\"><\/div>\n\n\n\n<div class=\"wp-block-group\"><div class=\"wp-block-group__inner-container is-layout-flow wp-block-group-is-layout-flow\">\n<div class=\"wp-block-columns is-style-mobile-reverse is-style-grid fade-in is-layout-flex wp-container-core-columns-is-layout-9d6595d7 wp-block-columns-is-layout-flex\">\n<div class=\"wp-block-column is-layout-flow wp-block-column-is-layout-flow\">\n<div class=\"wp-block-cover is-light is-style-full-width\"><span aria-hidden=\"true\" class=\"wp-block-cover__background has-dark-gray-background-color has-background-dim-100 has-background-dim\"><\/span><div class=\"wp-block-cover__inner-container is-layout-flow wp-block-cover-is-layout-flow\">\n<h2 class=\"is-style-h3 has-large-font-size wp-block-heading\"><span class=\"ez-toc-section\" id=\"Strechu_nad_hlavou_zajistil_vlkum_BP2\"><\/span><strong><strong>St\u0159echu nad hlavou zajistil vlk\u016fm BP2<\/strong><\/strong><span class=\"ez-toc-section-end\"><\/span><\/h2>\n\n\n\n<p>S vlky jsme ji\u017e del\u0161\u00ed dobu na stejn\u00e9 vln\u011b. Imponuje n\u00e1m jejich t\u00fdmov\u00e1 pr\u00e1ce, v\u011brnost a z\u00e1rove\u0148 nez\u00e1vislost. Nikoli bez d\u016fvodu se pr\u00e1v\u011b vlk ocitl v na\u0161em logu. Chceme zm\u011bnit my\u0161len\u00ed o t\u011bchto \u00fa\u017easn\u00fdch zv\u00ed\u0159atech, kter\u00e1 jsou \u010dasto \u0161patn\u011b vn\u00edm\u00e1na, a to hlavn\u011b t\u011bmi, kdo o nich nic moc nev\u00ed.<br><br>Proto jsme se stali sponzorem vlk\u016f h\u0159ivnat\u00fdch, kte\u0159\u00ed jsou obyvateli Zoologick\u00e9 zahrady v Krakov\u011b. M\u00e1me radost, \u017ee t\u011bmto kr\u00e1sn\u00fdm tvor\u016fm m\u016f\u017eeme poskytovat finan\u010dn\u00ed p\u00e9\u010di a p\u0159isp\u011bt tak k jejich dobr\u00e9mu \u017eivotu.<\/p>\n\n\n\n<div class=\"wp-block-group\"><div class=\"wp-block-group__inner-container is-layout-flow wp-block-group-is-layout-flow\">\n<a href=\"https:\/\/zoo-krakow.pl\/\" target=\"_blank\" class=\"button button--blackSpecial \">DOWIEDZ SI\u0118 WI\u0118CEJ<\/a><\/div><\/div>\n<\/div><\/div>\n<\/div>\n\n\n\n<div class=\"wp-block-column is-layout-flow wp-block-column-is-layout-flow\">\n<div class=\"wp-block-cover is-light is-style-full-height\"><span aria-hidden=\"true\" class=\"wp-block-cover__background has-background-dim-0 has-background-dim\"><\/span><img fetchpriority=\"high\" decoding=\"async\" width=\"1900\" height=\"1204\" class=\"wp-block-cover__image-background wp-image-16602\" alt=\"\" src=\"https:\/\/bp2.yoho.pl\/wp-content\/uploads\/2022\/08\/wolf.jpg\" data-object-fit=\"cover\" srcset=\"https:\/\/bp2.yoho.pl\/wp-content\/uploads\/2022\/08\/wolf.jpg 1900w, https:\/\/bp2.yoho.pl\/wp-content\/uploads\/2022\/08\/wolf-820x520.jpg 820w, https:\/\/bp2.yoho.pl\/wp-content\/uploads\/2022\/08\/wolf-1024x649.jpg 1024w, https:\/\/bp2.yoho.pl\/wp-content\/uploads\/2022\/08\/wolf-768x487.jpg 768w, https:\/\/bp2.yoho.pl\/wp-content\/uploads\/2022\/08\/wolf-1536x973.jpg 1536w\" sizes=\"(max-width: 1900px) 100vw, 1900px\" \/><div class=\"wp-block-cover__inner-container is-layout-flow wp-block-cover-is-layout-flow\">\n<p class=\"has-text-align-center\"><\/p>\n<\/div><\/div>\n<\/div>\n<\/div>\n\n\n\n<div class=\"wp-block-columns is-style-mobile-reverse is-style-grid fade-in is-layout-flex wp-container-core-columns-is-layout-9d6595d7 wp-block-columns-is-layout-flex\">\n<div class=\"wp-block-column is-layout-flow wp-block-column-is-layout-flow\">\n<div class=\"wp-block-cover is-light is-style-full-width\"><span aria-hidden=\"true\" class=\"wp-block-cover__background has-dark-gray-background-color has-background-dim-100 has-background-dim\"><\/span><div class=\"wp-block-cover__inner-container is-layout-flow wp-block-cover-is-layout-flow\">\n<h2 class=\"is-style-h3 has-large-font-size wp-block-heading\"><span class=\"ez-toc-section\" id=\"HC_Kosice\"><\/span><strong><strong>HC Ko\u0161ice<\/strong><\/strong><span class=\"ez-toc-section-end\"><\/span><\/h2>\n\n\n\n<p>Od b\u0159ezna 2018 pln\u00edme funkci ofici\u00e1ln\u00edho sponzora hokejov\u00e9ho t\u00fdmu HC Ko\u0161ice. <\/p>\n\n\n\n<p>Je to jeden z nej\u00fasp\u011b\u0161n\u011bj\u0161\u00edch slovensk\u00fdch klub\u016f, kter\u00fd u\u017e osmkr\u00e1t dos\u00e1hl na Slovensku na mistrovsk\u00fd titul. Sv\u00e9 z\u00e1pasy hraje na zimn\u00edm stadionu Steel Ar\u00e9na, kde je mo\u017en\u00e9 post\u0159ehnout na\u0161e reklamy.<\/p>\n\n\n\n<div class=\"wp-block-group\"><div class=\"wp-block-group__inner-container is-layout-flow wp-block-group-is-layout-flow\">\n<a href=\"https:\/\/www.hckosice.sk\/\" target=\"_blank\" class=\"button button--blackSpecial \">ZJIST\u011aTE V\u00cdCE<\/a><\/div><\/div>\n<\/div><\/div>\n<\/div>\n\n\n\n<div class=\"wp-block-column is-layout-flow wp-block-column-is-layout-flow\">\n<div class=\"wp-block-cover is-style-full-height\"><span aria-hidden=\"true\" class=\"wp-block-cover__background has-background-dim-0 has-background-dim\"><\/span><img decoding=\"async\" width=\"1900\" height=\"1204\" class=\"wp-block-cover__image-background wp-image-16634\" alt=\"\" src=\"https:\/\/bp2.yoho.pl\/wp-content\/uploads\/2022\/08\/hc-kosice.jpg\" style=\"object-position:49% 26%\" data-object-fit=\"cover\" data-object-position=\"49% 26%\" srcset=\"https:\/\/bp2.yoho.pl\/wp-content\/uploads\/2022\/08\/hc-kosice.jpg 1900w, https:\/\/bp2.yoho.pl\/wp-content\/uploads\/2022\/08\/hc-kosice-820x520.jpg 820w, https:\/\/bp2.yoho.pl\/wp-content\/uploads\/2022\/08\/hc-kosice-1024x649.jpg 1024w, https:\/\/bp2.yoho.pl\/wp-content\/uploads\/2022\/08\/hc-kosice-768x487.jpg 768w, https:\/\/bp2.yoho.pl\/wp-content\/uploads\/2022\/08\/hc-kosice-1536x973.jpg 1536w\" sizes=\"(max-width: 1900px) 100vw, 1900px\" \/><div class=\"wp-block-cover__inner-container is-layout-flow wp-block-cover-is-layout-flow\">\n<p class=\"has-text-align-center\"><\/p>\n<\/div><\/div>\n<\/div>\n<\/div>\n<\/div><\/div>\n\n\n\n<div class=\"wp-block-group is-style-narrower-group has-red-background-color has-background\"><div class=\"wp-block-group__inner-container is-layout-flow wp-block-group-is-layout-flow\">\n<div style=\"height:100px\" aria-hidden=\"true\" class=\"wp-block-spacer is-style-small-spacer\"><\/div>\n\n\n\r\n<div class=\"section__data\" data-section=\"AMBASADOR ZNA\u010cKY\"><\/div>\n\n<div class=\"wp-block-image\">\n<figure class=\"aligncenter size-full is-resized\"><img decoding=\"async\" src=\"https:\/\/bp2.yoho.pl\/wp-content\/uploads\/2022\/12\/bp2-csr-icon-white.svg\" alt=\"\" class=\"wp-image-46551\" width=\"148\" height=\"113\"\/><\/figure><\/div>\n\n\n<h2 class=\"has-text-align-center is-style-h3 has-white-color has-text-color wp-block-heading\"><span class=\"ez-toc-section\" id=\"AMBASADOR_ZNACKY\"><\/span><strong>AMBASADOR ZNA\u010cKY<\/strong><span class=\"ez-toc-section-end\"><\/span><\/h2>\n\n\n\n<p class=\"has-text-align-center has-white-color has-text-color\">Ambasador zna\u010dky BP2 od 2017 do 2022 \u2013 Adam Ma\u0142ysz. Nejlep\u0161\u00ed skokan ze v\u0161ech pokr\u00fdva\u010d\u016f a nejlep\u0161\u00ed pokr\u00fdva\u010d ze v\u0161ech skokan\u016f, kter\u00fd se rozhodl vlo\u017eit svou d\u016fv\u011bru do BP2. Spojila n\u00e1s stejn\u00e1 v\u00e1\u0161e\u0148 a neust\u00e1l\u00e9 \u00fasil\u00ed o dokonalost. Byla to obrovsk\u00e1 v\u00fdsada m\u00edt Mistra na na\u0161\u00ed stran\u011b.<\/p>\n\n\n\n<div style=\"height:100px\" aria-hidden=\"true\" class=\"wp-block-spacer is-style-small-spacer\"><\/div>\n<\/div><\/div>\n\n\n\n<div style=\"height:100px\" aria-hidden=\"true\" class=\"wp-block-spacer is-style-smaller-spacer\"><\/div>\n\n\n\n<div class=\"wp-block-group is-style-default\"><div class=\"wp-block-group__inner-container is-layout-flow wp-block-group-is-layout-flow\">\n<div class=\"wp-block-columns is-style-mobile-reverse is-style-grid fade-in is-layout-flex wp-container-core-columns-is-layout-9d6595d7 wp-block-columns-is-layout-flex\">\n<div class=\"wp-block-column is-layout-flow wp-block-column-is-layout-flow\">\n<div class=\"wp-block-cover is-light is-style-full-width\"><span aria-hidden=\"true\" class=\"wp-block-cover__background has-dark-gray-background-color has-background-dim-100 has-background-dim\"><\/span><div class=\"wp-block-cover__inner-container is-layout-flow wp-block-cover-is-layout-flow\">\n<h2 class=\"is-style-h3 wp-block-heading\"><span class=\"ez-toc-section\" id=\"NEJLEPSI_POKRYVAC_ZE_VSECH_SKOKANU\"><\/span><br><strong>NEJLEP\u0160\u00cd POKR\u00ddVA\u010c ZE V\u0160ECH SKOKAN\u016e<\/strong><span class=\"ez-toc-section-end\"><\/span><\/h2>\n\n\n\n<h2 class=\"is-style-h3 wp-block-heading\" style=\"font-style:normal;font-weight:300\"><span class=\"ez-toc-section\" id=\"Nejlepsi_skokan_ze_vsech_pokryvacu\"><\/span>Nejlep\u0161\u00ed skokan ze v\u0161ech pokr\u00fdva\u010d\u016f<span class=\"ez-toc-section-end\"><\/span><\/h2>\n\n\n\n<p>V roce 2017 se Adam Ma\u0142ysz stal ambasadorem zna\u010dky BP2 a do roku 2022 se aktivn\u011b pod\u00edlel na vytv\u00e1\u0159en\u00ed image na\u0161\u00ed spole\u010dnosti. M\u00e1lokdo v\u00ed, \u017ee Adam Ma\u0142ysz je p\u016fvodn\u00edm povol\u00e1n\u00edm pokr\u00fdva\u010d a tato skute\u010dnost hr\u00e1la roli p\u0159i na\u0161\u00ed spolupr\u00e1ci. <\/p>\n\n\n\n<p>P\u0159es mnoho titul\u016f, kter\u00e9 vybojoval, nezapomn\u011bl na sv\u00e9 ko\u0159eny a sentiment\u00e1ln\u011b se vrac\u00ed ke sv\u00e9 prvn\u00ed pr\u00e1ci pokr\u00fdva\u010de. Povol\u00e1n\u00ed pokr\u00fdva\u010de se v pr\u016fb\u011bhu let vyv\u00edjelo, stalo se presti\u017en\u00ed a nezvykle atraktivn\u00ed z\u00e1le\u017eitost\u00ed. Popt\u00e1vka trhu je st\u00e1le vysok\u00e1. M\u011bn\u00edc\u00ed se realita a technologick\u00fd pokrok vedou k tomu, \u017ee mist\u0159i pokr\u00fdva\u010di mus\u00ed dr\u017eet krok s novinkami. <\/p>\n\n\n\n<p>Jak si Adam Ma\u0142ysz p\u0159edstavuje s\u00e1m sebe, kdyby se jeho kari\u00e9ra vyvinula jinak, kdyby z\u016fstal ve sv\u00e9m oboru? <\/p>\n\n\n\n<p><em>Kdybych m\u011bl b\u00fdt dnes pokr\u00fdva\u010dem, sm\u011b\u0159oval bych k tomu m\u00edt vlastn\u00ed firmu, nebyl bych u\u010dedn\u00edk, stal bych se mistrem. Po\u0159\u00e1d bych se u\u010dil a cht\u011bl bych zvy\u0161ovat svou kvalifikaci. Nikdy jsem se neb\u00e1l v\u00fdzev, jak to nejl\u00e9pe ukazuje m\u00e1 cesta ve skoc\u00edch na ly\u017e\u00edch a motorov\u00e9m sportu. S t\u00edmhle bych si poradil taky!<\/em><\/p>\n\n\n\n<p><strong>Adam Ma\u0142ysz se v posledn\u00edch letech \u00fa\u010dastnil \u0161kolen\u00ed a vyb\u00edzel sv\u00e9 kolegy z oboru k roz\u0161i\u0159ov\u00e1n\u00ed znalost\u00ed a zvy\u0161ov\u00e1n\u00ed odbornosti, co\u017e je v dne\u0161n\u00ed dob\u011b tak d\u016fle\u017eit\u00e9.<\/strong><\/p>\n<\/div><\/div>\n<\/div>\n\n\n\n<div class=\"wp-block-column is-layout-flow wp-block-column-is-layout-flow\">\n<div class=\"wp-block-cover is-style-full-height\"><span aria-hidden=\"true\" class=\"wp-block-cover__background has-background-dim-0 has-background-dim\"><\/span><img loading=\"lazy\" decoding=\"async\" width=\"1000\" height=\"909\" class=\"wp-block-cover__image-background wp-image-10432\" alt=\"\" src=\"https:\/\/bp2.yoho.pl\/wp-content\/uploads\/2022\/05\/adam.png\" data-object-fit=\"cover\" srcset=\"https:\/\/bp2.yoho.pl\/wp-content\/uploads\/2022\/05\/adam.png 1000w, https:\/\/bp2.yoho.pl\/wp-content\/uploads\/2022\/05\/adam-820x745.png 820w, https:\/\/bp2.yoho.pl\/wp-content\/uploads\/2022\/05\/adam-768x698.png 768w\" sizes=\"(max-width: 1000px) 100vw, 1000px\" \/><div class=\"wp-block-cover__inner-container is-layout-flow wp-block-cover-is-layout-flow\">\n<p class=\"has-text-align-center\"><\/p>\n<\/div><\/div>\n<\/div>\n<\/div>\n\n\n\n<div style=\"height:100px\" aria-hidden=\"true\" class=\"wp-block-spacer is-style-smaller-spacer\"><\/div>\n<\/div><\/div>\n\n\n\n<div class=\"wp-block-group has-black-background-color has-background\"><div class=\"wp-block-group__inner-container is-layout-flow wp-block-group-is-layout-flow\">\n<figure class=\"wp-block-embed is-type-video is-provider-youtube wp-block-embed-youtube wp-embed-aspect-16-9 wp-has-aspect-ratio\"><div class=\"wp-block-embed__wrapper\">\n<iframe title=\"RANGA: MISTRZ. ZAW\u00d3D: DEKARZ. ADAM MA\u0141YSZ AMBASADOR BLACHPROFIL 2\" width=\"640\" height=\"360\" src=\"https:\/\/www.youtube.com\/embed\/D_ijt3CxV6k?feature=oembed\" frameborder=\"0\" allow=\"accelerometer; autoplay; clipboard-write; encrypted-media; gyroscope; picture-in-picture; web-share\" referrerpolicy=\"strict-origin-when-cross-origin\" allowfullscreen><\/iframe>\n<\/div><\/figure>\n<\/div><\/div>\n\n\n\n<div style=\"height:100px\" aria-hidden=\"true\" class=\"wp-block-spacer is-style-small-spacer\"><\/div>\n\n\n\n<div class=\"wp-block-group\"><div class=\"wp-block-group__inner-container is-layout-flow wp-block-group-is-layout-flow\">\n<div class=\"wp-block-columns is-style-grid is-layout-flex wp-container-core-columns-is-layout-9d6595d7 wp-block-columns-is-layout-flex\">\n<div class=\"wp-block-column is-layout-flow wp-block-column-is-layout-flow\">\n<div class=\"wp-block-cover is-style-content-from-bottom\"><span aria-hidden=\"true\" class=\"wp-block-cover__background has-background-dim-60 has-background-dim\"><\/span><img loading=\"lazy\" decoding=\"async\" width=\"1620\" height=\"1080\" class=\"wp-block-cover__image-background wp-image-11144\" alt=\"\" src=\"https:\/\/bp2.yoho.pl\/wp-content\/uploads\/2022\/06\/bp2_master_roofer.jpg\" data-object-fit=\"cover\" srcset=\"https:\/\/bp2.yoho.pl\/wp-content\/uploads\/2022\/06\/bp2_master_roofer.jpg 1620w, https:\/\/bp2.yoho.pl\/wp-content\/uploads\/2022\/06\/bp2_master_roofer-820x547.jpg 820w, https:\/\/bp2.yoho.pl\/wp-content\/uploads\/2022\/06\/bp2_master_roofer-1024x683.jpg 1024w, https:\/\/bp2.yoho.pl\/wp-content\/uploads\/2022\/06\/bp2_master_roofer-768x512.jpg 768w, https:\/\/bp2.yoho.pl\/wp-content\/uploads\/2022\/06\/bp2_master_roofer-1536x1024.jpg 1536w\" sizes=\"(max-width: 1620px) 100vw, 1620px\" \/><div class=\"wp-block-cover__inner-container is-layout-flow wp-block-cover-is-layout-flow\">\n<div style=\"height:100px\" aria-hidden=\"true\" class=\"wp-block-spacer is-style-medium-spacer\"><\/div>\n\n\n\n<h2 class=\"is-style-h3 wp-block-heading\"><span class=\"ez-toc-section\" id=\"MASTER_ROOFER\"><\/span>MASTER ROOFER<span class=\"ez-toc-section-end\"><\/span><\/h2>\n\n\n\n<p>Program, v jeho\u017e r\u00e1mci \u0161kol\u00edme pokr\u00fdva\u010de a seznamujeme je s nab\u00eddkou na\u0161ich v\u00fdrobk\u016f.<\/p>\n\n\n\n<div class=\"wp-block-group\"><div class=\"wp-block-group__inner-container is-layout-flow wp-block-group-is-layout-flow\">\n<a href=\"https:\/\/bp2.yoho.pl\/dekarze\/#master-roofer\"  class=\"button button--red \">STA\u0147TE SE NA\u0160\u00cdM CERTIFIKOVAN\u00ddM POKR\u00ddVA\u010cEM!<\/a><\/div><\/div>\n<\/div><\/div>\n<\/div>\n\n\n\n<div class=\"wp-block-column is-layout-flow wp-block-column-is-layout-flow\">\n<div class=\"wp-block-cover is-style-content-from-bottom\"><span aria-hidden=\"true\" class=\"wp-block-cover__background has-background-dim-60 has-background-dim\"><\/span><img loading=\"lazy\" decoding=\"async\" width=\"526\" height=\"534\" class=\"wp-block-cover__image-background wp-image-5514\" alt=\"\" src=\"https:\/\/bp2.yoho.pl\/wp-content\/uploads\/2022\/03\/MASTER-ROOFER_01-07-2021-23.png\" data-object-fit=\"cover\"\/><div class=\"wp-block-cover__inner-container is-layout-flow wp-block-cover-is-layout-flow\">\n<div style=\"height:100px\" aria-hidden=\"true\" class=\"wp-block-spacer is-style-medium-spacer\"><\/div>\n\n\n\n<h2 class=\"is-style-h3 wp-block-heading\"><span class=\"ez-toc-section\" id=\"AKADEMIE_MISTRU\"><\/span><strong>AKADEMIE MISTR\u016e<\/strong><span class=\"ez-toc-section-end\"><\/span><\/h2>\n\n\n\n<p>Autorsk\u00fd program praktick\u00fdch \u0161kolen\u00ed, kter\u00e1 vede mistr pokr\u00fdva\u010d Waldemar Piela.<\/p>\n\n\n\n<div class=\"wp-block-group\"><div class=\"wp-block-group__inner-container is-layout-flow wp-block-group-is-layout-flow\">\n<a href=\"http:\/\/bp2.yoho.pl\/dekarze\/#akademia-mistrzow\"  class=\"button button--red \">ZAPOJTE SE DO AKADEMIE MISTR\u016e!<\/a><\/div><\/div>\n<\/div><\/div>\n<\/div>\n\n\n\n<div class=\"wp-block-column is-layout-flow wp-block-column-is-layout-flow\">\n<div class=\"wp-block-cover is-style-content-from-bottom\"><span aria-hidden=\"true\" class=\"wp-block-cover__background has-background-dim-60 has-background-dim\"><\/span><img loading=\"lazy\" decoding=\"async\" width=\"1000\" height=\"667\" class=\"wp-block-cover__image-background wp-image-11148\" alt=\"\" src=\"https:\/\/bp2.yoho.pl\/wp-content\/uploads\/2022\/06\/bp2_mobilna_am.png\" data-object-fit=\"cover\" srcset=\"https:\/\/bp2.yoho.pl\/wp-content\/uploads\/2022\/06\/bp2_mobilna_am.png 1000w, https:\/\/bp2.yoho.pl\/wp-content\/uploads\/2022\/06\/bp2_mobilna_am-820x547.png 820w, https:\/\/bp2.yoho.pl\/wp-content\/uploads\/2022\/06\/bp2_mobilna_am-768x512.png 768w\" sizes=\"(max-width: 1000px) 100vw, 1000px\" \/><div class=\"wp-block-cover__inner-container is-layout-flow wp-block-cover-is-layout-flow\">\n<div style=\"height:100px\" aria-hidden=\"true\" class=\"wp-block-spacer is-style-medium-spacer\"><\/div>\n\n\n\n<h2 class=\"is-style-h3 has-white-color has-text-color wp-block-heading\"><span class=\"ez-toc-section\" id=\"MOBILNI_AKADEMIE_MISTRU\"><\/span><strong>MOBILN\u00cd AKADEMIE MISTR\u016e<\/strong><span class=\"ez-toc-section-end\"><\/span><\/h2>\n\n\n\n<p class=\"has-white-color has-text-color\">Mobiln\u00ed centrum informac\u00ed, mont\u00e1\u017en\u00edch \u0161kolen\u00ed, setk\u00e1n\u00ed s odborn\u00edky z BP2 a food truck.<\/p>\n\n\n\n<div class=\"wp-block-group\"><div class=\"wp-block-group__inner-container is-layout-flow wp-block-group-is-layout-flow\">\n<a href=\"https:\/\/bp2.yoho.pl\/dekarze\/#mobilna-akademia\"  class=\"button button--red \">NAV\u0160TIVTE N\u00c1S NA CEST\u00c1CH!<\/a><\/div><\/div>\n<\/div><\/div>\n<\/div>\n<\/div>\n<\/div><\/div>\n\n\n\n<div style=\"height:100px\" aria-hidden=\"true\" class=\"wp-block-spacer is-style-smaller-spacer\"><\/div>\n","protected":false},"excerpt":{"rendered":"<p>EXISTUJ\u00cd AKTIVITY, DO KTER\u00ddCH STOJ\u00cd ZA TO SE PUSTIT MARKETINGOV\u00c9 AKTIVITY Na\u0161e d\u016fv\u011bryhodnost a odpov\u011bdnost n\u00e1m umo\u017e\u0148uj\u00ed budovat dlouhodob\u00e9 a otev\u0159en\u00e9 vztahy. D\u00edky tomu m\u016f\u017eeme p\u016fsobit ve prosp\u011bch spole\u010dnosti a vyu\u017e\u00edt p\u0159itom n\u00e1\u0161 st\u00e1le \u0161ir\u0161\u00ed dosah. To n\u00e1m umo\u017e\u0148uje zv\u00fd\u0161it identifikovatelnost zna\u010dky na polsk\u00e9m, ale i zahrani\u010dn\u00edm trhu. AKTIVITY CSR Dob\u0159e v\u00edme, jak d\u016fle\u017eit\u00e1 je [&hellip;]<\/p>\n","protected":false},"author":3,"featured_media":0,"parent":0,"menu_order":44,"comment_status":"closed","ping_status":"closed","template":"","meta":{"_acf_changed":false,"content-type":"","footnotes":""},"class_list":["post-48702","page","type-page","status-publish","hentry"],"acf":[],"_links":{"self":[{"href":"https:\/\/bp2.yoho.pl\/cs\/wp-json\/wp\/v2\/pages\/48702","targetHints":{"allow":["GET"]}}],"collection":[{"href":"https:\/\/bp2.yoho.pl\/cs\/wp-json\/wp\/v2\/pages"}],"about":[{"href":"https:\/\/bp2.yoho.pl\/cs\/wp-json\/wp\/v2\/types\/page"}],"author":[{"embeddable":true,"href":"https:\/\/bp2.yoho.pl\/cs\/wp-json\/wp\/v2\/users\/3"}],"replies":[{"embeddable":true,"href":"https:\/\/bp2.yoho.pl\/cs\/wp-json\/wp\/v2\/comments?post=48702"}],"version-history":[{"count":0,"href":"https:\/\/bp2.yoho.pl\/cs\/wp-json\/wp\/v2\/pages\/48702\/revisions"}],"wp:attachment":[{"href":"https:\/\/bp2.yoho.pl\/cs\/wp-json\/wp\/v2\/media?parent=48702"}],"curies":[{"name":"wp","href":"https:\/\/api.w.org\/{rel}","templated":true}]}}