{"id":49170,"date":"2022-08-12T14:53:11","date_gmt":"2022-08-12T12:53:11","guid":{"rendered":"https:\/\/bp2.yoho.pl\/podstawowe-funkcje-systemu-eprofil\/"},"modified":"2022-12-28T13:52:50","modified_gmt":"2022-12-28T12:52:50","slug":"podstawowe-funkcje-systemu-eprofil","status":"publish","type":"page","link":"https:\/\/bp2.yoho.pl\/cs\/podstawowe-funkcje-systemu-eprofil\/","title":{"rendered":"eProfil \u2013 Z\u00e1kladn\u00ed funkce syst\u00e9mu"},"content":{"rendered":"\n<div class=\"wp-block-group is-style-with-b2-background\"><div class=\"wp-block-group__inner-container is-layout-flow wp-block-group-is-layout-flow\">\n<div style=\"height:100px\" aria-hidden=\"true\" class=\"wp-block-spacer is-style-small-spacer\"><\/div>\n\n\n\n<p class=\"has-text-align-center noMarginBottom has-red-color has-text-color\"><strong>EXISTUJ\u00cd V\u011aCI, KTER\u00c9 MUS\u00cd B\u00ddT FUNK\u010cN\u00cd<\/strong><\/p><div id=\"ez-toc-container\" class=\"ez-toc-v2_0_73 ez-toc-wrap-center counter-hierarchy ez-toc-counter ez-toc-transparent ez-toc-container-direction\">\n<div class=\"ez-toc-title-container\">\n<p class=\"ez-toc-title\" style=\"cursor:inherit\">Table of Contents<\/p>\n<span class=\"ez-toc-title-toggle\"><a href=\"#\" class=\"ez-toc-pull-right ez-toc-btn ez-toc-btn-xs ez-toc-btn-default ez-toc-toggle\" aria-label=\"Toggle Table of Content\"><span class=\"ez-toc-js-icon-con\"><span class=\"\"><span class=\"eztoc-hide\" style=\"display:none;\">Toggle<\/span><span class=\"ez-toc-icon-toggle-span\"><svg style=\"fill: #999;color:#999\" xmlns=\"http:\/\/www.w3.org\/2000\/svg\" class=\"list-377408\" width=\"20px\" height=\"20px\" viewBox=\"0 0 24 24\" fill=\"none\"><path d=\"M6 6H4v2h2V6zm14 0H8v2h12V6zM4 11h2v2H4v-2zm16 0H8v2h12v-2zM4 16h2v2H4v-2zm16 0H8v2h12v-2z\" fill=\"currentColor\"><\/path><\/svg><svg style=\"fill: #999;color:#999\" class=\"arrow-unsorted-368013\" xmlns=\"http:\/\/www.w3.org\/2000\/svg\" width=\"10px\" height=\"10px\" viewBox=\"0 0 24 24\" version=\"1.2\" baseProfile=\"tiny\"><path d=\"M18.2 9.3l-6.2-6.3-6.2 6.3c-.2.2-.3.4-.3.7s.1.5.3.7c.2.2.4.3.7.3h11c.3 0 .5-.1.7-.3.2-.2.3-.5.3-.7s-.1-.5-.3-.7zM5.8 14.7l6.2 6.3 6.2-6.3c.2-.2.3-.5.3-.7s-.1-.5-.3-.7c-.2-.2-.4-.3-.7-.3h-11c-.3 0-.5.1-.7.3-.2.2-.3.5-.3.7s.1.5.3.7z\"\/><\/svg><\/span><\/span><\/span><\/a><\/span><\/div>\n<nav><ul class='ez-toc-list ez-toc-list-level-1 ' ><li class='ez-toc-page-1 ez-toc-heading-level-2'><a class=\"ez-toc-link ez-toc-heading-1\" href=\"https:\/\/bp2.yoho.pl\/cs\/podstawowe-funkcje-systemu-eprofil\/#FUNKCJE_SYSTEMU_%E2%80%93_EPROFIL\" title=\"FUNKCJE SYSTEMU \u2013 EPROFIL\">FUNKCJE SYSTEMU \u2013 EPROFIL<\/a><\/li><li class='ez-toc-page-1 ez-toc-heading-level-2'><a class=\"ez-toc-link ez-toc-heading-2\" href=\"https:\/\/bp2.yoho.pl\/cs\/podstawowe-funkcje-systemu-eprofil\/#Internetovy_zakaznicky_servis_%E2%80%93_eProfil\" title=\"Internetov\u00fd z\u00e1kaznick\u00fd servis \u2013 eProfil\">Internetov\u00fd z\u00e1kaznick\u00fd servis \u2013 eProfil<\/a><\/li><li class='ez-toc-page-1 ez-toc-heading-level-2'><a class=\"ez-toc-link ez-toc-heading-3\" href=\"https:\/\/bp2.yoho.pl\/cs\/podstawowe-funkcje-systemu-eprofil\/#Zakladni_funkce_systemu_%E2%80%93_eProfil\" title=\"Z\u00e1kladn\u00ed funkce syst\u00e9mu \u2013 eProfil\">Z\u00e1kladn\u00ed funkce syst\u00e9mu \u2013 eProfil<\/a><ul class='ez-toc-list-level-4' ><li class='ez-toc-heading-level-4'><ul class='ez-toc-list-level-4' ><li class='ez-toc-heading-level-4'><a class=\"ez-toc-link ez-toc-heading-4\" href=\"https:\/\/bp2.yoho.pl\/cs\/podstawowe-funkcje-systemu-eprofil\/#Zakladni_funkce_dostupne_v_systemu\" title=\"Z\u00e1kladn\u00ed funkce dostupn\u00e9 v syst\u00e9mu:\">Z\u00e1kladn\u00ed funkce dostupn\u00e9 v syst\u00e9mu:<\/a><\/li><\/ul><\/li><\/ul><\/li><li class='ez-toc-page-1 ez-toc-heading-level-2'><a class=\"ez-toc-link ez-toc-heading-5\" href=\"https:\/\/bp2.yoho.pl\/cs\/podstawowe-funkcje-systemu-eprofil\/#Dostupne_z_kazdeho_zarizeni\" title=\"Dostupn\u00e9 z ka\u017ed\u00e9ho za\u0159\u00edzen\u00ed\">Dostupn\u00e9 z ka\u017ed\u00e9ho za\u0159\u00edzen\u00ed<\/a><\/li><\/ul><\/nav><\/div>\n\n\n\n\n<h2 class=\"has-text-align-center noMarginTop noMarginBottom is-style-h1 wp-block-heading\" style=\"font-size:3.5em\"><span class=\"ez-toc-section\" id=\"FUNKCJE_SYSTEMU_%E2%80%93_EPROFIL\"><\/span>FUNKCJE SYSTEMU \u2013 EPROFIL<span class=\"ez-toc-section-end\"><\/span><\/h2>\n\n\n\n<div style=\"height:100px\" aria-hidden=\"true\" class=\"wp-block-spacer is-style-small-spacer\"><\/div>\n\n\n\n<div class=\"wp-block-group\"><div class=\"wp-block-group__inner-container is-layout-flow wp-block-group-is-layout-flow\">\n<div style=\"height:100px\" aria-hidden=\"true\" class=\"wp-block-spacer is-style-small-spacer\"><\/div>\n\n\n\r\n<div class=\"section__data\" data-section=\"eProfil\"><\/div>\n\n\n<div class=\"wp-block-columns is-style-grid fade-in is-layout-flex wp-container-core-columns-is-layout-9d6595d7 wp-block-columns-is-layout-flex\">\n<div class=\"wp-block-column is-layout-flow wp-block-column-is-layout-flow\">\n<div class=\"wp-block-cover is-light is-style-full-height\"><span aria-hidden=\"true\" class=\"wp-block-cover__background has-background-dim-0 has-background-dim\"><\/span><img fetchpriority=\"high\" decoding=\"async\" width=\"1306\" height=\"1864\" class=\"wp-block-cover__image-background wp-image-15214\" alt=\"\" src=\"https:\/\/bp2.yoho.pl\/wp-content\/uploads\/2022\/08\/eprofil-mockup-pc-final.jpg\" style=\"object-position:50% 43%\" data-object-fit=\"cover\" data-object-position=\"50% 43%\" srcset=\"https:\/\/bp2.yoho.pl\/wp-content\/uploads\/2022\/08\/eprofil-mockup-pc-final.jpg 1306w, https:\/\/bp2.yoho.pl\/wp-content\/uploads\/2022\/08\/eprofil-mockup-pc-final-673x960.jpg 673w, https:\/\/bp2.yoho.pl\/wp-content\/uploads\/2022\/08\/eprofil-mockup-pc-final-717x1024.jpg 717w, https:\/\/bp2.yoho.pl\/wp-content\/uploads\/2022\/08\/eprofil-mockup-pc-final-768x1096.jpg 768w, https:\/\/bp2.yoho.pl\/wp-content\/uploads\/2022\/08\/eprofil-mockup-pc-final-1076x1536.jpg 1076w\" sizes=\"(max-width: 1306px) 100vw, 1306px\" \/><div class=\"wp-block-cover__inner-container is-layout-flow wp-block-cover-is-layout-flow\">\n<p class=\"has-text-align-center\"><\/p>\n<\/div><\/div>\n<\/div>\n\n\n\n<div class=\"wp-block-column is-layout-flow wp-block-column-is-layout-flow\">\n<div class=\"wp-block-cover is-light is-style-full-width wp-duotone-8c00b7-fcff41-1\"><span aria-hidden=\"true\" class=\"wp-block-cover__background has-dark-gray-background-color has-background-dim-100 has-background-dim\"><\/span><div class=\"wp-block-cover__inner-container is-layout-flow wp-block-cover-is-layout-flow\">\n<figure class=\"wp-block-image is-resized\" style=\"padding-bottom: 20px;\"><img decoding=\"async\" class=\"wp-image-12025\" src=\"https:\/\/bp2.yoho.pl\/wp-content\/uploads\/\/eProfil.svg\" alt=\"\" width=\"150\" height=\"auto\"><\/figure>\n\n\n\n<h2 class=\"is-style-h3 wp-block-heading\" id=\"eprofil\"><span class=\"ez-toc-section\" id=\"Internetovy_zakaznicky_servis_%E2%80%93_eProfil\"><\/span><strong>Internetov\u00fd z\u00e1kaznick\u00fd servis \u2013 eProfil<\/strong><span class=\"ez-toc-section-end\"><\/span><\/h2>\n\n\n\n<p>Abychom zajistili z\u00e1kazn\u00edk\u016fm <strong>BP2<\/strong> nejkvalitn\u011bj\u0161\u00ed obsluhu a mo\u017enost rychl\u00e9ho v\u00fdpo\u010dtu nezbytn\u00e9ho mno\u017estv\u00ed materi\u00e1lu, vytvo\u0159ili jsme internetovou platformu<strong> <a rel=\"noreferrer noopener\" href=\"https:\/\/eprofil.bp2.eu\/xpertis\/prv\/view\/0x1d9be00\" data-type=\"URL\" data-id=\"https:\/\/eprofil.bp2.eu\/xpertis\/prv\/view\/0x1d9be00\" target=\"_blank\">eProfil<\/a><\/strong> k spr\u00e1v\u011b zak\u00e1zek, kter\u00e1 je dostupn\u00e1 z \u00farovn\u011b jak\u00e9hokoliv mobiln\u00edho za\u0159\u00edzen\u00ed. <\/p>\n\n\n\n<p>Umo\u017e\u0148uje snadn\u00e9 pod\u00e1n\u00ed objedn\u00e1vky a p\u0159\u00edpravu nab\u00eddky, t\u00e9m\u011b\u0159 neomezenou kontrolu nad podanou objedn\u00e1vkou a platbami. Umo\u017e\u0148uje ov\u011b\u0159it f\u00e1zi realizace, lokalizovat p\u0159epravovan\u00fd v\u00fdrobek na map\u011b v re\u00e1ln\u00e9m \u010dase a kontrolovat z\u016fstatek, platby a historii transakc\u00ed. <strong><a href=\"https:\/\/eprofil.bp2.eu\/xpertis\/prv\/view\/0x1d9be00\" data-type=\"URL\" data-id=\"https:\/\/eprofil.bp2.eu\/xpertis\/prv\/view\/0x1d9be00\" target=\"_blank\" rel=\"noreferrer noopener\">eProfil<\/a><\/strong> zaji\u0161\u0165uje tak\u00e9 p\u0159\u00edstup k aktu\u00e1ln\u00edm cen\u00edk\u016fm a akc\u00edm, a tak\u00e9 mo\u017enost snadn\u00e9ho vytvo\u0159en\u00ed cenov\u00e9ho odhadu pro koncov\u00e9ho z\u00e1kazn\u00edka.<\/p>\n\n\n\n<a href=\"https:\/\/eprofil.bp2.eu\/xpertis\/cs\"  class=\"button button--red \">P\u0158IHL\u00c1SIT SE DO SYST\u00c9MU<\/a><\/div><\/div>\n<\/div>\n<\/div>\n\n\n\n<div class=\"wp-block-columns is-style-grid fade-in is-layout-flex wp-container-core-columns-is-layout-9d6595d7 wp-block-columns-is-layout-flex\">\n<div class=\"wp-block-column is-layout-flow wp-block-column-is-layout-flow\">\n<div class=\"wp-block-cover is-light is-style-full-width wp-duotone-8c00b7-fcff41-2\"><span aria-hidden=\"true\" class=\"wp-block-cover__background has-dark-gray-background-color has-background-dim-100 has-background-dim\"><\/span><div class=\"wp-block-cover__inner-container is-layout-flow wp-block-cover-is-layout-flow\">\n<h2 class=\"is-style-h3 wp-block-heading\"><span class=\"ez-toc-section\" id=\"Zakladni_funkce_systemu_%E2%80%93_eProfil\"><\/span><strong>Z\u00e1kladn\u00ed funkce syst\u00e9mu \u2013 eProfil<\/strong><span class=\"ez-toc-section-end\"><\/span><\/h2>\n\n\n\n<p>N\u00e1\u0161 servis p\u0159edstavuje interaktivn\u00ed platformu v\u00fdm\u011bny dat umo\u017e\u0148uj\u00edc\u00ed rychl\u00fd a intuitivn\u00ed p\u0159\u00edstup k informac\u00edm nezbytn\u00fdm k profesion\u00e1ln\u00ed obsluze.<\/p>\n\n\n\n<h4 class=\"wp-block-heading\"><span class=\"ez-toc-section\" id=\"Zakladni_funkce_dostupne_v_systemu\"><\/span>Z\u00e1kladn\u00ed funkce dostupn\u00e9 v syst\u00e9mu:<span class=\"ez-toc-section-end\"><\/span><\/h4>\n\n\n\n<div class=\"wp-block-group\"><div class=\"wp-block-group__inner-container is-layout-flow wp-block-group-is-layout-flow\">\n<div class=\"wp-block-columns is-not-stacked-on-mobile is-style-icon-and-text is-layout-flex wp-container-core-columns-is-layout-9d6595d7 wp-block-columns-is-layout-flex\">\n<div class=\"wp-block-column is-vertically-aligned-center is-layout-flow wp-block-column-is-layout-flow\"><div class=\"wp-block-image\">\n<figure class=\"alignright size-full is-resized\"><img decoding=\"async\" src=\"https:\/\/bp2.yoho.pl\/wp-content\/uploads\/2022\/12\/eprofil_PDF.svg\" alt=\"\" class=\"wp-image-46578\" width=\"140\" height=\"140\"\/><\/figure><\/div><\/div>\n\n\n\n<div class=\"wp-block-column is-vertically-aligned-center is-layout-flow wp-block-column-is-layout-flow\">\n<p class=\"has-text-align-left\">Aktu\u00e1ln\u00ed produktov\u00e9 cen\u00edky spole\u010dn\u011b s aktu\u00e1ln\u00edmi akcemi.<\/p>\n<\/div>\n<\/div>\n<\/div><\/div>\n\n\n\n<div class=\"wp-block-group\"><div class=\"wp-block-group__inner-container is-layout-flow wp-block-group-is-layout-flow\">\n<div class=\"wp-block-columns is-not-stacked-on-mobile is-style-icon-and-text is-layout-flex wp-container-core-columns-is-layout-9d6595d7 wp-block-columns-is-layout-flex\">\n<div class=\"wp-block-column is-vertically-aligned-center is-layout-flow wp-block-column-is-layout-flow\"><div class=\"wp-block-image\">\n<figure class=\"alignright size-large is-resized\"><img decoding=\"async\" src=\"https:\/\/bp2.yoho.pl\/wp-content\/uploads\/2022\/08\/zloz-zamowienie.svg\" alt=\"\" class=\"wp-image-44687\" width=\"176\" height=\"167\"\/><\/figure><\/div><\/div>\n\n\n\n<div class=\"wp-block-column is-vertically-aligned-center is-layout-flow wp-block-column-is-layout-flow\">\n<p class=\"has-text-align-left is-style-default\">Jednoduch\u00e9 a rychl\u00e9 zad\u00e1v\u00e1n\u00ed objedn\u00e1vek do syst\u00e9mu, kter\u00e9 v\u00fdrazn\u011b urychl\u00ed va\u0161i pr\u00e1ci.<\/p>\n<\/div>\n<\/div>\n<\/div><\/div>\n\n\n\n<div class=\"wp-block-group\"><div class=\"wp-block-group__inner-container is-layout-flow wp-block-group-is-layout-flow\">\n<div class=\"wp-block-columns is-not-stacked-on-mobile is-style-icon-and-text is-layout-flex wp-container-core-columns-is-layout-9d6595d7 wp-block-columns-is-layout-flex\">\n<div class=\"wp-block-column is-vertically-aligned-center is-layout-flow wp-block-column-is-layout-flow\"><div class=\"wp-block-image\">\n<figure class=\"alignright size-full is-resized\"><img loading=\"lazy\" decoding=\"async\" src=\"https:\/\/bp2.yoho.pl\/wp-content\/uploads\/2022\/12\/eprofil_profil.svg\" alt=\"\" class=\"wp-image-46564\" width=\"209\" height=\"209\"\/><\/figure><\/div><\/div>\n\n\n\n<div class=\"wp-block-column is-vertically-aligned-center is-layout-flow wp-block-column-is-layout-flow\">\n<p class=\"has-text-align-left\">Ve\u0161ker\u00e9 pot\u0159ebn\u00e9 informace o realizaci objedn\u00e1vky a platb\u011b jsou dostupn\u00e9 p\u0159\u00edmo v syst\u00e9mu.<\/p>\n<\/div>\n<\/div>\n<\/div><\/div>\n\n\n\n<div class=\"wp-block-group\"><div class=\"wp-block-group__inner-container is-layout-flow wp-block-group-is-layout-flow\">\n<div class=\"wp-block-columns is-not-stacked-on-mobile is-style-icon-and-text is-layout-flex wp-container-core-columns-is-layout-9d6595d7 wp-block-columns-is-layout-flex\">\n<div class=\"wp-block-column is-vertically-aligned-center is-layout-flow wp-block-column-is-layout-flow\"><div class=\"wp-block-image\">\n<figure class=\"alignright size-full is-resized\"><img loading=\"lazy\" decoding=\"async\" src=\"https:\/\/bp2.yoho.pl\/wp-content\/uploads\/2022\/12\/zloz-zamowienie_pop.svg\" alt=\"\" class=\"wp-image-46221\" width=\"233\" height=\"222\"\/><\/figure><\/div><\/div>\n\n\n\n<div class=\"wp-block-column is-vertically-aligned-center is-layout-flow wp-block-column-is-layout-flow\">\n<p class=\"has-text-align-left\">Propracovan\u00fd mechanismus sestavov\u00e1n\u00ed nab\u00eddek pro z\u00e1kazn\u00edky s mo\u017enost\u00ed personalizace a ud\u011blen\u00ed libovoln\u00e9 slevy.<\/p>\n<\/div>\n<\/div>\n<\/div><\/div>\n\n\n\n<div class=\"wp-block-group\"><div class=\"wp-block-group__inner-container is-layout-flow wp-block-group-is-layout-flow\">\n<div class=\"wp-block-columns is-not-stacked-on-mobile is-style-icon-and-text is-layout-flex wp-container-core-columns-is-layout-9d6595d7 wp-block-columns-is-layout-flex\">\n<div class=\"wp-block-column is-vertically-aligned-center is-layout-flow wp-block-column-is-layout-flow\"><div class=\"wp-block-image\">\n<figure class=\"alignright size-large is-resized\"><img loading=\"lazy\" decoding=\"async\" src=\"https:\/\/bp2.yoho.pl\/wp-content\/uploads\/2022\/12\/aplikacja122-1.svg\" alt=\"\" class=\"wp-image-50779\" width=\"214\" height=\"202\"\/><\/figure><\/div><\/div>\n\n\n\n<div class=\"wp-block-column is-vertically-aligned-center is-layout-flow wp-block-column-is-layout-flow\">\n<p class=\"has-text-align-left\">Specializovan\u00e1 aplikace pro optimalizaci va\u0161\u00ed st\u0159echy.<\/p>\n<\/div>\n<\/div>\n<\/div><\/div>\n\n\n\n<p>Nav\u0161tivte str\u00e1nku n\u00ed\u017ee, abyste se dozv\u011bd\u011bli v\u00edce o funkc\u00edch a \u010dinnosti na\u0161eho syst\u00e9mu.<\/p>\n\n\n\n<a href=\"https:\/\/bp2.yoho.pl\/podstawowe-funkcje-systemu-eprofil\/\"  class=\"button button--blackSpecial \">ZJISTIT V\u00cdCE O SYST\u00c9MU EPROFIL<\/a><\/div><\/div>\n<\/div>\n\n\n\n<div class=\"wp-block-column is-layout-flow wp-block-column-is-layout-flow\">\n<div class=\"wp-block-cover is-light is-style-full-height\"><span aria-hidden=\"true\" class=\"wp-block-cover__background has-background-dim-0 has-background-dim\"><\/span><img loading=\"lazy\" decoding=\"async\" width=\"1306\" height=\"1864\" class=\"wp-block-cover__image-background wp-image-15221\" alt=\"\" src=\"https:\/\/bp2.yoho.pl\/wp-content\/uploads\/2022\/08\/eprofil-mockup-funkcje.jpg\" style=\"object-position:51% 53%\" data-object-fit=\"cover\" data-object-position=\"51% 53%\" srcset=\"https:\/\/bp2.yoho.pl\/wp-content\/uploads\/2022\/08\/eprofil-mockup-funkcje.jpg 1306w, https:\/\/bp2.yoho.pl\/wp-content\/uploads\/2022\/08\/eprofil-mockup-funkcje-673x960.jpg 673w, https:\/\/bp2.yoho.pl\/wp-content\/uploads\/2022\/08\/eprofil-mockup-funkcje-717x1024.jpg 717w, https:\/\/bp2.yoho.pl\/wp-content\/uploads\/2022\/08\/eprofil-mockup-funkcje-768x1096.jpg 768w, https:\/\/bp2.yoho.pl\/wp-content\/uploads\/2022\/08\/eprofil-mockup-funkcje-1076x1536.jpg 1076w\" sizes=\"(max-width: 1306px) 100vw, 1306px\" \/><div class=\"wp-block-cover__inner-container is-layout-flow wp-block-cover-is-layout-flow\">\n<p class=\"has-text-align-center\"><\/p>\n<\/div><\/div>\n<\/div>\n<\/div>\n<\/div><\/div>\n<\/div><\/div>\n\n\n\n<div class=\"wp-block-group is-style-narrower-group\"><div class=\"wp-block-group__inner-container is-layout-flow wp-block-group-is-layout-flow\">\n<p class=\"has-text-align-center\" style=\"font-size:22px\">Prozkoumejte dostupn\u00e9 funkce na\u0161eho syst\u00e9mu a zjist\u011bte, jak\u00e9 mo\u017enosti nab\u00edz\u00ed. Snadno pou\u017eiteln\u00e1 a intuitivn\u00ed platforma v\u00e1m usnadn\u00ed dosa\u017een\u00ed c\u00edle va\u0161\u00ed spole\u010dnosti.<\/p>\n<\/div><\/div>\n\n\n\n<div class=\"wp-block-group\"><div class=\"wp-block-group__inner-container is-layout-flow wp-block-group-is-layout-flow\">\n<div style=\"height:100px\" aria-hidden=\"true\" class=\"wp-block-spacer is-style-smaller-spacer\"><\/div>\n<\/div><\/div>\n\n\n\n\n\n<div class=\"wp-block-group\"><div class=\"wp-block-group__inner-container is-layout-flow wp-block-group-is-layout-flow\">\n<div class=\"wp-block-columns is-style-grid fade-in is-layout-flex wp-container-core-columns-is-layout-9d6595d7 wp-block-columns-is-layout-flex\">\n<div class=\"wp-block-column is-layout-flow wp-block-column-is-layout-flow\">\n<div class=\"wp-block-cover is-light is-style-full-width wp-duotone-8c00b7-fcff41-3\"><span aria-hidden=\"true\" class=\"wp-block-cover__background has-dark-gray-background-color has-background-dim-100 has-background-dim\"><\/span><div class=\"wp-block-cover__inner-container is-layout-flow wp-block-cover-is-layout-flow\">\r\n<div class=\"section__data\" data-section=\"Dostupn\u00e9 z ka\u017ed\u00e9ho za\u0159\u00edzen\u00ed\"><\/div>\n\n\n<h2 class=\"is-style-h3 wp-block-heading\" id=\"eprofil\"><span class=\"ez-toc-section\" id=\"Dostupne_z_kazdeho_zarizeni\"><\/span><strong>Dostupn\u00e9 z ka\u017ed\u00e9ho za\u0159\u00edzen\u00ed<\/strong><span class=\"ez-toc-section-end\"><\/span><\/h2>\n\n\n\n<p>V sou\u010dasn\u00e9 dob\u011b v\u00edme, jak d\u016fle\u017eit\u00fdm faktorem pro na\u0161e distributory je \u010das a okam\u017eit\u00e1 dostupnost pracovn\u00edch n\u00e1stroj\u016f, proto kl\u00ed\u010dovou funkcionalitou na\u0161eho syst\u00e9mu je jeho mobilita. <\/p>\n\n\n\n<p>V sou\u010dasn\u00e9 dob\u011b v\u00edme, jak d\u016fle\u017eit\u00fdm faktorem pro na\u0161e distributory je \u010das a okam\u017eit\u00e1 dostupnost pracovn\u00edch n\u00e1stroj\u016f, proto kl\u00ed\u010dovou funkcionalitou na\u0161eho syst\u00e9mu je jeho mobilita.<\/p>\n\n\n\n<a href=\"https:\/\/eprofil.bp2.eu\/xpertis\/pl\" target=\"_blank\" class=\"button button--red \">P\u0158IHLASTE SE DO SYST\u00c9MU<\/a><\/div><\/div>\n<\/div>\n\n\n\n<div class=\"wp-block-column is-layout-flow wp-block-column-is-layout-flow\">\n<div class=\"wp-block-cover is-light is-style-full-height\"><span aria-hidden=\"true\" class=\"wp-block-cover__background has-background-dim-0 has-background-dim\"><\/span><img loading=\"lazy\" decoding=\"async\" width=\"1306\" height=\"1864\" class=\"wp-block-cover__image-background wp-image-29820\" alt=\"\" src=\"https:\/\/bp2.yoho.pl\/wp-content\/uploads\/2022\/09\/eprofil-aplikacja-mobilna.jpg\" style=\"object-position:50% 43%\" data-object-fit=\"cover\" data-object-position=\"50% 43%\" srcset=\"https:\/\/bp2.yoho.pl\/wp-content\/uploads\/2022\/09\/eprofil-aplikacja-mobilna.jpg 1306w, https:\/\/bp2.yoho.pl\/wp-content\/uploads\/2022\/09\/eprofil-aplikacja-mobilna-673x960.jpg 673w, https:\/\/bp2.yoho.pl\/wp-content\/uploads\/2022\/09\/eprofil-aplikacja-mobilna-717x1024.jpg 717w, https:\/\/bp2.yoho.pl\/wp-content\/uploads\/2022\/09\/eprofil-aplikacja-mobilna-768x1096.jpg 768w, https:\/\/bp2.yoho.pl\/wp-content\/uploads\/2022\/09\/eprofil-aplikacja-mobilna-1076x1536.jpg 1076w\" sizes=\"(max-width: 1306px) 100vw, 1306px\" \/><div class=\"wp-block-cover__inner-container is-layout-flow wp-block-cover-is-layout-flow\">\n<p class=\"has-text-align-center\"><\/p>\n<\/div><\/div>\n<\/div>\n<\/div>\n<\/div><\/div>\n","protected":false},"excerpt":{"rendered":"<p>EXISTUJ\u00cd V\u011aCI, KTER\u00c9 MUS\u00cd B\u00ddT FUNK\u010cN\u00cd FUNKCJE SYSTEMU \u2013 EPROFIL Prozkoumejte dostupn\u00e9 funkce na\u0161eho syst\u00e9mu a zjist\u011bte, jak\u00e9 mo\u017enosti nab\u00edz\u00ed. Snadno pou\u017eiteln\u00e1 a intuitivn\u00ed platforma v\u00e1m usnadn\u00ed dosa\u017een\u00ed c\u00edle va\u0161\u00ed spole\u010dnosti.<\/p>\n","protected":false},"author":6,"featured_media":0,"parent":0,"menu_order":80,"comment_status":"closed","ping_status":"closed","template":"","meta":{"_acf_changed":false,"content-type":"","footnotes":""},"class_list":["post-49170","page","type-page","status-publish","hentry"],"acf":[],"_links":{"self":[{"href":"https:\/\/bp2.yoho.pl\/cs\/wp-json\/wp\/v2\/pages\/49170","targetHints":{"allow":["GET"]}}],"collection":[{"href":"https:\/\/bp2.yoho.pl\/cs\/wp-json\/wp\/v2\/pages"}],"about":[{"href":"https:\/\/bp2.yoho.pl\/cs\/wp-json\/wp\/v2\/types\/page"}],"author":[{"embeddable":true,"href":"https:\/\/bp2.yoho.pl\/cs\/wp-json\/wp\/v2\/users\/6"}],"replies":[{"embeddable":true,"href":"https:\/\/bp2.yoho.pl\/cs\/wp-json\/wp\/v2\/comments?post=49170"}],"version-history":[{"count":0,"href":"https:\/\/bp2.yoho.pl\/cs\/wp-json\/wp\/v2\/pages\/49170\/revisions"}],"wp:attachment":[{"href":"https:\/\/bp2.yoho.pl\/cs\/wp-json\/wp\/v2\/media?parent=49170"}],"curies":[{"name":"wp","href":"https:\/\/api.w.org\/{rel}","templated":true}]}}