{"id":62136,"date":"2022-03-28T14:14:19","date_gmt":"2022-03-28T12:14:19","guid":{"rendered":"https:\/\/bp2.yoho.pl\/architekci\/"},"modified":"2023-06-29T13:23:30","modified_gmt":"2023-06-29T11:23:30","slug":"architekten","status":"publish","type":"page","link":"https:\/\/bp2.yoho.pl\/de\/architekten\/","title":{"rendered":"Architekten"},"content":{"rendered":"\n<div class=\"wp-block-group is-style-with-b2-background\"><div class=\"wp-block-group__inner-container is-layout-flow wp-block-group-is-layout-flow\">\n<div style=\"height:100px\" aria-hidden=\"true\" class=\"wp-block-spacer is-style-small-spacer\"><\/div>\n\n\n\n<p class=\"has-text-align-center noMarginBottom has-red-color has-text-color\"><strong><strong>LEICHT ZUG\u00c4NGLICHE WERKZEUGE F\u00dcR BESSERES HANDLING<\/strong><\/strong><\/p><div id=\"ez-toc-container\" class=\"ez-toc-v2_0_73 ez-toc-wrap-center counter-hierarchy ez-toc-counter ez-toc-transparent ez-toc-container-direction\">\n<div class=\"ez-toc-title-container\">\n<p class=\"ez-toc-title\" style=\"cursor:inherit\">Table of Contents<\/p>\n<span class=\"ez-toc-title-toggle\"><a href=\"#\" class=\"ez-toc-pull-right ez-toc-btn ez-toc-btn-xs ez-toc-btn-default ez-toc-toggle\" aria-label=\"Toggle Table of Content\"><span class=\"ez-toc-js-icon-con\"><span class=\"\"><span class=\"eztoc-hide\" style=\"display:none;\">Toggle<\/span><span class=\"ez-toc-icon-toggle-span\"><svg style=\"fill: #999;color:#999\" xmlns=\"http:\/\/www.w3.org\/2000\/svg\" class=\"list-377408\" width=\"20px\" height=\"20px\" viewBox=\"0 0 24 24\" fill=\"none\"><path d=\"M6 6H4v2h2V6zm14 0H8v2h12V6zM4 11h2v2H4v-2zm16 0H8v2h12v-2zM4 16h2v2H4v-2zm16 0H8v2h12v-2z\" fill=\"currentColor\"><\/path><\/svg><svg style=\"fill: #999;color:#999\" class=\"arrow-unsorted-368013\" xmlns=\"http:\/\/www.w3.org\/2000\/svg\" width=\"10px\" height=\"10px\" viewBox=\"0 0 24 24\" version=\"1.2\" baseProfile=\"tiny\"><path d=\"M18.2 9.3l-6.2-6.3-6.2 6.3c-.2.2-.3.4-.3.7s.1.5.3.7c.2.2.4.3.7.3h11c.3 0 .5-.1.7-.3.2-.2.3-.5.3-.7s-.1-.5-.3-.7zM5.8 14.7l6.2 6.3 6.2-6.3c.2-.2.3-.5.3-.7s-.1-.5-.3-.7c-.2-.2-.4-.3-.7-.3h-11c-.3 0-.5.1-.7.3-.2.2-.3.5-.3.7s.1.5.3.7z\"\/><\/svg><\/span><\/span><\/span><\/a><\/span><\/div>\n<nav><ul class='ez-toc-list ez-toc-list-level-1 ' ><li class='ez-toc-page-1 ez-toc-heading-level-2'><a class=\"ez-toc-link ez-toc-heading-1\" href=\"https:\/\/bp2.yoho.pl\/de\/architekten\/#ARCHITEKTEN\" title=\"ARCHITEKTEN\">ARCHITEKTEN<\/a><\/li><li class='ez-toc-page-1 ez-toc-heading-level-2'><a class=\"ez-toc-link ez-toc-heading-2\" href=\"https:\/\/bp2.yoho.pl\/de\/architekten\/#BP2_BIM-BIBLIOTHEK\" title=\"BP2 BIM-BIBLIOTHEK\">BP2 BIM-BIBLIOTHEK<\/a><\/li><li class='ez-toc-page-1 ez-toc-heading-level-2'><a class=\"ez-toc-link ez-toc-heading-3\" href=\"https:\/\/bp2.yoho.pl\/de\/architekten\/#Was_ist_BIM\" title=\"Was ist BIM?\">Was ist BIM?<\/a><\/li><li class='ez-toc-page-1 ez-toc-heading-level-2'><a class=\"ez-toc-link ez-toc-heading-4\" href=\"https:\/\/bp2.yoho.pl\/de\/architekten\/#Plug-In_Revit_BP2\" title=\"Plug-In Revit BP2\">Plug-In Revit BP2<\/a><\/li><li class='ez-toc-page-1 ez-toc-heading-level-2'><a class=\"ez-toc-link ez-toc-heading-5\" href=\"https:\/\/bp2.yoho.pl\/de\/architekten\/#UeBER_UNS\" title=\"\u00dcBER UNS\">\u00dcBER UNS<\/a><\/li><li class='ez-toc-page-1 ez-toc-heading-level-2'><a class=\"ez-toc-link ez-toc-heading-6\" href=\"https:\/\/bp2.yoho.pl\/de\/architekten\/#MEISTERAKADEMIE\" title=\"MEISTERAKADEMIE\">MEISTERAKADEMIE<\/a><\/li><li class='ez-toc-page-1 ez-toc-heading-level-2'><a class=\"ez-toc-link ez-toc-heading-7\" href=\"https:\/\/bp2.yoho.pl\/de\/architekten\/#QUALITAeTSLABOR\" title=\"QUALIT\u00c4TSLABOR\">QUALIT\u00c4TSLABOR<\/a><\/li><\/ul><\/nav><\/div>\n\n\n\n\n<h2 class=\"wp-block-heading has-text-align-center noMarginTop noMarginBottom is-style-h1\" style=\"font-size:3.5em\"><span class=\"ez-toc-section\" id=\"ARCHITEKTEN\"><\/span><strong>ARCHITEKTEN<\/strong><span class=\"ez-toc-section-end\"><\/span><\/h2>\n\n\n\n<div style=\"height:100px\" aria-hidden=\"true\" class=\"wp-block-spacer is-style-small-spacer\"><\/div>\n<\/div><\/div>\n\n\n\n<div class=\"wp-block-group is-style-narrower-group\"><div class=\"wp-block-group__inner-container is-layout-flow wp-block-group-is-layout-flow\">\n<p class=\"has-text-align-center\" style=\"font-size:22px\">Liebe Architekten, wir sind uns bewusst, wie wichtig die richtigen Werkzeuge, wie die richtigen Werkzeuge die Arbeit erleichtern k\u00f6nnen. Als Hersteller von umfassenden L\u00f6sungen f\u00fcr die Bauindustrie m\u00f6chten wir sicherstellen, dass wir Ihren Anforderungen gerecht werden. In dieser Kategorie bem\u00fchen wir uns, Ihnen alles zur Verf\u00fcgung zu stellen, was Sie f\u00fcr Ihr Projekt ben\u00f6tigen.<\/p>\n<\/div><\/div>\n\n\n\n<div class=\"wp-block-group\"><div class=\"wp-block-group__inner-container is-layout-flow wp-block-group-is-layout-flow\">\n<div class=\"wp-block-group alignCenter\"><div class=\"wp-block-group__inner-container is-layout-flow wp-block-group-is-layout-flow\">\n<a href=\"#BIM-Bibliothek\"  class=\"button button--red \">ZUR BIM-BIBLIOTHEK<\/a><\/div><\/div>\n\n\n\n<div style=\"height:100px\" aria-hidden=\"true\" class=\"wp-block-spacer is-style-small-spacer\"><\/div>\n\n\n\n<div class=\"wp-block-columns is-style-grid fade-in is-layout-flex wp-container-core-columns-is-layout-9d6595d7 wp-block-columns-is-layout-flex\">\n<div class=\"wp-block-column is-layout-flow wp-block-column-is-layout-flow\">\n<div class=\"wp-block-cover is-style-full-height\"><span aria-hidden=\"true\" class=\"wp-block-cover__background has-background-dim-0 has-background-dim\"><\/span><img fetchpriority=\"high\" decoding=\"async\" width=\"1537\" height=\"1000\" class=\"wp-block-cover__image-background wp-image-6375\" alt=\"\" src=\"https:\/\/bp2.yoho.pl\/wp-content\/uploads\/2022\/03\/BIM_cmyk_250_sp.jpg\" data-object-fit=\"cover\" srcset=\"https:\/\/bp2.yoho.pl\/wp-content\/uploads\/2022\/03\/BIM_cmyk_250_sp.jpg 1537w, https:\/\/bp2.yoho.pl\/wp-content\/uploads\/2022\/03\/BIM_cmyk_250_sp-820x534.jpg 820w, https:\/\/bp2.yoho.pl\/wp-content\/uploads\/2022\/03\/BIM_cmyk_250_sp-1024x666.jpg 1024w, https:\/\/bp2.yoho.pl\/wp-content\/uploads\/2022\/03\/BIM_cmyk_250_sp-768x500.jpg 768w\" sizes=\"(max-width: 1537px) 100vw, 1537px\" \/><div class=\"wp-block-cover__inner-container is-layout-flow wp-block-cover-is-layout-flow\">\n<p class=\"has-text-align-center\"><\/p>\n<\/div><\/div>\n<\/div>\n\n\n\n<div class=\"wp-block-column is-vertically-aligned-top is-layout-flow wp-block-column-is-layout-flow\">\n<div class=\"wp-block-cover is-light is-style-full-width\"><span aria-hidden=\"true\" class=\"wp-block-cover__background has-dark-gray-background-color has-background-dim-100 has-background-dim\"><\/span><div class=\"wp-block-cover__inner-container is-layout-flow wp-block-cover-is-layout-flow\">\n<figure class=\"wp-block-image size-full is-resized\"><img decoding=\"async\" src=\"https:\/\/bp2.yoho.pl\/wp-content\/uploads\/2022\/07\/icon-bim.png\" alt=\"\" class=\"wp-image-11813\" width=\"60\" height=\"90\"\/><\/figure>\n\n\n\n<h2 class=\"wp-block-heading has-text-align-left is-style-h2 has-large-font-size\"><span class=\"ez-toc-section\" id=\"BP2_BIM-BIBLIOTHEK\"><\/span><strong><strong>BP2 BIM-BIBLIOTHEK<\/strong><\/strong><span class=\"ez-toc-section-end\"><\/span><\/h2>\n\n\n\n<p>Arbeiten Sie an einem Dachprojekt und suchen nach der vorteilhaftesten L\u00f6sung, die Ihren Anforderungen entspricht?<\/p>\n\n\n\n<p>Wir geben Ihnen die <strong>BP2-Bibliotheken<\/strong> f\u00fcr die Planung mit <strong>BIM<\/strong> in die Hand. Dank pr\u00e4ziser Modelle k\u00f6nnen Sie viel schneller und einfacher einen vollst\u00e4ndigen, detaillierten 3D-Entwurf erstellen.<\/p>\n\n\n\n<a href=\"#BIM-Bibliothek\"  class=\"button button--blackSpecial \">BIM-BIBLIOTHEK<\/a>\n\n\n<div style=\"height:100px\" aria-hidden=\"true\" class=\"wp-block-spacer is-style-smaller-spacer\"><\/div>\n\n\n\n<figure style=\"padding:10px;\" class=\"wp-block-image size-full is-resized\"><img decoding=\"async\" src=\"https:\/\/bp2.yoho.pl\/wp-content\/uploads\/2022\/07\/jak-korzystac.png\" alt=\"\" class=\"wp-image-11830\" width=\"90\" height=\"100\"><\/figure>\n\n\n\n<h2 class=\"wp-block-heading has-text-align-left is-style-h2 has-large-font-size\"><span class=\"ez-toc-section\" id=\"Was_ist_BIM\"><\/span><strong><strong>Was ist BIM?<\/strong><\/strong><span class=\"ez-toc-section-end\"><\/span><\/h2>\n\n\n\n<p class=\"has-text-align-left\"><strong>BIM<\/strong>, oder <strong>Building Information Modeling<\/strong>, ist eine digitale Darstellung der verschiedenen physischen und funktionalen Eigenschaften eines Geb\u00e4udes. F\u00fcr Planer, die mit Revit arbeiten und m\u00f6glicherweise nicht wissen, wie sie unsere vorbereiteten Objekte modellieren k\u00f6nnen, haben wir ein Anleitungsvideo bereitgestellt, das Sie bei der Verwendung unserer Produkte unterst\u00fctzt.<\/p>\n\n\n\n<a href=\"https:\/\/www.youtube.com\/watch?v=jkm3OrWIZfU\" target=\"_blank\" class=\"button button--blackSpecial \">FILM ANSEHEN<\/a><\/div><\/div>\n<\/div>\n<\/div>\n<\/div><\/div>\n\n\n\n<pre id=\"BIM-Bibliothek\" class=\"wp-block-code\"><code><\/code><\/pre>\n\n\n\r\n<div class=\"section__data\" data-section=\"BP2 BIM-BIBLIOTHEK\"><\/div>\n\n\n<div class=\"wp-block-group is-style-default\"><div class=\"wp-block-group__inner-container is-layout-flow wp-block-group-is-layout-flow\">\n<div style=\"height:100px\" aria-hidden=\"true\" class=\"wp-block-spacer is-style-small-spacer\"><\/div>\n\n\n\n<div class=\"wp-block-columns is-layout-flex wp-container-core-columns-is-layout-9d6595d7 wp-block-columns-is-layout-flex\">\n<div class=\"wp-block-column is-style-default is-layout-flow wp-block-column-is-layout-flow\" style=\"flex-basis:100%\">\n<div style=\"position: relative; display: flex; justify-content: center;\">\n  <iframe style=\"display: block; width: 80%; height: 1000px; left: 0px; top: 0px;\" src=\"\/\/bimobject.com\/embed\/bp2\/privatecloud\/bp2-bimobject\" scrolling=\"auto\" frameborder=\"0\"><\/iframe>\n  <\/div>\n<\/div>\n<\/div>\n\n\n\n<div style=\"height:100px\" aria-hidden=\"true\" class=\"wp-block-spacer is-style-small-spacer\"><\/div>\n<\/div><\/div>\n\n\n\n<pre id=\"plugin-revit-bp2\" class=\"wp-block-code\"><code><\/code><\/pre>\n\n\n\n<div class=\"wp-block-group\"><div class=\"wp-block-group__inner-container is-layout-flow wp-block-group-is-layout-flow\">\r\n<div class=\"section__data\" data-section=\"Plug-In Revit BP2\"><\/div>\n\n\n<div class=\"wp-block-columns is-style-grid fade-in is-layout-flex wp-container-core-columns-is-layout-9d6595d7 wp-block-columns-is-layout-flex\">\n<div class=\"wp-block-column is-layout-flow wp-block-column-is-layout-flow\">\n<div class=\"wp-block-cover is-light is-style-full-height\"><span aria-hidden=\"true\" class=\"wp-block-cover__background has-background-dim-0 has-background-dim\"><\/span><img loading=\"lazy\" decoding=\"async\" width=\"1306\" height=\"1864\" class=\"wp-block-cover__image-background wp-image-11856\" alt=\"\" src=\"https:\/\/bp2.yoho.pl\/wp-content\/uploads\/2022\/07\/bim-block-left-right.jpg\" data-object-fit=\"cover\" srcset=\"https:\/\/bp2.yoho.pl\/wp-content\/uploads\/2022\/07\/bim-block-left-right.jpg 1306w, https:\/\/bp2.yoho.pl\/wp-content\/uploads\/2022\/07\/bim-block-left-right-673x960.jpg 673w, https:\/\/bp2.yoho.pl\/wp-content\/uploads\/2022\/07\/bim-block-left-right-717x1024.jpg 717w, https:\/\/bp2.yoho.pl\/wp-content\/uploads\/2022\/07\/bim-block-left-right-768x1096.jpg 768w, https:\/\/bp2.yoho.pl\/wp-content\/uploads\/2022\/07\/bim-block-left-right-1076x1536.jpg 1076w\" sizes=\"(max-width: 1306px) 100vw, 1306px\" \/><div class=\"wp-block-cover__inner-container is-layout-flow wp-block-cover-is-layout-flow\">\n<p class=\"has-text-align-center\"><\/p>\n<\/div><\/div>\n<\/div>\n\n\n\n<div class=\"wp-block-column is-vertically-aligned-top is-layout-flow wp-block-column-is-layout-flow\">\n<div class=\"wp-block-cover is-light is-style-full-width\"><span aria-hidden=\"true\" class=\"wp-block-cover__background has-dark-gray-background-color has-background-dim-100 has-background-dim\"><\/span><div class=\"wp-block-cover__inner-container is-layout-flow wp-block-cover-is-layout-flow\">\n<figure class=\"wp-block-image size-full is-resized\"><img loading=\"lazy\" decoding=\"async\" src=\"https:\/\/bp2.yoho.pl\/wp-content\/uploads\/2022\/07\/plugin-bp2.png\" alt=\"\" class=\"wp-image-11884\" width=\"115\" height=\"105\"\/><\/figure>\n\n\n\n<h2 class=\"wp-block-heading is-style-h3\" id=\"plugin-revit\"><span class=\"ez-toc-section\" id=\"Plug-In_Revit_BP2\"><\/span><strong>Plug-In Revit BP2<\/strong><span class=\"ez-toc-section-end\"><\/span><\/h2>\n\n\n\n<p>Die innovativen Funktionen des <strong>Revit Plug-Ins von BP2<\/strong> tragen dazu bei, die Planungszeit zu verk\u00fcrzen und Planungsfehler zu vermeiden.<\/p>\n\n\n\n<p>Mit unserem Plug-In wird das Planen einfach und unterhaltsam, und Sie ben\u00f6tigen nur minimalen Zeitaufwand!<\/p>\n\n\n\n<p><strong><strong>Laden Sie das Plug-In herunter und arbeiten Sie mit der BP2-Produktbibliothek direkt im Programm.<\/strong><\/strong><\/p>\n\n\n\n<a href=\"https:\/\/cloud.bp2.pl\/s\/LZHW99qXfCzzrne\" target=\"_blank\" class=\"button button--blackSpecial \">PLUGIN HERUNTERLADEN]<\/a><\/div><\/div>\n\n\n\n<div class=\"wp-block-group\"><div class=\"wp-block-group__inner-container is-layout-flow wp-block-group-is-layout-flow\"><\/div><\/div>\n<\/div>\n<\/div>\n<\/div><\/div>\n\n\n\n<div class=\"wp-block-group has-dark-gray-background-color has-background\"><div class=\"wp-block-group__inner-container is-layout-flow wp-block-group-is-layout-flow\">\n<div style=\"height:100px\" aria-hidden=\"true\" class=\"wp-block-spacer is-style-small-spacer\"><\/div>\n\n\n\n<div class=\"wp-block-columns is-style-grid is-layout-flex wp-container-core-columns-is-layout-9d6595d7 wp-block-columns-is-layout-flex\">\n<div class=\"wp-block-column is-layout-flow wp-block-column-is-layout-flow\">\n<div class=\"wp-block-cover is-style-content-from-bottom\"><span aria-hidden=\"true\" class=\"wp-block-cover__background has-background-dim\"><\/span><img loading=\"lazy\" decoding=\"async\" width=\"1920\" height=\"1280\" class=\"wp-block-cover__image-background wp-image-6794\" alt=\"\" src=\"https:\/\/bp2.yoho.pl\/wp-content\/uploads\/2022\/03\/bp2_skrin_realizacja-5.jpg\" data-object-fit=\"cover\" srcset=\"https:\/\/bp2.yoho.pl\/wp-content\/uploads\/2022\/03\/bp2_skrin_realizacja-5.jpg 1920w, https:\/\/bp2.yoho.pl\/wp-content\/uploads\/2022\/03\/bp2_skrin_realizacja-5-820x547.jpg 820w, https:\/\/bp2.yoho.pl\/wp-content\/uploads\/2022\/03\/bp2_skrin_realizacja-5-1024x683.jpg 1024w, https:\/\/bp2.yoho.pl\/wp-content\/uploads\/2022\/03\/bp2_skrin_realizacja-5-768x512.jpg 768w, https:\/\/bp2.yoho.pl\/wp-content\/uploads\/2022\/03\/bp2_skrin_realizacja-5-1536x1024.jpg 1536w\" sizes=\"(max-width: 1920px) 100vw, 1920px\" \/><div class=\"wp-block-cover__inner-container is-layout-flow wp-block-cover-is-layout-flow\">\n<div style=\"height:100px\" aria-hidden=\"true\" class=\"wp-block-spacer is-style-medium-spacer\"><\/div>\n\n\n\n<h2 class=\"is-style-h3 wp-block-heading\"><span class=\"ez-toc-section\" id=\"UeBER_UNS\"><\/span><strong><strong><strong>\u00dcBER UNS<\/strong><\/strong><\/strong><span class=\"ez-toc-section-end\"><\/span><\/h2>\n\n\n\n<p>Menschen, Beziehungen, Technologie, Qualit\u00e4t.<\/p>\n\n\n\n<div class=\"wp-block-group\"><div class=\"wp-block-group__inner-container is-layout-flow wp-block-group-is-layout-flow\">\n<a href=\"http:\/\/bp2.yoho.pl\/de\/uber-uns\"  class=\"button button--red \">ERFAHREN SIE MEHR \u00dcBER BP2<\/a><\/div><\/div>\n<\/div><\/div>\n<\/div>\n\n\n\n<div class=\"wp-block-column is-layout-flow wp-block-column-is-layout-flow\">\n<div class=\"wp-block-cover is-style-content-from-bottom\"><span aria-hidden=\"true\" class=\"wp-block-cover__background has-background-dim\"><\/span><img loading=\"lazy\" decoding=\"async\" width=\"526\" height=\"534\" class=\"wp-block-cover__image-background wp-image-5514\" alt=\"\" src=\"https:\/\/bp2.yoho.pl\/wp-content\/uploads\/2022\/03\/MASTER-ROOFER_01-07-2021-23.png\" data-object-fit=\"cover\"\/><div class=\"wp-block-cover__inner-container is-layout-flow wp-block-cover-is-layout-flow\">\n<div style=\"height:100px\" aria-hidden=\"true\" class=\"wp-block-spacer is-style-medium-spacer\"><\/div>\n\n\n\n<h2 class=\"is-style-h3 wp-block-heading\"><span class=\"ez-toc-section\" id=\"MEISTERAKADEMIE\"><\/span><strong><strong><strong><strong><strong>MEISTERAKADEMIE<\/strong><\/strong><\/strong><\/strong><\/strong><span class=\"ez-toc-section-end\"><\/span><\/h2>\n\n\n\n<p>Eigenes Schulungsprogramm und Plattform f\u00fcr den Erfahrungsaustausch.<\/p>\n\n\n\n<div class=\"wp-block-group\"><div class=\"wp-block-group__inner-container is-layout-flow wp-block-group-is-layout-flow\">\n<a href=\"https:\/\/bp2.yoho.pl\/de\/dachdecker\/#meisterakademie\"  class=\"button button--red \">TRETEN SIE DER MEISTERAKADEMIE BEI<\/a><\/div><\/div>\n<\/div><\/div>\n<\/div>\n\n\n\n<div class=\"wp-block-column is-layout-flow wp-block-column-is-layout-flow\">\n<div class=\"wp-block-cover is-light is-style-content-from-bottom\"><span aria-hidden=\"true\" class=\"wp-block-cover__background has-background-dim\"><\/span><img loading=\"lazy\" decoding=\"async\" width=\"1500\" height=\"1000\" class=\"wp-block-cover__image-background wp-image-8474\" alt=\"\" src=\"https:\/\/bp2.yoho.pl\/wp-content\/uploads\/2022\/04\/BP2_LABORATORIUM_JAKOSCI-2-1.jpg\" data-object-fit=\"cover\" srcset=\"https:\/\/bp2.yoho.pl\/wp-content\/uploads\/2022\/04\/BP2_LABORATORIUM_JAKOSCI-2-1.jpg 1500w, https:\/\/bp2.yoho.pl\/wp-content\/uploads\/2022\/04\/BP2_LABORATORIUM_JAKOSCI-2-1-820x547.jpg 820w, https:\/\/bp2.yoho.pl\/wp-content\/uploads\/2022\/04\/BP2_LABORATORIUM_JAKOSCI-2-1-1024x683.jpg 1024w, https:\/\/bp2.yoho.pl\/wp-content\/uploads\/2022\/04\/BP2_LABORATORIUM_JAKOSCI-2-1-768x512.jpg 768w\" sizes=\"(max-width: 1500px) 100vw, 1500px\" \/><div class=\"wp-block-cover__inner-container is-layout-flow wp-block-cover-is-layout-flow\">\n<div style=\"height:100px\" aria-hidden=\"true\" class=\"wp-block-spacer is-style-medium-spacer\"><\/div>\n\n\n\n<h2 class=\"is-style-h3 has-white-color has-text-color wp-block-heading\"><span class=\"ez-toc-section\" id=\"QUALITAeTSLABOR\"><\/span><strong><strong><strong><strong><strong>QUALIT\u00c4TSLABOR<\/strong><\/strong><\/strong><\/strong><\/strong><span class=\"ez-toc-section-end\"><\/span><\/h2>\n\n\n\n<p class=\"has-white-color has-text-color\">Unsere Produkte garantieren eine zuverl\u00e4ssige Qualit\u00e4t f\u00fcr viele Jahre.<\/p>\n\n\n\n<div class=\"wp-block-group\"><div class=\"wp-block-group__inner-container is-layout-flow wp-block-group-is-layout-flow\">\n<a href=\"http:\/\/bp2.yoho.pl\/de\/laboratorium\"  class=\"button button--red \">LESEN SIE, WIE WIR TESTEN<\/a><\/div><\/div>\n<\/div><\/div>\n<\/div>\n<\/div>\n\n\n\n<div style=\"height:100px\" aria-hidden=\"true\" class=\"wp-block-spacer is-style-small-spacer\"><\/div>\n<\/div><\/div>\n","protected":false},"excerpt":{"rendered":"<p>LEICHT ZUG\u00c4NGLICHE WERKZEUGE F\u00dcR BESSERES HANDLING ARCHITEKTEN Liebe Architekten, wir sind uns bewusst, wie wichtig die richtigen Werkzeuge, wie die richtigen Werkzeuge die Arbeit erleichtern k\u00f6nnen. Als Hersteller von umfassenden L\u00f6sungen f\u00fcr die Bauindustrie m\u00f6chten wir sicherstellen, dass wir Ihren Anforderungen gerecht werden. In dieser Kategorie bem\u00fchen wir uns, Ihnen alles zur Verf\u00fcgung zu stellen, [&hellip;]<\/p>\n","protected":false},"author":3,"featured_media":0,"parent":0,"menu_order":96,"comment_status":"closed","ping_status":"closed","template":"","meta":{"_acf_changed":false,"content-type":"","footnotes":""},"class_list":["post-62136","page","type-page","status-publish","hentry"],"acf":[],"_links":{"self":[{"href":"https:\/\/bp2.yoho.pl\/de\/wp-json\/wp\/v2\/pages\/62136","targetHints":{"allow":["GET"]}}],"collection":[{"href":"https:\/\/bp2.yoho.pl\/de\/wp-json\/wp\/v2\/pages"}],"about":[{"href":"https:\/\/bp2.yoho.pl\/de\/wp-json\/wp\/v2\/types\/page"}],"author":[{"embeddable":true,"href":"https:\/\/bp2.yoho.pl\/de\/wp-json\/wp\/v2\/users\/3"}],"replies":[{"embeddable":true,"href":"https:\/\/bp2.yoho.pl\/de\/wp-json\/wp\/v2\/comments?post=62136"}],"version-history":[{"count":0,"href":"https:\/\/bp2.yoho.pl\/de\/wp-json\/wp\/v2\/pages\/62136\/revisions"}],"wp:attachment":[{"href":"https:\/\/bp2.yoho.pl\/de\/wp-json\/wp\/v2\/media?parent=62136"}],"curies":[{"name":"wp","href":"https:\/\/api.w.org\/{rel}","templated":true}]}}