{"id":62516,"date":"2022-08-12T14:53:11","date_gmt":"2022-08-12T12:53:11","guid":{"rendered":"https:\/\/bp2.yoho.pl\/podstawowe-funkcje-systemu-eprofil\/"},"modified":"2023-04-06T12:37:49","modified_gmt":"2023-04-06T10:37:49","slug":"podstawowe-funkcje-systemu-eprofil","status":"publish","type":"page","link":"https:\/\/bp2.yoho.pl\/de\/podstawowe-funkcje-systemu-eprofil\/","title":{"rendered":"Funktionen Des Eprofil-Systems"},"content":{"rendered":"\n<div class=\"wp-block-group is-style-with-b2-background\"><div class=\"wp-block-group__inner-container is-layout-flow wp-block-group-is-layout-flow\">\n<div style=\"height:100px\" aria-hidden=\"true\" class=\"wp-block-spacer is-style-small-spacer\"><\/div>\n\n\n\n<p class=\"has-text-align-center noMarginBottom has-red-color has-text-color\"><strong>ES GIBT DINGE, DIE FUNKTIONAL SEIN M\u00dcSSEN<\/strong>.<\/p><div id=\"ez-toc-container\" class=\"ez-toc-v2_0_73 ez-toc-wrap-center counter-hierarchy ez-toc-counter ez-toc-transparent ez-toc-container-direction\">\n<div class=\"ez-toc-title-container\">\n<p class=\"ez-toc-title\" style=\"cursor:inherit\">Table of Contents<\/p>\n<span class=\"ez-toc-title-toggle\"><a href=\"#\" class=\"ez-toc-pull-right ez-toc-btn ez-toc-btn-xs ez-toc-btn-default ez-toc-toggle\" aria-label=\"Toggle Table of Content\"><span class=\"ez-toc-js-icon-con\"><span class=\"\"><span class=\"eztoc-hide\" style=\"display:none;\">Toggle<\/span><span class=\"ez-toc-icon-toggle-span\"><svg style=\"fill: #999;color:#999\" xmlns=\"http:\/\/www.w3.org\/2000\/svg\" class=\"list-377408\" width=\"20px\" height=\"20px\" viewBox=\"0 0 24 24\" fill=\"none\"><path d=\"M6 6H4v2h2V6zm14 0H8v2h12V6zM4 11h2v2H4v-2zm16 0H8v2h12v-2zM4 16h2v2H4v-2zm16 0H8v2h12v-2z\" fill=\"currentColor\"><\/path><\/svg><svg style=\"fill: #999;color:#999\" class=\"arrow-unsorted-368013\" xmlns=\"http:\/\/www.w3.org\/2000\/svg\" width=\"10px\" height=\"10px\" viewBox=\"0 0 24 24\" version=\"1.2\" baseProfile=\"tiny\"><path d=\"M18.2 9.3l-6.2-6.3-6.2 6.3c-.2.2-.3.4-.3.7s.1.5.3.7c.2.2.4.3.7.3h11c.3 0 .5-.1.7-.3.2-.2.3-.5.3-.7s-.1-.5-.3-.7zM5.8 14.7l6.2 6.3 6.2-6.3c.2-.2.3-.5.3-.7s-.1-.5-.3-.7c-.2-.2-.4-.3-.7-.3h-11c-.3 0-.5.1-.7.3-.2.2-.3.5-.3.7s.1.5.3.7z\"\/><\/svg><\/span><\/span><\/span><\/a><\/span><\/div>\n<nav><ul class='ez-toc-list ez-toc-list-level-1 ' ><li class='ez-toc-page-1 ez-toc-heading-level-2'><a class=\"ez-toc-link ez-toc-heading-1\" href=\"https:\/\/bp2.yoho.pl\/de\/podstawowe-funkcje-systemu-eprofil\/#FUNKTIONEN_DES_EPROFIL_%E2%80%93_SYSTEMS\" title=\"FUNKTIONEN DES EPROFIL &#8211; SYSTEMS\">FUNKTIONEN DES EPROFIL &#8211; SYSTEMS<\/a><\/li><li class='ez-toc-page-1 ez-toc-heading-level-2'><a class=\"ez-toc-link ez-toc-heading-2\" href=\"https:\/\/bp2.yoho.pl\/de\/podstawowe-funkcje-systemu-eprofil\/#eProfile_%E2%80%93_Grundlegende_Systemfunktionen\" title=\"eProfile &#8211; Grundlegende Systemfunktionen\">eProfile &#8211; Grundlegende Systemfunktionen<\/a><ul class='ez-toc-list-level-4' ><li class='ez-toc-heading-level-4'><ul class='ez-toc-list-level-4' ><li class='ez-toc-heading-level-4'><a class=\"ez-toc-link ez-toc-heading-3\" href=\"https:\/\/bp2.yoho.pl\/de\/podstawowe-funkcje-systemu-eprofil\/#Grundlegende_Funktionen_die_im_System_verfuegbar_sind\" title=\"Grundlegende Funktionen, die im System verf\u00fcgbar sind:\">Grundlegende Funktionen, die im System verf\u00fcgbar sind:<\/a><\/li><\/ul><\/li><\/ul><\/li><li class='ez-toc-page-1 ez-toc-heading-level-2'><a class=\"ez-toc-link ez-toc-heading-4\" href=\"https:\/\/bp2.yoho.pl\/de\/podstawowe-funkcje-systemu-eprofil\/#Zugaenglichkeit_von_jedem_Geraet_aus\" title=\"Zug\u00e4nglichkeit von jedem Ger\u00e4t aus\">Zug\u00e4nglichkeit von jedem Ger\u00e4t aus<\/a><\/li><\/ul><\/nav><\/div>\n\n\n\n\n<h2 class=\"has-text-align-center noMarginTop noMarginBottom is-style-h1 wp-block-heading\" style=\"font-size:3.5em\"><span class=\"ez-toc-section\" id=\"FUNKTIONEN_DES_EPROFIL_%E2%80%93_SYSTEMS\"><\/span><strong>FUNKTIONEN DES EPROFIL &#8211; SYSTEMS<\/strong><span class=\"ez-toc-section-end\"><\/span><\/h2>\n\n\n\n<div style=\"height:100px\" aria-hidden=\"true\" class=\"wp-block-spacer is-style-small-spacer\"><\/div>\n<\/div><\/div>\n\n\n\n<div class=\"wp-block-group is-style-narrower-group\"><div class=\"wp-block-group__inner-container is-layout-flow wp-block-group-is-layout-flow\">\n<p class=\"has-text-align-center\" style=\"font-size:22px\">Entdecken Sie die verf\u00fcgbaren Funktionen unseres Systems und finden Sie heraus, welche M\u00f6glichkeiten es bietet. Mit dieser benutzerfreundlichen und intuitiven Plattform k\u00f6nnen Sie das Ziel Ihres Unternehmens leichter erreichen.<\/p>\n<\/div><\/div>\n\n\n\n<div class=\"wp-block-group\"><div class=\"wp-block-group__inner-container is-layout-flow wp-block-group-is-layout-flow\">\n<div style=\"height:100px\" aria-hidden=\"true\" class=\"wp-block-spacer is-style-smaller-spacer\"><\/div>\n\n\n\n<div class=\"wp-block-columns is-style-grid fade-in is-layout-flex wp-container-core-columns-is-layout-9d6595d7 wp-block-columns-is-layout-flex\">\n<div class=\"wp-block-column is-layout-flow wp-block-column-is-layout-flow\">\r\n<div class=\"section__data\" data-section=\"eProfile - Grundlegende Systemfunktionen\"><\/div>\n\n\n<div class=\"wp-block-cover is-light is-style-full-width wp-duotone-8c00b7-fcff41-1\"><span aria-hidden=\"true\" class=\"wp-block-cover__background has-dark-gray-background-color has-background-dim-100 has-background-dim\"><\/span><div class=\"wp-block-cover__inner-container is-layout-flow wp-block-cover-is-layout-flow\">\n<h2 class=\"is-style-h3 wp-block-heading\"><span class=\"ez-toc-section\" id=\"eProfile_%E2%80%93_Grundlegende_Systemfunktionen\"><\/span>eProfile &#8211; Grundlegende Systemfunktionen<span class=\"ez-toc-section-end\"><\/span><\/h2>\n\n\n\n<p>Unser Service bietet eine interaktive Datenaustauschplattform f\u00fcr einen schnellen und intuitiven Zugang zu Informationen und professionellem Service.<\/p>\n\n\n\n<h4 class=\"wp-block-heading\"><span class=\"ez-toc-section\" id=\"Grundlegende_Funktionen_die_im_System_verfuegbar_sind\"><\/span>Grundlegende Funktionen, die im System verf\u00fcgbar sind:<span class=\"ez-toc-section-end\"><\/span><\/h4>\n\n\n\n<div class=\"wp-block-group\"><div class=\"wp-block-group__inner-container is-layout-flow wp-block-group-is-layout-flow\">\n<div class=\"wp-block-columns is-not-stacked-on-mobile is-style-icon-and-text is-layout-flex wp-container-core-columns-is-layout-9d6595d7 wp-block-columns-is-layout-flex\">\n<div class=\"wp-block-column is-vertically-aligned-center is-layout-flow wp-block-column-is-layout-flow\"><div class=\"wp-block-image\">\n<figure class=\"alignright size-large is-resized\"><img decoding=\"async\" src=\"https:\/\/bp2.yoho.pl\/wp-content\/uploads\/2022\/12\/eprofil_PDF.svg\" alt=\"\" class=\"wp-image-46577\" width=\"113\" height=\"113\" srcset=\"https:\/\/bp2.yoho.pl\/wp-content\/uploads\/eprofil_PDF.svg 150w, https:\/\/bp2.yoho.pl\/wp-content\/uploads\/eprofil_PDF.svg 1024w\" sizes=\"(max-width: 113px) 100vw, 113px\" \/><\/figure><\/div><\/div>\n\n\n\n<div class=\"wp-block-column is-vertically-aligned-center is-layout-flow wp-block-column-is-layout-flow\">\n<p class=\"has-text-align-left\">Aktuelle Produktpreislisten mit aktuellen Sonderangeboten.<\/p>\n<\/div>\n<\/div>\n<\/div><\/div>\n\n\n\n<div class=\"wp-block-group\"><div class=\"wp-block-group__inner-container is-layout-flow wp-block-group-is-layout-flow\">\n<div class=\"wp-block-columns is-not-stacked-on-mobile is-style-icon-and-text is-layout-flex wp-container-core-columns-is-layout-9d6595d7 wp-block-columns-is-layout-flex\">\n<div class=\"wp-block-column is-vertically-aligned-center is-layout-flow wp-block-column-is-layout-flow\"><div class=\"wp-block-image\">\n<figure class=\"alignright size-large is-resized\"><img decoding=\"async\" src=\"https:\/\/bp2.yoho.pl\/wp-content\/uploads\/2022\/12\/eprofil_dodaj-zamowenie.svg\" alt=\"\" class=\"wp-image-46570\" width=\"113\" height=\"113\" srcset=\"https:\/\/bp2.yoho.pl\/wp-content\/uploads\/eprofil_dodaj-zamowenie.svg 150w, https:\/\/bp2.yoho.pl\/wp-content\/uploads\/eprofil_dodaj-zamowenie.svg 1024w\" sizes=\"(max-width: 113px) 100vw, 113px\" \/><\/figure><\/div><\/div>\n\n\n\n<div class=\"wp-block-column is-vertically-aligned-center is-layout-flow wp-block-column-is-layout-flow\">\n<p class=\"has-text-align-left is-style-default\">Einfache und schnelle Eingabe von Bestellungen in das System, was Ihre Arbeit erheblich beschleunigt.<\/p>\n<\/div>\n<\/div>\n<\/div><\/div>\n\n\n\n<div class=\"wp-block-group\"><div class=\"wp-block-group__inner-container is-layout-flow wp-block-group-is-layout-flow\">\n<div class=\"wp-block-columns is-not-stacked-on-mobile is-style-icon-and-text is-layout-flex wp-container-core-columns-is-layout-9d6595d7 wp-block-columns-is-layout-flex\">\n<div class=\"wp-block-column is-vertically-aligned-center is-layout-flow wp-block-column-is-layout-flow\"><div class=\"wp-block-image\">\n<figure class=\"alignright size-large is-resized\"><img decoding=\"async\" src=\"https:\/\/bp2.yoho.pl\/wp-content\/uploads\/2022\/12\/eprofil_profil.svg\" alt=\"\" class=\"wp-image-46563\" width=\"113\" height=\"113\" srcset=\"https:\/\/bp2.yoho.pl\/wp-content\/uploads\/eprofil_profil.svg 150w, https:\/\/bp2.yoho.pl\/wp-content\/uploads\/eprofil_profil.svg 1024w\" sizes=\"(max-width: 113px) 100vw, 113px\" \/><\/figure><\/div><\/div>\n\n\n\n<div class=\"wp-block-column is-vertically-aligned-center is-layout-flow wp-block-column-is-layout-flow\">\n<p class=\"has-text-align-left\">Ein umfangreicher Mechanismus zur Erstellung von Kundenangeboten mit der M\u00f6glichkeit der Personalisierung und Gew\u00e4hrung beliebiger Rabatte<\/p>\n<\/div>\n<\/div>\n<\/div><\/div>\n\n\n\n<div class=\"wp-block-group\"><div class=\"wp-block-group__inner-container is-layout-flow wp-block-group-is-layout-flow\">\n<div class=\"wp-block-columns is-not-stacked-on-mobile is-style-icon-and-text is-layout-flex wp-container-core-columns-is-layout-9d6595d7 wp-block-columns-is-layout-flex\">\n<div class=\"wp-block-column is-vertically-aligned-center is-layout-flow wp-block-column-is-layout-flow\"><div class=\"wp-block-image\">\n<figure class=\"alignright size-large is-resized\"><img loading=\"lazy\" decoding=\"async\" src=\"https:\/\/bp2.yoho.pl\/wp-content\/uploads\/2023\/04\/zloz-zamowienie_pop.svg\" alt=\"\" class=\"wp-image-63361\" width=\"118\" height=\"113\"\/><\/figure><\/div><\/div>\n\n\n\n<div class=\"wp-block-column is-vertically-aligned-center is-layout-flow wp-block-column-is-layout-flow\">\n<p class=\"has-text-align-left\">Alle notwendigen Informationen zur Auftragsabwicklung und Zahlung sind direkt im System verf\u00fcgbar.<\/p>\n<\/div>\n<\/div>\n<\/div><\/div>\n\n\n\n<div class=\"wp-block-group\"><div class=\"wp-block-group__inner-container is-layout-flow wp-block-group-is-layout-flow\">\n<div class=\"wp-block-columns is-not-stacked-on-mobile is-style-icon-and-text is-layout-flex wp-container-core-columns-is-layout-9d6595d7 wp-block-columns-is-layout-flex\">\n<div class=\"wp-block-column is-vertically-aligned-center is-layout-flow wp-block-column-is-layout-flow\"><div class=\"wp-block-image\">\n<figure class=\"alignright size-large is-resized\"><img loading=\"lazy\" decoding=\"async\" src=\"https:\/\/bp2.yoho.pl\/wp-content\/uploads\/2023\/04\/aplikacja_pop.svg\" alt=\"\" class=\"wp-image-63369\" width=\"119\" height=\"113\"\/><\/figure><\/div><\/div>\n\n\n\n<div class=\"wp-block-column is-vertically-aligned-center is-layout-flow wp-block-column-is-layout-flow\">\n<p class=\"has-text-align-left\">Schneller Zugriff auf Rechnungen und Quittungen \u00fcber das Kundenpanel.<\/p>\n<\/div>\n<\/div>\n<\/div><\/div>\n<\/div><\/div>\n<\/div>\n\n\n\n<div class=\"wp-block-column is-layout-flow wp-block-column-is-layout-flow\">\n<div class=\"wp-block-cover is-light is-style-full-height\"><span aria-hidden=\"true\" class=\"wp-block-cover__background has-background-dim-0 has-background-dim\"><\/span><img loading=\"lazy\" decoding=\"async\" width=\"1306\" height=\"1864\" class=\"wp-block-cover__image-background wp-image-15221\" alt=\"\" src=\"https:\/\/bp2.yoho.pl\/wp-content\/uploads\/2022\/08\/eprofil-mockup-funkcje.jpg\" style=\"object-position:51% 53%\" data-object-fit=\"cover\" data-object-position=\"51% 53%\" srcset=\"https:\/\/bp2.yoho.pl\/wp-content\/uploads\/2022\/08\/eprofil-mockup-funkcje.jpg 1306w, https:\/\/bp2.yoho.pl\/wp-content\/uploads\/2022\/08\/eprofil-mockup-funkcje-673x960.jpg 673w, https:\/\/bp2.yoho.pl\/wp-content\/uploads\/2022\/08\/eprofil-mockup-funkcje-717x1024.jpg 717w, https:\/\/bp2.yoho.pl\/wp-content\/uploads\/2022\/08\/eprofil-mockup-funkcje-768x1096.jpg 768w, https:\/\/bp2.yoho.pl\/wp-content\/uploads\/2022\/08\/eprofil-mockup-funkcje-1076x1536.jpg 1076w\" sizes=\"(max-width: 1306px) 100vw, 1306px\" \/><div class=\"wp-block-cover__inner-container is-layout-flow wp-block-cover-is-layout-flow\">\n<p class=\"has-text-align-center\"><\/p>\n<\/div><\/div>\n<\/div>\n<\/div>\n<\/div><\/div>\n\n\n\n<div class=\"wp-block-group\"><div class=\"wp-block-group__inner-container is-layout-flow wp-block-group-is-layout-flow\">\n<div class=\"wp-block-columns is-style-grid fade-in is-layout-flex wp-container-core-columns-is-layout-9d6595d7 wp-block-columns-is-layout-flex\">\n<div class=\"wp-block-column is-layout-flow wp-block-column-is-layout-flow\">\n<div class=\"wp-block-cover is-light is-style-full-width wp-duotone-8c00b7-fcff41-2\"><span aria-hidden=\"true\" class=\"wp-block-cover__background has-dark-gray-background-color has-background-dim-100 has-background-dim\"><\/span><div class=\"wp-block-cover__inner-container is-layout-flow wp-block-cover-is-layout-flow\">\r\n<div class=\"section__data\" data-section=\"Zug\u00e4nglichkeit von jedem Ger\u00e4t aus\"><\/div>\n\n\n<h2 class=\"is-style-h3 wp-block-heading\" id=\"eprofil\"><span class=\"ez-toc-section\" id=\"Zugaenglichkeit_von_jedem_Geraet_aus\"><\/span><strong>Zug\u00e4nglichkeit von jedem Ger\u00e4t aus<\/strong><span class=\"ez-toc-section-end\"><\/span><\/h2>\n\n\n\n<p>In der heutigen Zeit wissen wir, wie wichtig Zeit und sofortiger Zugriff auf die Arbeitsmittel f\u00fcr unsere Vertriebsh\u00e4ndler sind, daher ist Mobilit\u00e4t eine Schl\u00fcsselfunktion unseres Systems.<\/p>\n\n\n\n<a href=\"https:\/\/eprofil.bp2.eu\/xpertis\/de\" target=\"_blank\" class=\"button button--red \">IM SYSTEM ANMELDEN<\/a><\/div><\/div>\n<\/div>\n\n\n\n<div class=\"wp-block-column is-layout-flow wp-block-column-is-layout-flow\">\n<div class=\"wp-block-cover is-light is-style-full-height\"><span aria-hidden=\"true\" class=\"wp-block-cover__background has-background-dim-0 has-background-dim\"><\/span><img loading=\"lazy\" decoding=\"async\" width=\"1306\" height=\"1864\" class=\"wp-block-cover__image-background wp-image-29820\" alt=\"\" src=\"https:\/\/bp2.yoho.pl\/wp-content\/uploads\/2022\/09\/eprofil-aplikacja-mobilna.jpg\" style=\"object-position:50% 43%\" data-object-fit=\"cover\" data-object-position=\"50% 43%\" srcset=\"https:\/\/bp2.yoho.pl\/wp-content\/uploads\/2022\/09\/eprofil-aplikacja-mobilna.jpg 1306w, https:\/\/bp2.yoho.pl\/wp-content\/uploads\/2022\/09\/eprofil-aplikacja-mobilna-673x960.jpg 673w, https:\/\/bp2.yoho.pl\/wp-content\/uploads\/2022\/09\/eprofil-aplikacja-mobilna-717x1024.jpg 717w, https:\/\/bp2.yoho.pl\/wp-content\/uploads\/2022\/09\/eprofil-aplikacja-mobilna-768x1096.jpg 768w, https:\/\/bp2.yoho.pl\/wp-content\/uploads\/2022\/09\/eprofil-aplikacja-mobilna-1076x1536.jpg 1076w\" sizes=\"(max-width: 1306px) 100vw, 1306px\" \/><div class=\"wp-block-cover__inner-container is-layout-flow wp-block-cover-is-layout-flow\">\n<p class=\"has-text-align-center\"><\/p>\n<\/div><\/div>\n<\/div>\n<\/div>\n<\/div><\/div>\n","protected":false},"excerpt":{"rendered":"<p>ES GIBT DINGE, DIE FUNKTIONAL SEIN M\u00dcSSEN. FUNKTIONEN DES EPROFIL &#8211; SYSTEMS Entdecken Sie die verf\u00fcgbaren Funktionen unseres Systems und finden Sie heraus, welche M\u00f6glichkeiten es bietet. Mit dieser benutzerfreundlichen und intuitiven Plattform k\u00f6nnen Sie das Ziel Ihres Unternehmens leichter erreichen.<\/p>\n","protected":false},"author":6,"featured_media":0,"parent":0,"menu_order":82,"comment_status":"closed","ping_status":"closed","template":"","meta":{"_acf_changed":false,"content-type":"","footnotes":""},"class_list":["post-62516","page","type-page","status-publish","hentry"],"acf":[],"_links":{"self":[{"href":"https:\/\/bp2.yoho.pl\/de\/wp-json\/wp\/v2\/pages\/62516","targetHints":{"allow":["GET"]}}],"collection":[{"href":"https:\/\/bp2.yoho.pl\/de\/wp-json\/wp\/v2\/pages"}],"about":[{"href":"https:\/\/bp2.yoho.pl\/de\/wp-json\/wp\/v2\/types\/page"}],"author":[{"embeddable":true,"href":"https:\/\/bp2.yoho.pl\/de\/wp-json\/wp\/v2\/users\/6"}],"replies":[{"embeddable":true,"href":"https:\/\/bp2.yoho.pl\/de\/wp-json\/wp\/v2\/comments?post=62516"}],"version-history":[{"count":0,"href":"https:\/\/bp2.yoho.pl\/de\/wp-json\/wp\/v2\/pages\/62516\/revisions"}],"wp:attachment":[{"href":"https:\/\/bp2.yoho.pl\/de\/wp-json\/wp\/v2\/media?parent=62516"}],"curies":[{"name":"wp","href":"https:\/\/api.w.org\/{rel}","templated":true}]}}