{"id":69357,"date":"2022-03-25T13:03:02","date_gmt":"2022-03-25T12:03:02","guid":{"rendered":"https:\/\/bp2.yoho.pl\/produkt\/blachy-plaskie\/"},"modified":"2023-06-30T15:19:15","modified_gmt":"2023-06-30T13:19:15","slug":"blachy-plaskie","status":"publish","type":"product","link":"https:\/\/bp2.yoho.pl\/de\/produkt\/blachy-plaskie\/","title":{"rendered":"Formatki i blachy p\u0142askie"},"content":{"rendered":"\n<div class=\"wp-block-group\"><div class=\"wp-block-group__inner-container is-layout-flow wp-block-group-is-layout-flow\">\n<div style=\"height:100px\" aria-hidden=\"true\" class=\"wp-block-spacer is-style-small-spacer\"><\/div>\n\n\n\n<div class=\"wp-block-columns has-dark-gray-background-color has-background is-layout-flex wp-container-core-columns-is-layout-9d6595d7 wp-block-columns-is-layout-flex\">\n<div class=\"wp-block-column is-layout-flow wp-block-column-is-layout-flow\">\n<h2 class=\"wp-block-heading has-text-align-center is-style-h3\">Blachy ocynkowane<\/h2>\n\n\n\n<figure class=\"wp-block-table\"><table><tbody><tr><td class=\"has-text-align-center\" data-align=\"center\">0,50 mm x 1000 mm x 2000 mm1000<\/td><\/tr><tr><td class=\"has-text-align-center\" data-align=\"center\">0,50 mm x 1250 mm x 2000 mm<\/td><\/tr><tr><td class=\"has-text-align-center\" data-align=\"center\">0,70 mm x 1250 mm x 2000 mm<\/td><\/tr><tr><td class=\"has-text-align-center\" data-align=\"center\">1,00 mm x 1250 mm x 2000 mm<\/td><\/tr><\/tbody><\/table><\/figure>\n<\/div>\n\n\n\n<div class=\"wp-block-column is-layout-flow wp-block-column-is-layout-flow\">\n<h2 class=\"wp-block-heading has-text-align-center is-style-h3\">Blachy Aluzin<\/h2>\n\n\n\n<figure class=\"wp-block-table\"><table><tbody><tr><td class=\"has-text-align-center\" data-align=\"center\">0,50 mm x 1250 mm x 2000 mm<\/td><\/tr><tr><td class=\"has-text-align-center\" data-align=\"center\">0,70 mm x 1250 mm x 2000 mm<\/td><\/tr><\/tbody><\/table><\/figure>\n<\/div>\n\n\n\n<div class=\"wp-block-column is-layout-flow wp-block-column-is-layout-flow\">\n<h2 class=\"wp-block-heading has-text-align-center is-style-h3\">Blachy powlekane<\/h2>\n\n\n\n<figure class=\"wp-block-table\"><table><tbody><tr><td class=\"has-text-align-center\" data-align=\"center\">0,50&nbsp; mm x 1250 mm x 2000 mm<\/td><\/tr><tr><td class=\"has-text-align-center\" data-align=\"center\">0,70&nbsp; mm x 1250 mm x 2000 mm<\/td><\/tr><\/tbody><\/table><\/figure>\n<\/div>\n\n\n\n<div class=\"wp-block-column is-layout-flow wp-block-column-is-layout-flow\">\n<h2 class=\"wp-block-heading has-text-align-center is-style-h3\">Ci\u0119cie poprzeczne na arkusze i formatki wg. indywidualnych wymaga\u0144.<\/h2>\n\n\n\n<p class=\"has-text-align-center\"><strong>Parametry techniczne*<\/strong><\/p>\n\n\n\n<figure class=\"wp-block-table\"><table><tbody><tr><td class=\"has-text-align-center\" data-align=\"center\">Grubo\u015b\u0107 blachy: <br>0,4\u20132,0 mm<\/td><\/tr><tr><td class=\"has-text-align-center\" data-align=\"center\">Minimalna wielko\u015b\u0107 formatki<br>70\u00d7100 mm<\/td><\/tr><tr><td class=\"has-text-align-center\" data-align=\"center\">Maksymalna d\u0142ugo\u015b\u0107 arkusza: <br>6000 mm<\/td><\/tr><\/tbody><\/table><\/figure>\n<\/div>\n<\/div>\n<\/div><\/div>\n\n\n\n<div class=\"wp-block-group\"><div class=\"wp-block-group__inner-container is-layout-flow wp-block-group-is-layout-flow\">\n<div style=\"height:100px\" aria-hidden=\"true\" class=\"wp-block-spacer is-style-small-spacer\"><\/div>\n\n\n\n<h2 class=\"wp-block-heading has-text-align-center is-style-h3\">US\u0141UGI SERWISOWE<\/h2>\n\n\n\n<p class=\"has-text-align-center\">(na indywidualne zam\u00f3wienie)<\/p>\n\n\n\n<div style=\"height:100px\" aria-hidden=\"true\" class=\"wp-block-spacer is-style-small-spacer\"><\/div>\n\n\n\n<div class=\"wp-block-columns is-layout-flex wp-container-core-columns-is-layout-9d6595d7 wp-block-columns-is-layout-flex\">\n<div class=\"wp-block-column is-layout-flow wp-block-column-is-layout-flow\"><div class=\"wp-block-image\">\n<figure class=\"aligncenter size-full is-resized\"><img fetchpriority=\"high\" decoding=\"async\" src=\"https:\/\/bp2.yoho.pl\/wp-content\/uploads\/2022\/03\/SCS_ciecie_przewijanie_1.png\" alt=\"\" class=\"wp-image-5130\" width=\"383\" height=\"162\"\/><\/figure><\/div>\n\n\n<p class=\"has-text-align-center\">Aplikacja folii ochronnej i\/lub pow\u0142oki antykondensacyjnej w rodzaju i grubo\u015bci wg indywidualnych wymaga\u0144.<\/p>\n<\/div>\n\n\n\n<div class=\"wp-block-column is-layout-flow wp-block-column-is-layout-flow\"><div class=\"wp-block-image\">\n<figure class=\"aligncenter size-full is-resized\"><img decoding=\"async\" src=\"https:\/\/bp2.yoho.pl\/wp-content\/uploads\/2022\/03\/SCS_ciecie_przewijanie_2.png\" alt=\"\" class=\"wp-image-5139\" width=\"383\" height=\"162\"\/><\/figure><\/div>\n\n\n<p class=\"has-text-align-center\">Przewijanie kr\u0119g\u00f3w bez rozcinania.<\/p>\n<\/div>\n\n\n\n<div class=\"wp-block-column is-layout-flow wp-block-column-is-layout-flow\"><div class=\"wp-block-image\">\n<figure class=\"aligncenter size-full is-resized\"><img decoding=\"async\" src=\"https:\/\/bp2.yoho.pl\/wp-content\/uploads\/2022\/03\/SCS_ciecie_przewijanie_3.png\" alt=\"\" class=\"wp-image-5144\" width=\"383\" height=\"162\"\/><\/figure><\/div>\n\n\n<p class=\"has-text-align-center\">Ci\u0119cie na arkusze i formatki wg indywidualnych zam\u00f3wie\u0144. Maksymalna grubo\u015b\u0107 blachy 3 mm, minimalny rozmiar formatki 100 mm x 70 mm.<\/p>\n<\/div>\n<\/div>\n\n\n\n<div style=\"height:100px\" aria-hidden=\"true\" class=\"wp-block-spacer is-style-small-spacer\"><\/div>\n\n\n\n<div class=\"wp-block-columns is-layout-flex wp-container-core-columns-is-layout-9d6595d7 wp-block-columns-is-layout-flex\">\n<div class=\"wp-block-column is-layout-flow wp-block-column-is-layout-flow\"><div class=\"wp-block-image\">\n<figure class=\"aligncenter size-full is-resized\"><img loading=\"lazy\" decoding=\"async\" src=\"https:\/\/bp2.yoho.pl\/wp-content\/uploads\/2022\/03\/SCS_ciecie_przewijanie_4.png\" alt=\"\" class=\"wp-image-5149\" width=\"383\" height=\"162\"\/><\/figure><\/div>\n\n\n<p class=\"has-text-align-center\">Ci\u0119cie wzd\u0142u\u017cne na ta\u015bmy wg indywidualnych wymaga\u0144.<\/p>\n<\/div>\n\n\n\n<div class=\"wp-block-column is-layout-flow wp-block-column-is-layout-flow\"><div class=\"wp-block-image\">\n<figure class=\"aligncenter size-full is-resized\"><img loading=\"lazy\" decoding=\"async\" src=\"https:\/\/bp2.yoho.pl\/wp-content\/uploads\/2022\/03\/blachy_plaskie_perforacja-1.jpg\" alt=\"\" class=\"wp-image-5942\" width=\"383\" height=\"162\"\/><\/figure><\/div>\n\n\n<p class=\"has-text-align-center\">Mo\u017cliwo\u015b\u0107 perforacji blach p\u0142askich. Szczeg\u00f3\u0142y (kszta\u0142, wielko\u015b\u0107 uk\u0142ad otwor\u00f3w) ustalane s\u0105 indywidualnie z dzia\u0142em handlowym. Inne wymiary arkuszy i formatek oraz grubo\u015b\u0107 blach dost\u0119pne s\u0105 na indywidualne zam\u00f3wienie.<\/p>\n<\/div>\n\n\n\n<div class=\"wp-block-column is-layout-flow wp-block-column-is-layout-flow\"><\/div>\n<\/div>\n<\/div><\/div>\n","protected":false},"featured_media":11070,"menu_order":327,"template":"","product_category":[1666,1677],"warranty":[1689,1690,1691,1692,1669,1693,1694],"product_serie":[],"class_list":["post-69357","product","type-product","status-publish","has-post-thumbnail","hentry","product_category-wohnungsbau","product_category-flache-bleche","warranty-10-jahre","warranty-15-jahre","warranty-20-jahre","warranty-25-jahre","warranty-30-jahre","warranty-35-jahre","warranty-40-jahre"],"acf":[],"_links":{"self":[{"href":"https:\/\/bp2.yoho.pl\/de\/wp-json\/wp\/v2\/product\/69357","targetHints":{"allow":["GET"]}}],"collection":[{"href":"https:\/\/bp2.yoho.pl\/de\/wp-json\/wp\/v2\/product"}],"about":[{"href":"https:\/\/bp2.yoho.pl\/de\/wp-json\/wp\/v2\/types\/product"}],"wp:featuredmedia":[{"embeddable":true,"href":"https:\/\/bp2.yoho.pl\/de\/wp-json\/wp\/v2\/media\/11070"}],"wp:attachment":[{"href":"https:\/\/bp2.yoho.pl\/de\/wp-json\/wp\/v2\/media?parent=69357"}],"wp:term":[{"taxonomy":"product_category","embeddable":true,"href":"https:\/\/bp2.yoho.pl\/de\/wp-json\/wp\/v2\/product_category?post=69357"},{"taxonomy":"warranty","embeddable":true,"href":"https:\/\/bp2.yoho.pl\/de\/wp-json\/wp\/v2\/warranty?post=69357"},{"taxonomy":"product_serie","embeddable":true,"href":"https:\/\/bp2.yoho.pl\/de\/wp-json\/wp\/v2\/product_serie?post=69357"}],"curies":[{"name":"wp","href":"https:\/\/api.w.org\/{rel}","templated":true}]}}