{"id":46585,"date":"2022-08-12T14:53:11","date_gmt":"2022-08-12T12:53:11","guid":{"rendered":"https:\/\/bp2.yoho.pl\/podstawowe-funkcje-systemu-eprofil\/"},"modified":"2023-01-05T16:02:32","modified_gmt":"2023-01-05T15:02:32","slug":"eprofil-basic-system-functions","status":"publish","type":"page","link":"https:\/\/bp2.yoho.pl\/en\/eprofil-basic-system-functions\/","title":{"rendered":"eProfil \u2013 Basic system functions"},"content":{"rendered":"\n<div class=\"wp-block-group is-style-with-b2-background\"><div class=\"wp-block-group__inner-container is-layout-flow wp-block-group-is-layout-flow\">\n<div style=\"height:100px\" aria-hidden=\"true\" class=\"wp-block-spacer is-style-small-spacer\"><\/div>\n\n\n\n<p class=\"has-text-align-center noMarginBottom has-red-color has-text-color\"><strong>THERE ARE THINGS THAT MUST BE FUNCTIONAL<\/strong><\/p><div id=\"ez-toc-container\" class=\"ez-toc-v2_0_73 ez-toc-wrap-center counter-hierarchy ez-toc-counter ez-toc-transparent ez-toc-container-direction\">\n<div class=\"ez-toc-title-container\">\n<p class=\"ez-toc-title\" style=\"cursor:inherit\">Table of Contents<\/p>\n<span class=\"ez-toc-title-toggle\"><a href=\"#\" class=\"ez-toc-pull-right ez-toc-btn ez-toc-btn-xs ez-toc-btn-default ez-toc-toggle\" aria-label=\"Toggle Table of Content\"><span class=\"ez-toc-js-icon-con\"><span class=\"\"><span class=\"eztoc-hide\" style=\"display:none;\">Toggle<\/span><span class=\"ez-toc-icon-toggle-span\"><svg style=\"fill: #999;color:#999\" xmlns=\"http:\/\/www.w3.org\/2000\/svg\" class=\"list-377408\" width=\"20px\" height=\"20px\" viewBox=\"0 0 24 24\" fill=\"none\"><path d=\"M6 6H4v2h2V6zm14 0H8v2h12V6zM4 11h2v2H4v-2zm16 0H8v2h12v-2zM4 16h2v2H4v-2zm16 0H8v2h12v-2z\" fill=\"currentColor\"><\/path><\/svg><svg style=\"fill: #999;color:#999\" class=\"arrow-unsorted-368013\" xmlns=\"http:\/\/www.w3.org\/2000\/svg\" width=\"10px\" height=\"10px\" viewBox=\"0 0 24 24\" version=\"1.2\" baseProfile=\"tiny\"><path d=\"M18.2 9.3l-6.2-6.3-6.2 6.3c-.2.2-.3.4-.3.7s.1.5.3.7c.2.2.4.3.7.3h11c.3 0 .5-.1.7-.3.2-.2.3-.5.3-.7s-.1-.5-.3-.7zM5.8 14.7l6.2 6.3 6.2-6.3c.2-.2.3-.5.3-.7s-.1-.5-.3-.7c-.2-.2-.4-.3-.7-.3h-11c-.3 0-.5.1-.7.3-.2.2-.3.5-.3.7s.1.5.3.7z\"\/><\/svg><\/span><\/span><\/span><\/a><\/span><\/div>\n<nav><ul class='ez-toc-list ez-toc-list-level-1 ' ><li class='ez-toc-page-1 ez-toc-heading-level-2'><a class=\"ez-toc-link ez-toc-heading-1\" href=\"https:\/\/bp2.yoho.pl\/en\/eprofil-basic-system-functions\/#eProfil_%E2%80%93_Basic_system_functions\" title=\"eProfil \u2013 Basic system functions\">eProfil \u2013 Basic system functions<\/a><\/li><li class='ez-toc-page-1 ez-toc-heading-level-2'><a class=\"ez-toc-link ez-toc-heading-2\" href=\"https:\/\/bp2.yoho.pl\/en\/eprofil-basic-system-functions\/#Basic_system_functions\" title=\"Basic system functions\">Basic system functions<\/a><ul class='ez-toc-list-level-4' ><li class='ez-toc-heading-level-4'><ul class='ez-toc-list-level-4' ><li class='ez-toc-heading-level-4'><a class=\"ez-toc-link ez-toc-heading-3\" href=\"https:\/\/bp2.yoho.pl\/en\/eprofil-basic-system-functions\/#Basic_functions_in_the_system\" title=\"Basic functions in the system:&nbsp;\">Basic functions in the system:&nbsp;<\/a><\/li><\/ul><\/li><\/ul><\/li><li class='ez-toc-page-1 ez-toc-heading-level-2'><a class=\"ez-toc-link ez-toc-heading-4\" href=\"https:\/\/bp2.yoho.pl\/en\/eprofil-basic-system-functions\/#Accessibility_from_any_device\" title=\"Accessibility from any device\">Accessibility from any device<\/a><\/li><\/ul><\/nav><\/div>\n\n\n\n\n<h2 class=\"has-text-align-center noMarginTop noMarginBottom is-style-h1 wp-block-heading\" style=\"font-size:3.5em\"><span class=\"ez-toc-section\" id=\"eProfil_%E2%80%93_Basic_system_functions\"><\/span><strong>eProfil \u2013 Basic system functions<\/strong><span class=\"ez-toc-section-end\"><\/span><\/h2>\n\n\n\n<div style=\"height:100px\" aria-hidden=\"true\" class=\"wp-block-spacer is-style-small-spacer\"><\/div>\n<\/div><\/div>\n\n\n\n<div class=\"wp-block-group is-style-narrower-group\"><div class=\"wp-block-group__inner-container is-layout-flow wp-block-group-is-layout-flow\">\n<p class=\"has-text-align-center\" style=\"font-size:22px\">Get to know the available functions of our system and find out what possibilities it offers. An easy-to-use and intuitive platform will help you achieve your company&#8217;s goals.<\/p>\n<\/div><\/div>\n\n\n\n<div class=\"wp-block-group\"><div class=\"wp-block-group__inner-container is-layout-flow wp-block-group-is-layout-flow\">\n<div style=\"height:100px\" aria-hidden=\"true\" class=\"wp-block-spacer is-style-smaller-spacer\"><\/div>\n\n\n\n<div class=\"wp-block-columns is-style-grid fade-in is-layout-flex wp-container-core-columns-is-layout-9d6595d7 wp-block-columns-is-layout-flex\">\n<div class=\"wp-block-column is-layout-flow wp-block-column-is-layout-flow\">\r\n<div class=\"section__data\" data-section=\"Basic system functions\"><\/div>\n\n\n<div class=\"wp-block-cover is-light is-style-full-width wp-duotone-8c00b7-fcff41-1\"><span aria-hidden=\"true\" class=\"wp-block-cover__background has-dark-gray-background-color has-background-dim-100 has-background-dim\"><\/span><div class=\"wp-block-cover__inner-container is-layout-flow wp-block-cover-is-layout-flow\">\n<h2 class=\"is-style-h3 wp-block-heading\"><span class=\"ez-toc-section\" id=\"Basic_system_functions\"><\/span>Basic system functions<span class=\"ez-toc-section-end\"><\/span><\/h2>\n\n\n\n<p>Our website is an interactive platform for data exchange enabling quick and intuitive access to information for professional services.<\/p>\n\n\n\n<h4 class=\"wp-block-heading\"><span class=\"ez-toc-section\" id=\"Basic_functions_in_the_system\"><\/span>Basic functions in the system:&nbsp;<span class=\"ez-toc-section-end\"><\/span><\/h4>\n\n\n\n<div class=\"wp-block-group\"><div class=\"wp-block-group__inner-container is-layout-flow wp-block-group-is-layout-flow\">\n<div class=\"wp-block-columns is-not-stacked-on-mobile is-style-icon-and-text is-layout-flex wp-container-core-columns-is-layout-9d6595d7 wp-block-columns-is-layout-flex\">\n<div class=\"wp-block-column is-vertically-aligned-center is-layout-flow wp-block-column-is-layout-flow\"><div class=\"wp-block-image\">\n<figure class=\"alignright size-large is-resized\"><img decoding=\"async\" src=\"https:\/\/bp2.yoho.pl\/wp-content\/uploads\/2022\/12\/eprofil_PDF.svg\" alt=\"\" class=\"wp-image-46577\" width=\"113\" height=\"113\" srcset=\"https:\/\/bp2.yoho.pl\/wp-content\/uploads\/eprofil_PDF.svg 150w, https:\/\/bp2.yoho.pl\/wp-content\/uploads\/eprofil_PDF.svg 1024w\" sizes=\"(max-width: 113px) 100vw, 113px\" \/><\/figure><\/div><\/div>\n\n\n\n<div class=\"wp-block-column is-vertically-aligned-center is-layout-flow wp-block-column-is-layout-flow\">\n<p class=\"has-text-align-left\">Pricing lists for current product and promotions.<\/p>\n<\/div>\n<\/div>\n<\/div><\/div>\n\n\n\n<div class=\"wp-block-group\"><div class=\"wp-block-group__inner-container is-layout-flow wp-block-group-is-layout-flow\">\n<div class=\"wp-block-columns is-not-stacked-on-mobile is-style-icon-and-text is-layout-flex wp-container-core-columns-is-layout-9d6595d7 wp-block-columns-is-layout-flex\">\n<div class=\"wp-block-column is-vertically-aligned-center is-layout-flow wp-block-column-is-layout-flow\"><div class=\"wp-block-image\">\n<figure class=\"alignright size-large is-resized\"><img decoding=\"async\" src=\"https:\/\/bp2.yoho.pl\/wp-content\/uploads\/2022\/12\/eprofil_dodaj-zamowenie.svg\" alt=\"\" class=\"wp-image-46570\" width=\"113\" height=\"113\" srcset=\"https:\/\/bp2.yoho.pl\/wp-content\/uploads\/eprofil_dodaj-zamowenie.svg 150w, https:\/\/bp2.yoho.pl\/wp-content\/uploads\/eprofil_dodaj-zamowenie.svg 1024w\" sizes=\"(max-width: 113px) 100vw, 113px\" \/><\/figure><\/div><\/div>\n\n\n\n<div class=\"wp-block-column is-vertically-aligned-center is-layout-flow wp-block-column-is-layout-flow\">\n<p class=\"has-text-align-left is-style-default\">Simple and quick entry of orders into the system, which will significantly accelerate your work.<\/p>\n<\/div>\n<\/div>\n<\/div><\/div>\n\n\n\n<div class=\"wp-block-group\"><div class=\"wp-block-group__inner-container is-layout-flow wp-block-group-is-layout-flow\">\n<div class=\"wp-block-columns is-not-stacked-on-mobile is-style-icon-and-text is-layout-flex wp-container-core-columns-is-layout-9d6595d7 wp-block-columns-is-layout-flex\">\n<div class=\"wp-block-column is-vertically-aligned-center is-layout-flow wp-block-column-is-layout-flow\"><div class=\"wp-block-image\">\n<figure class=\"alignright size-large is-resized\"><img decoding=\"async\" src=\"https:\/\/bp2.yoho.pl\/wp-content\/uploads\/2022\/12\/eprofil_profil.svg\" alt=\"\" class=\"wp-image-46563\" width=\"113\" height=\"113\" srcset=\"https:\/\/bp2.yoho.pl\/wp-content\/uploads\/eprofil_profil.svg 150w, https:\/\/bp2.yoho.pl\/wp-content\/uploads\/eprofil_profil.svg 1024w\" sizes=\"(max-width: 113px) 100vw, 113px\" \/><\/figure><\/div><\/div>\n\n\n\n<div class=\"wp-block-column is-vertically-aligned-center is-layout-flow wp-block-column-is-layout-flow\">\n<p class=\"has-text-align-left\">An extensive offer preparation tool for customers with the possibility of personalization and granting any discount.<\/p>\n<\/div>\n<\/div>\n<\/div><\/div>\n\n\n\n<div class=\"wp-block-group\"><div class=\"wp-block-group__inner-container is-layout-flow wp-block-group-is-layout-flow\">\n<div class=\"wp-block-columns is-not-stacked-on-mobile is-style-icon-and-text is-layout-flex wp-container-core-columns-is-layout-9d6595d7 wp-block-columns-is-layout-flex\">\n<div class=\"wp-block-column is-vertically-aligned-center is-layout-flow wp-block-column-is-layout-flow\"><div class=\"wp-block-image\">\n<figure class=\"alignright size-large is-resized\"><img loading=\"lazy\" decoding=\"async\" src=\"https:\/\/bp2.yoho.pl\/wp-content\/uploads\/2022\/12\/zloz-zamowienie_pop.svg\" alt=\"\" class=\"wp-image-46220\" width=\"118\" height=\"113\"\/><\/figure><\/div><\/div>\n\n\n\n<div class=\"wp-block-column is-vertically-aligned-center is-layout-flow wp-block-column-is-layout-flow\">\n<p class=\"has-text-align-left\">All the information you need about processing the order and the payment is available directly in the system.<\/p>\n<\/div>\n<\/div>\n<\/div><\/div>\n\n\n\n<div class=\"wp-block-group\"><div class=\"wp-block-group__inner-container is-layout-flow wp-block-group-is-layout-flow\">\n<div class=\"wp-block-columns is-not-stacked-on-mobile is-style-icon-and-text is-layout-flex wp-container-core-columns-is-layout-9d6595d7 wp-block-columns-is-layout-flex\">\n<div class=\"wp-block-column is-vertically-aligned-center is-layout-flow wp-block-column-is-layout-flow\"><div class=\"wp-block-image\">\n<figure class=\"alignright size-large is-resized\"><img loading=\"lazy\" decoding=\"async\" src=\"https:\/\/bp2.yoho.pl\/wp-content\/uploads\/2022\/12\/aplikacja_pop.svg\" alt=\"\" class=\"wp-image-46232\" width=\"119\" height=\"113\"\/><\/figure><\/div><\/div>\n\n\n\n<div class=\"wp-block-column is-vertically-aligned-center is-layout-flow wp-block-column-is-layout-flow\">\n<p class=\"has-text-align-left\">Quick access to invoices and bills from the Customer Panel.<\/p>\n<\/div>\n<\/div>\n<\/div><\/div>\n<\/div><\/div>\n<\/div>\n\n\n\n<div class=\"wp-block-column is-layout-flow wp-block-column-is-layout-flow\">\n<div class=\"wp-block-cover is-light is-style-full-height\"><span aria-hidden=\"true\" class=\"wp-block-cover__background has-background-dim-0 has-background-dim\"><\/span><img loading=\"lazy\" decoding=\"async\" width=\"1306\" height=\"1864\" class=\"wp-block-cover__image-background wp-image-15221\" alt=\"\" src=\"https:\/\/bp2.yoho.pl\/wp-content\/uploads\/2022\/08\/eprofil-mockup-funkcje.jpg\" style=\"object-position:51% 53%\" data-object-fit=\"cover\" data-object-position=\"51% 53%\" srcset=\"https:\/\/bp2.yoho.pl\/wp-content\/uploads\/2022\/08\/eprofil-mockup-funkcje.jpg 1306w, https:\/\/bp2.yoho.pl\/wp-content\/uploads\/2022\/08\/eprofil-mockup-funkcje-673x960.jpg 673w, https:\/\/bp2.yoho.pl\/wp-content\/uploads\/2022\/08\/eprofil-mockup-funkcje-717x1024.jpg 717w, https:\/\/bp2.yoho.pl\/wp-content\/uploads\/2022\/08\/eprofil-mockup-funkcje-768x1096.jpg 768w, https:\/\/bp2.yoho.pl\/wp-content\/uploads\/2022\/08\/eprofil-mockup-funkcje-1076x1536.jpg 1076w\" sizes=\"(max-width: 1306px) 100vw, 1306px\" \/><div class=\"wp-block-cover__inner-container is-layout-flow wp-block-cover-is-layout-flow\">\n<p class=\"has-text-align-center\"><\/p>\n<\/div><\/div>\n<\/div>\n<\/div>\n<\/div><\/div>\n\n\n\n\n\n<div class=\"wp-block-group\"><div class=\"wp-block-group__inner-container is-layout-flow wp-block-group-is-layout-flow\">\n<div class=\"wp-block-columns is-style-grid fade-in is-layout-flex wp-container-core-columns-is-layout-9d6595d7 wp-block-columns-is-layout-flex\">\n<div class=\"wp-block-column is-layout-flow wp-block-column-is-layout-flow\">\n<div class=\"wp-block-cover is-light is-style-full-width wp-duotone-8c00b7-fcff41-2\"><span aria-hidden=\"true\" class=\"wp-block-cover__background has-dark-gray-background-color has-background-dim-100 has-background-dim\"><\/span><div class=\"wp-block-cover__inner-container is-layout-flow wp-block-cover-is-layout-flow\">\r\n<div class=\"section__data\" data-section=\"Accessibility from any device\"><\/div>\n\n\n<h2 class=\"is-style-h3 wp-block-heading\" id=\"eprofil\"><span class=\"ez-toc-section\" id=\"Accessibility_from_any_device\"><\/span><strong>Accessibility from any device<\/strong><span class=\"ez-toc-section-end\"><\/span><\/h2>\n\n\n\n<p>Nowadays, we know how important time and immediate access to work tools are for our distributors, which is why the key functionality of our system is its mobility.<\/p>\n\n\n\n<p>System <a rel=\"noreferrer noopener\" href=\"https:\/\/eprofil.bp2.eu\/xpertis\/prv\/view\/0x1d9be00\" target=\"_blank\"><span style=\"text-decoration: underline;\">eProfil<\/span><\/a> zosta\u0142 zaprojektowany w oparciu o technologi\u0119 Responsive Web Design, dzi\u0119ki kt\u00f3rej mo\u017cesz w \u0142atwy i wygodny spos\u00f3b porusza\u0107 si\u0119 po platformie na ka\u017cdym urz\u0105dzeniu pod\u0142\u0105czonym do internetu, bez konieczno\u015bci instalacji dedykowanej aplikacji.<\/p>\n\n\n\n<a href=\"itms-services:\/\/?action=download-manifest&#038;url=https:\/\/bp2.milenium.it\/apps\/BlachProfil.plist\" target=\"_blank\" class=\"button button--red \">LOG IN TO THE SYSTEM<\/a><\/div><\/div>\n<\/div>\n\n\n\n<div class=\"wp-block-column is-layout-flow wp-block-column-is-layout-flow\">\n<div class=\"wp-block-cover is-light is-style-full-height\"><span aria-hidden=\"true\" class=\"wp-block-cover__background has-background-dim-0 has-background-dim\"><\/span><img loading=\"lazy\" decoding=\"async\" width=\"1306\" height=\"1864\" class=\"wp-block-cover__image-background wp-image-29820\" alt=\"\" src=\"https:\/\/bp2.yoho.pl\/wp-content\/uploads\/2022\/09\/eprofil-aplikacja-mobilna.jpg\" style=\"object-position:50% 43%\" data-object-fit=\"cover\" data-object-position=\"50% 43%\" srcset=\"https:\/\/bp2.yoho.pl\/wp-content\/uploads\/2022\/09\/eprofil-aplikacja-mobilna.jpg 1306w, https:\/\/bp2.yoho.pl\/wp-content\/uploads\/2022\/09\/eprofil-aplikacja-mobilna-673x960.jpg 673w, https:\/\/bp2.yoho.pl\/wp-content\/uploads\/2022\/09\/eprofil-aplikacja-mobilna-717x1024.jpg 717w, https:\/\/bp2.yoho.pl\/wp-content\/uploads\/2022\/09\/eprofil-aplikacja-mobilna-768x1096.jpg 768w, https:\/\/bp2.yoho.pl\/wp-content\/uploads\/2022\/09\/eprofil-aplikacja-mobilna-1076x1536.jpg 1076w\" sizes=\"(max-width: 1306px) 100vw, 1306px\" \/><div class=\"wp-block-cover__inner-container is-layout-flow wp-block-cover-is-layout-flow\">\n<p class=\"has-text-align-center\"><\/p>\n<\/div><\/div>\n<\/div>\n<\/div>\n<\/div><\/div>\n","protected":false},"excerpt":{"rendered":"<p>THERE ARE THINGS THAT MUST BE FUNCTIONAL eProfil \u2013 Basic system functions Get to know the available functions of our system and find out what possibilities it offers. An easy-to-use and intuitive platform will help you achieve your company&#8217;s goals.<\/p>\n","protected":false},"author":6,"featured_media":0,"parent":0,"menu_order":77,"comment_status":"closed","ping_status":"closed","template":"","meta":{"_acf_changed":false,"content-type":"","footnotes":""},"class_list":["post-46585","page","type-page","status-publish","hentry"],"acf":[],"_links":{"self":[{"href":"https:\/\/bp2.yoho.pl\/en\/wp-json\/wp\/v2\/pages\/46585","targetHints":{"allow":["GET"]}}],"collection":[{"href":"https:\/\/bp2.yoho.pl\/en\/wp-json\/wp\/v2\/pages"}],"about":[{"href":"https:\/\/bp2.yoho.pl\/en\/wp-json\/wp\/v2\/types\/page"}],"author":[{"embeddable":true,"href":"https:\/\/bp2.yoho.pl\/en\/wp-json\/wp\/v2\/users\/6"}],"replies":[{"embeddable":true,"href":"https:\/\/bp2.yoho.pl\/en\/wp-json\/wp\/v2\/comments?post=46585"}],"version-history":[{"count":0,"href":"https:\/\/bp2.yoho.pl\/en\/wp-json\/wp\/v2\/pages\/46585\/revisions"}],"wp:attachment":[{"href":"https:\/\/bp2.yoho.pl\/en\/wp-json\/wp\/v2\/media?parent=46585"}],"curies":[{"name":"wp","href":"https:\/\/api.w.org\/{rel}","templated":true}]}}