{"id":46685,"date":"2022-08-12T14:53:11","date_gmt":"2022-08-12T12:53:11","guid":{"rendered":"https:\/\/bp2.yoho.pl\/podstawowe-funkcje-systemu-eprofil\/"},"modified":"2022-12-14T15:53:58","modified_gmt":"2022-12-14T14:53:58","slug":"podstawowe-funkcje-systemu-eprofil","status":"publish","type":"page","link":"https:\/\/bp2.yoho.pl\/hu\/podstawowe-funkcje-systemu-eprofil\/","title":{"rendered":"Podstawowe Funkcje Systemu \u2013 eProfil"},"content":{"rendered":"\n<div class=\"wp-block-group is-style-with-b2-background\"><div class=\"wp-block-group__inner-container is-layout-flow wp-block-group-is-layout-flow\">\n<div style=\"height:100px\" aria-hidden=\"true\" class=\"wp-block-spacer is-style-small-spacer\"><\/div>\n\n\n\n<p class=\"has-text-align-center noMarginBottom has-red-color has-text-color\"><strong>VANNAK DOLGOK, AMELYEKNEK FUNKCION\u00c1LISNAK KELL LENNI\u00dcK<\/strong><\/p><div id=\"ez-toc-container\" class=\"ez-toc-v2_0_73 ez-toc-wrap-center counter-hierarchy ez-toc-counter ez-toc-transparent ez-toc-container-direction\">\n<div class=\"ez-toc-title-container\">\n<p class=\"ez-toc-title\" style=\"cursor:inherit\">Table of Contents<\/p>\n<span class=\"ez-toc-title-toggle\"><a href=\"#\" class=\"ez-toc-pull-right ez-toc-btn ez-toc-btn-xs ez-toc-btn-default ez-toc-toggle\" aria-label=\"Toggle Table of Content\"><span class=\"ez-toc-js-icon-con\"><span class=\"\"><span class=\"eztoc-hide\" style=\"display:none;\">Toggle<\/span><span class=\"ez-toc-icon-toggle-span\"><svg style=\"fill: #999;color:#999\" xmlns=\"http:\/\/www.w3.org\/2000\/svg\" class=\"list-377408\" width=\"20px\" height=\"20px\" viewBox=\"0 0 24 24\" fill=\"none\"><path d=\"M6 6H4v2h2V6zm14 0H8v2h12V6zM4 11h2v2H4v-2zm16 0H8v2h12v-2zM4 16h2v2H4v-2zm16 0H8v2h12v-2z\" fill=\"currentColor\"><\/path><\/svg><svg style=\"fill: #999;color:#999\" class=\"arrow-unsorted-368013\" xmlns=\"http:\/\/www.w3.org\/2000\/svg\" width=\"10px\" height=\"10px\" viewBox=\"0 0 24 24\" version=\"1.2\" baseProfile=\"tiny\"><path d=\"M18.2 9.3l-6.2-6.3-6.2 6.3c-.2.2-.3.4-.3.7s.1.5.3.7c.2.2.4.3.7.3h11c.3 0 .5-.1.7-.3.2-.2.3-.5.3-.7s-.1-.5-.3-.7zM5.8 14.7l6.2 6.3 6.2-6.3c.2-.2.3-.5.3-.7s-.1-.5-.3-.7c-.2-.2-.4-.3-.7-.3h-11c-.3 0-.5.1-.7.3-.2.2-.3.5-.3.7s.1.5.3.7z\"\/><\/svg><\/span><\/span><\/span><\/a><\/span><\/div>\n<nav><ul class='ez-toc-list ez-toc-list-level-1 ' ><li class='ez-toc-page-1 ez-toc-heading-level-2'><a class=\"ez-toc-link ez-toc-heading-1\" href=\"https:\/\/bp2.yoho.pl\/hu\/podstawowe-funkcje-systemu-eprofil\/#RENDSZERFUNKCIOK_%E2%80%93_EPROFIL\" title=\"RENDSZERFUNKCI\u00d3K &#8211; EPROFIL\">RENDSZERFUNKCI\u00d3K &#8211; EPROFIL<\/a><\/li><li class='ez-toc-page-1 ez-toc-heading-level-2'><a class=\"ez-toc-link ez-toc-heading-2\" href=\"https:\/\/bp2.yoho.pl\/hu\/podstawowe-funkcje-systemu-eprofil\/#Hozzaferhetoseg_barmilyen_eszkozrol\" title=\"Hozz\u00e1f\u00e9rhet\u0151s\u00e9g b\u00e1rmilyen eszk\u00f6zr\u0151l\">Hozz\u00e1f\u00e9rhet\u0151s\u00e9g b\u00e1rmilyen eszk\u00f6zr\u0151l<\/a><ul class='ez-toc-list-level-4' ><li class='ez-toc-heading-level-4'><ul class='ez-toc-list-level-4' ><li class='ez-toc-heading-level-4'><a class=\"ez-toc-link ez-toc-heading-3\" href=\"https:\/\/bp2.yoho.pl\/hu\/podstawowe-funkcje-systemu-eprofil\/#A_rendszerben_elerheto_alapveto_funkciok\" title=\"A rendszerben el\u00e9rhet\u0151 alapvet\u0151 funkci\u00f3k:\">A rendszerben el\u00e9rhet\u0151 alapvet\u0151 funkci\u00f3k:<\/a><\/li><\/ul><\/li><\/ul><\/li><li class='ez-toc-page-1 ez-toc-heading-level-2'><a class=\"ez-toc-link ez-toc-heading-4\" href=\"https:\/\/bp2.yoho.pl\/hu\/podstawowe-funkcje-systemu-eprofil\/#Hozzaferhetoseg_barmilyen_eszkozrol-2\" title=\"Hozz\u00e1f\u00e9rhet\u0151s\u00e9g b\u00e1rmilyen eszk\u00f6zr\u0151l\">Hozz\u00e1f\u00e9rhet\u0151s\u00e9g b\u00e1rmilyen eszk\u00f6zr\u0151l<\/a><\/li><\/ul><\/nav><\/div>\n\n\n\n\n<h2 class=\"has-text-align-center noMarginTop noMarginBottom is-style-h1 wp-block-heading\" style=\"font-size:3.5em\"><span class=\"ez-toc-section\" id=\"RENDSZERFUNKCIOK_%E2%80%93_EPROFIL\"><\/span><strong>RENDSZERFUNKCI\u00d3K &#8211; EPROFIL<\/strong><span class=\"ez-toc-section-end\"><\/span><\/h2>\n\n\n\n<div style=\"height:100px\" aria-hidden=\"true\" class=\"wp-block-spacer is-style-small-spacer\"><\/div>\n<\/div><\/div>\n\n\n\n<div class=\"wp-block-group is-style-narrower-group\"><div class=\"wp-block-group__inner-container is-layout-flow wp-block-group-is-layout-flow\">\n<p class=\"has-text-align-center\" style=\"font-size:22px\">Fedezze fel rendszer\u00fcnk el\u00e9rhet\u0151 funkci\u00f3it, \u00e9s ismerje meg a benne rejl\u0151 lehet\u0151s\u00e9geket. A k\u00f6nnyen kezelhet\u0151 \u00e9s intuit\u00edv platform megk\u00f6nny\u00edti a c\u00e9ge c\u00e9lj\u00e1nak el\u00e9r\u00e9s\u00e9t.<\/p>\n<\/div><\/div>\n\n\n\n<div class=\"wp-block-group\"><div class=\"wp-block-group__inner-container is-layout-flow wp-block-group-is-layout-flow\">\n<div style=\"height:100px\" aria-hidden=\"true\" class=\"wp-block-spacer is-style-smaller-spacer\"><\/div>\n\n\n\n<div class=\"wp-block-columns is-style-grid fade-in is-layout-flex wp-container-core-columns-is-layout-9d6595d7 wp-block-columns-is-layout-flex\">\n<div class=\"wp-block-column is-layout-flow wp-block-column-is-layout-flow\">\r\n<div class=\"section__data\" data-section=\"Hozz\u00e1f\u00e9rhet\u0151s\u00e9g b\u00e1rmilyen eszk\u00f6zr\u0151l\"><\/div>\n\n\n<div class=\"wp-block-cover is-light is-style-full-width wp-duotone-8c00b7-fcff41-1\"><span aria-hidden=\"true\" class=\"wp-block-cover__background has-dark-gray-background-color has-background-dim-100 has-background-dim\"><\/span><div class=\"wp-block-cover__inner-container is-layout-flow wp-block-cover-is-layout-flow\">\n<h2 class=\"is-style-h3 wp-block-heading\"><span class=\"ez-toc-section\" id=\"Hozzaferhetoseg_barmilyen_eszkozrol\"><\/span><strong>Hozz\u00e1f\u00e9rhet\u0151s\u00e9g b\u00e1rmilyen eszk\u00f6zr\u0151l<\/strong><span class=\"ez-toc-section-end\"><\/span><\/h2>\n\n\n\n<p>Napjainkban tudjuk, hogy forgalmaz\u00f3ink sz\u00e1m\u00e1ra mennyire fontos az id\u0151 \u00e9s a munkaeszk\u00f6z\u00f6k azonnali el\u00e9rhet\u0151s\u00e9ge, ez\u00e9rt rendszer\u00fcnk egyik legfontosabb funkci\u00f3ja a mobilit\u00e1s.<\/p>\n\n\n\n<h4 class=\"wp-block-heading\"><span class=\"ez-toc-section\" id=\"A_rendszerben_elerheto_alapveto_funkciok\"><\/span>A rendszerben el\u00e9rhet\u0151 alapvet\u0151 funkci\u00f3k:<span class=\"ez-toc-section-end\"><\/span><\/h4>\n\n\n\n<div class=\"wp-block-group\"><div class=\"wp-block-group__inner-container is-layout-flow wp-block-group-is-layout-flow\">\n<div class=\"wp-block-columns is-not-stacked-on-mobile is-style-icon-and-text is-layout-flex wp-container-core-columns-is-layout-9d6595d7 wp-block-columns-is-layout-flex\">\n<div class=\"wp-block-column is-vertically-aligned-center is-layout-flow wp-block-column-is-layout-flow\"><div class=\"wp-block-image\">\n<figure class=\"alignright size-large is-resized\"><img decoding=\"async\" src=\"https:\/\/bp2.yoho.pl\/wp-content\/uploads\/2022\/12\/eprofil_PDF.svg\" alt=\"\" class=\"wp-image-46577\" width=\"113\" height=\"113\" srcset=\"https:\/\/bp2.yoho.pl\/wp-content\/uploads\/eprofil_PDF.svg 150w, https:\/\/bp2.yoho.pl\/wp-content\/uploads\/eprofil_PDF.svg 1024w\" sizes=\"(max-width: 113px) 100vw, 113px\" \/><\/figure><\/div><\/div>\n\n\n\n<div class=\"wp-block-column is-vertically-aligned-center is-layout-flow wp-block-column-is-layout-flow\">\n<p class=\"has-text-align-left\">Aktu\u00e1lis term\u00e9k \u00e1rlist\u00e1k az aktu\u00e1lis akci\u00f3kkal.<\/p>\n<\/div>\n<\/div>\n<\/div><\/div>\n\n\n\n<div class=\"wp-block-group\"><div class=\"wp-block-group__inner-container is-layout-flow wp-block-group-is-layout-flow\">\n<div class=\"wp-block-columns is-not-stacked-on-mobile is-style-icon-and-text is-layout-flex wp-container-core-columns-is-layout-9d6595d7 wp-block-columns-is-layout-flex\">\n<div class=\"wp-block-column is-vertically-aligned-center is-layout-flow wp-block-column-is-layout-flow\"><div class=\"wp-block-image\">\n<figure class=\"alignright size-large is-resized\"><img decoding=\"async\" src=\"https:\/\/bp2.yoho.pl\/wp-content\/uploads\/2022\/12\/eprofil_dodaj-zamowenie.svg\" alt=\"\" class=\"wp-image-46570\" width=\"113\" height=\"113\" srcset=\"https:\/\/bp2.yoho.pl\/wp-content\/uploads\/eprofil_dodaj-zamowenie.svg 150w, https:\/\/bp2.yoho.pl\/wp-content\/uploads\/eprofil_dodaj-zamowenie.svg 1024w\" sizes=\"(max-width: 113px) 100vw, 113px\" \/><\/figure><\/div><\/div>\n\n\n\n<div class=\"wp-block-column is-vertically-aligned-center is-layout-flow wp-block-column-is-layout-flow\">\n<p class=\"has-text-align-left is-style-default\">A megrendel\u00e9sek egyszer\u0171 \u00e9s gyors bevitele a rendszerbe, ami jelent\u0151sen felgyors\u00edtja a munk\u00e1t.<\/p>\n<\/div>\n<\/div>\n<\/div><\/div>\n\n\n\n<div class=\"wp-block-group\"><div class=\"wp-block-group__inner-container is-layout-flow wp-block-group-is-layout-flow\">\n<div class=\"wp-block-columns is-not-stacked-on-mobile is-style-icon-and-text is-layout-flex wp-container-core-columns-is-layout-9d6595d7 wp-block-columns-is-layout-flex\">\n<div class=\"wp-block-column is-vertically-aligned-center is-layout-flow wp-block-column-is-layout-flow\"><div class=\"wp-block-image\">\n<figure class=\"alignright size-large is-resized\"><img decoding=\"async\" src=\"https:\/\/bp2.yoho.pl\/wp-content\/uploads\/2022\/12\/eprofil_profil.svg\" alt=\"\" class=\"wp-image-46563\" width=\"113\" height=\"113\" srcset=\"https:\/\/bp2.yoho.pl\/wp-content\/uploads\/eprofil_profil.svg 150w, https:\/\/bp2.yoho.pl\/wp-content\/uploads\/eprofil_profil.svg 1024w\" sizes=\"(max-width: 113px) 100vw, 113px\" \/><\/figure><\/div><\/div>\n\n\n\n<div class=\"wp-block-column is-vertically-aligned-center is-layout-flow wp-block-column-is-layout-flow\">\n<p class=\"has-text-align-left\">Kidolgozott aj\u00e1nlatk\u00e9sz\u00edt\u00e9si rendszer, amellyel szem\u00e9lyre szabhat\u00f3 aj\u00e1nlatok k\u00e9sz\u00edthet\u0151k az \u00fcgyfeleknek, amihez b\u00e1rmilyen kedvezm\u00e9ny hozz\u00e1adhat\u00f3.<\/p>\n<\/div>\n<\/div>\n<\/div><\/div>\n\n\n\n<div class=\"wp-block-group\"><div class=\"wp-block-group__inner-container is-layout-flow wp-block-group-is-layout-flow\">\n<div class=\"wp-block-columns is-not-stacked-on-mobile is-style-icon-and-text is-layout-flex wp-container-core-columns-is-layout-9d6595d7 wp-block-columns-is-layout-flex\">\n<div class=\"wp-block-column is-vertically-aligned-center is-layout-flow wp-block-column-is-layout-flow\"><div class=\"wp-block-image\">\n<figure class=\"alignright size-large is-resized\"><img loading=\"lazy\" decoding=\"async\" src=\"https:\/\/bp2.yoho.pl\/wp-content\/uploads\/2022\/12\/zloz-zamowienie_pop.svg\" alt=\"\" class=\"wp-image-46220\" width=\"118\" height=\"113\"\/><\/figure><\/div><\/div>\n\n\n\n<div class=\"wp-block-column is-vertically-aligned-center is-layout-flow wp-block-column-is-layout-flow\">\n<p class=\"has-text-align-left\">A rendszerben k\u00f6zvetlen\u00fcl el\u00e9rhet\u0151 minden sz\u00fcks\u00e9ges inform\u00e1ci\u00f3 a megrendel\u00e9s feldolgoz\u00e1s\u00e1r\u00f3l \u00e9s a fizet\u00e9sr\u0151l.<\/p>\n<\/div>\n<\/div>\n<\/div><\/div>\n\n\n\n<div class=\"wp-block-group\"><div class=\"wp-block-group__inner-container is-layout-flow wp-block-group-is-layout-flow\">\n<div class=\"wp-block-columns is-not-stacked-on-mobile is-style-icon-and-text is-layout-flex wp-container-core-columns-is-layout-9d6595d7 wp-block-columns-is-layout-flex\">\n<div class=\"wp-block-column is-vertically-aligned-center is-layout-flow wp-block-column-is-layout-flow\"><div class=\"wp-block-image\">\n<figure class=\"alignright size-large is-resized\"><img loading=\"lazy\" decoding=\"async\" src=\"https:\/\/bp2.yoho.pl\/wp-content\/uploads\/2022\/12\/aplikacja_pop.svg\" alt=\"\" class=\"wp-image-46232\" width=\"119\" height=\"113\"\/><\/figure><\/div><\/div>\n\n\n\n<div class=\"wp-block-column is-vertically-aligned-center is-layout-flow wp-block-column-is-layout-flow\">\n<p class=\"has-text-align-left\">Gyors hozz\u00e1f\u00e9r\u00e9s a sz\u00e1ml\u00e1khoz \u00e9s bizonylatokhoz az \u00fcgyf\u00e9lpanelr\u0151l.<\/p>\n<\/div>\n<\/div>\n<\/div><\/div>\n<\/div><\/div>\n<\/div>\n\n\n\n<div class=\"wp-block-column is-layout-flow wp-block-column-is-layout-flow\">\n<div class=\"wp-block-cover is-light is-style-full-height\"><span aria-hidden=\"true\" class=\"wp-block-cover__background has-background-dim-0 has-background-dim\"><\/span><img loading=\"lazy\" decoding=\"async\" width=\"1306\" height=\"1864\" class=\"wp-block-cover__image-background wp-image-15221\" alt=\"\" src=\"https:\/\/bp2.yoho.pl\/wp-content\/uploads\/2022\/08\/eprofil-mockup-funkcje.jpg\" style=\"object-position:51% 53%\" data-object-fit=\"cover\" data-object-position=\"51% 53%\" srcset=\"https:\/\/bp2.yoho.pl\/wp-content\/uploads\/2022\/08\/eprofil-mockup-funkcje.jpg 1306w, https:\/\/bp2.yoho.pl\/wp-content\/uploads\/2022\/08\/eprofil-mockup-funkcje-673x960.jpg 673w, https:\/\/bp2.yoho.pl\/wp-content\/uploads\/2022\/08\/eprofil-mockup-funkcje-717x1024.jpg 717w, https:\/\/bp2.yoho.pl\/wp-content\/uploads\/2022\/08\/eprofil-mockup-funkcje-768x1096.jpg 768w, https:\/\/bp2.yoho.pl\/wp-content\/uploads\/2022\/08\/eprofil-mockup-funkcje-1076x1536.jpg 1076w\" sizes=\"(max-width: 1306px) 100vw, 1306px\" \/><div class=\"wp-block-cover__inner-container is-layout-flow wp-block-cover-is-layout-flow\">\n<p class=\"has-text-align-center\"><\/p>\n<\/div><\/div>\n<\/div>\n<\/div>\n<\/div><\/div>\n\n\n\n\n\n<div class=\"wp-block-group\"><div class=\"wp-block-group__inner-container is-layout-flow wp-block-group-is-layout-flow\">\n<div class=\"wp-block-columns is-style-grid fade-in is-layout-flex wp-container-core-columns-is-layout-9d6595d7 wp-block-columns-is-layout-flex\">\n<div class=\"wp-block-column is-layout-flow wp-block-column-is-layout-flow\">\n<div class=\"wp-block-cover is-light is-style-full-width wp-duotone-8c00b7-fcff41-2\"><span aria-hidden=\"true\" class=\"wp-block-cover__background has-dark-gray-background-color has-background-dim-100 has-background-dim\"><\/span><div class=\"wp-block-cover__inner-container is-layout-flow wp-block-cover-is-layout-flow\">\r\n<div class=\"section__data\" data-section=\"Hozz\u00e1f\u00e9rhet\u0151s\u00e9g b\u00e1rmilyen eszk\u00f6zr\u0151l\"><\/div>\n\n\n<h2 class=\"is-style-h3 wp-block-heading\" id=\"eprofil\"><span class=\"ez-toc-section\" id=\"Hozzaferhetoseg_barmilyen_eszkozrol-2\"><\/span><strong>Hozz\u00e1f\u00e9rhet\u0151s\u00e9g b\u00e1rmilyen eszk\u00f6zr\u0151l<\/strong><span class=\"ez-toc-section-end\"><\/span><\/h2>\n\n\n\n<p>Napjainkban tudjuk, hogy forgalmaz\u00f3ink sz\u00e1m\u00e1ra mennyire fontos az id\u0151 \u00e9s a munkaeszk\u00f6z\u00f6k azonnali el\u00e9rhet\u0151s\u00e9ge, ez\u00e9rt rendszer\u00fcnk egyik legfontosabb funkci\u00f3ja a mobilit\u00e1s.<\/p>\n\n\n\n<p>Napjainkban tudjuk, hogy forgalmaz\u00f3ink sz\u00e1m\u00e1ra mennyire fontos az id\u0151 \u00e9s a munkaeszk\u00f6z\u00f6kh\u00f6z val\u00f3 azonnali hozz\u00e1f\u00e9r\u00e9s, ez\u00e9rt rendszer\u00fcnk egyik legfontosabb funkci\u00f3ja a mobilit\u00e1s.<\/p>\n\n\n\n<a href=\"itms-services:\/\/?action=download-manifest&#038;url=https:\/\/bp2.milenium.it\/apps\/BlachProfil.plist\" target=\"_blank\" class=\"button button--red \">JELENTKEZZEN BE A RENDSZERBE<\/a><\/div><\/div>\n<\/div>\n\n\n\n<div class=\"wp-block-column is-layout-flow wp-block-column-is-layout-flow\">\n<div class=\"wp-block-cover is-light is-style-full-height\"><span aria-hidden=\"true\" class=\"wp-block-cover__background has-background-dim-0 has-background-dim\"><\/span><img loading=\"lazy\" decoding=\"async\" width=\"1306\" height=\"1864\" class=\"wp-block-cover__image-background wp-image-29820\" alt=\"\" src=\"https:\/\/bp2.yoho.pl\/wp-content\/uploads\/2022\/09\/eprofil-aplikacja-mobilna.jpg\" style=\"object-position:50% 43%\" data-object-fit=\"cover\" data-object-position=\"50% 43%\" srcset=\"https:\/\/bp2.yoho.pl\/wp-content\/uploads\/2022\/09\/eprofil-aplikacja-mobilna.jpg 1306w, https:\/\/bp2.yoho.pl\/wp-content\/uploads\/2022\/09\/eprofil-aplikacja-mobilna-673x960.jpg 673w, https:\/\/bp2.yoho.pl\/wp-content\/uploads\/2022\/09\/eprofil-aplikacja-mobilna-717x1024.jpg 717w, https:\/\/bp2.yoho.pl\/wp-content\/uploads\/2022\/09\/eprofil-aplikacja-mobilna-768x1096.jpg 768w, https:\/\/bp2.yoho.pl\/wp-content\/uploads\/2022\/09\/eprofil-aplikacja-mobilna-1076x1536.jpg 1076w\" sizes=\"(max-width: 1306px) 100vw, 1306px\" \/><div class=\"wp-block-cover__inner-container is-layout-flow wp-block-cover-is-layout-flow\">\n<p class=\"has-text-align-center\"><\/p>\n<\/div><\/div>\n<\/div>\n<\/div>\n<\/div><\/div>\n","protected":false},"excerpt":{"rendered":"<p>VANNAK DOLGOK, AMELYEKNEK FUNKCION\u00c1LISNAK KELL LENNI\u00dcK RENDSZERFUNKCI\u00d3K &#8211; EPROFIL Fedezze fel rendszer\u00fcnk el\u00e9rhet\u0151 funkci\u00f3it, \u00e9s ismerje meg a benne rejl\u0151 lehet\u0151s\u00e9geket. A k\u00f6nnyen kezelhet\u0151 \u00e9s intuit\u00edv platform megk\u00f6nny\u00edti a c\u00e9ge c\u00e9lj\u00e1nak el\u00e9r\u00e9s\u00e9t.<\/p>\n","protected":false},"author":6,"featured_media":0,"parent":0,"menu_order":78,"comment_status":"closed","ping_status":"closed","template":"","meta":{"_acf_changed":false,"content-type":"","footnotes":""},"class_list":["post-46685","page","type-page","status-publish","hentry"],"acf":[],"_links":{"self":[{"href":"https:\/\/bp2.yoho.pl\/hu\/wp-json\/wp\/v2\/pages\/46685","targetHints":{"allow":["GET"]}}],"collection":[{"href":"https:\/\/bp2.yoho.pl\/hu\/wp-json\/wp\/v2\/pages"}],"about":[{"href":"https:\/\/bp2.yoho.pl\/hu\/wp-json\/wp\/v2\/types\/page"}],"author":[{"embeddable":true,"href":"https:\/\/bp2.yoho.pl\/hu\/wp-json\/wp\/v2\/users\/6"}],"replies":[{"embeddable":true,"href":"https:\/\/bp2.yoho.pl\/hu\/wp-json\/wp\/v2\/comments?post=46685"}],"version-history":[{"count":0,"href":"https:\/\/bp2.yoho.pl\/hu\/wp-json\/wp\/v2\/pages\/46685\/revisions"}],"wp:attachment":[{"href":"https:\/\/bp2.yoho.pl\/hu\/wp-json\/wp\/v2\/media?parent=46685"}],"curies":[{"name":"wp","href":"https:\/\/api.w.org\/{rel}","templated":true}]}}