{"id":46703,"date":"2022-01-05T14:14:44","date_gmt":"2022-01-05T13:14:44","guid":{"rendered":"https:\/\/bp2.yoho.pl\/oferta\/"},"modified":"2023-03-03T14:50:43","modified_gmt":"2023-03-03T13:50:43","slug":"ajanlat","status":"publish","type":"page","link":"https:\/\/bp2.yoho.pl\/hu\/ajanlat\/","title":{"rendered":"Aj\u00e1nlat"},"content":{"rendered":"\n<div class=\"wp-block-group is-style-with-b2-background\"><div class=\"wp-block-group__inner-container is-layout-flow wp-block-group-is-layout-flow\">\n<div style=\"height:100px\" aria-hidden=\"true\" class=\"wp-block-spacer is-style-small-spacer\"><\/div>\n\n\n\n<p class=\"has-text-align-center noMarginBottom has-red-color has-text-color\"><strong>MEGTAL\u00c1LNI A T\u00d6K\u00c9LETES FEDEZETET AZ \u00d6N IG\u00c9NYEINEK MEGFELEL\u0150EN<\/strong><\/p><div id=\"ez-toc-container\" class=\"ez-toc-v2_0_73 ez-toc-wrap-center counter-hierarchy ez-toc-counter ez-toc-transparent ez-toc-container-direction\">\n<div class=\"ez-toc-title-container\">\n<p class=\"ez-toc-title\" style=\"cursor:inherit\">Table of Contents<\/p>\n<span class=\"ez-toc-title-toggle\"><a href=\"#\" class=\"ez-toc-pull-right ez-toc-btn ez-toc-btn-xs ez-toc-btn-default ez-toc-toggle\" aria-label=\"Toggle Table of Content\"><span class=\"ez-toc-js-icon-con\"><span class=\"\"><span class=\"eztoc-hide\" style=\"display:none;\">Toggle<\/span><span class=\"ez-toc-icon-toggle-span\"><svg style=\"fill: #999;color:#999\" xmlns=\"http:\/\/www.w3.org\/2000\/svg\" class=\"list-377408\" width=\"20px\" height=\"20px\" viewBox=\"0 0 24 24\" fill=\"none\"><path d=\"M6 6H4v2h2V6zm14 0H8v2h12V6zM4 11h2v2H4v-2zm16 0H8v2h12v-2zM4 16h2v2H4v-2zm16 0H8v2h12v-2z\" fill=\"currentColor\"><\/path><\/svg><svg style=\"fill: #999;color:#999\" class=\"arrow-unsorted-368013\" xmlns=\"http:\/\/www.w3.org\/2000\/svg\" width=\"10px\" height=\"10px\" viewBox=\"0 0 24 24\" version=\"1.2\" baseProfile=\"tiny\"><path d=\"M18.2 9.3l-6.2-6.3-6.2 6.3c-.2.2-.3.4-.3.7s.1.5.3.7c.2.2.4.3.7.3h11c.3 0 .5-.1.7-.3.2-.2.3-.5.3-.7s-.1-.5-.3-.7zM5.8 14.7l6.2 6.3 6.2-6.3c.2-.2.3-.5.3-.7s-.1-.5-.3-.7c-.2-.2-.4-.3-.7-.3h-11c-.3 0-.5.1-.7.3-.2.2-.3.5-.3.7s.1.5.3.7z\"\/><\/svg><\/span><\/span><\/span><\/a><\/span><\/div>\n<nav><ul class='ez-toc-list ez-toc-list-level-1 ' ><li class='ez-toc-page-1 ez-toc-heading-level-1'><a class=\"ez-toc-link ez-toc-heading-1\" href=\"https:\/\/bp2.yoho.pl\/hu\/ajanlat\/#AJANLATUNK\" title=\"AJ\u00c1NLATUNK\">AJ\u00c1NLATUNK<\/a><ul class='ez-toc-list-level-3' ><li class='ez-toc-heading-level-3'><ul class='ez-toc-list-level-3' ><li class='ez-toc-heading-level-3'><a class=\"ez-toc-link ez-toc-heading-2\" href=\"https:\/\/bp2.yoho.pl\/hu\/ajanlat\/#LAKOSSAGI_EPITKEZES\" title=\"LAKOSS\u00c1GI \u00c9P\u00cdTKEZ\u00c9S\">LAKOSS\u00c1GI \u00c9P\u00cdTKEZ\u00c9S<\/a><\/li><li class='ez-toc-page-1 ez-toc-heading-level-3'><a class=\"ez-toc-link ez-toc-heading-3\" href=\"https:\/\/bp2.yoho.pl\/hu\/ajanlat\/#IPARI_LETESITMENYEK\" title=\"IPARI L\u00c9TES\u00cdTM\u00c9NYEK\">IPARI L\u00c9TES\u00cdTM\u00c9NYEK<\/a><\/li><li class='ez-toc-page-1 ez-toc-heading-level-3'><a class=\"ez-toc-link ez-toc-heading-4\" href=\"https:\/\/bp2.yoho.pl\/hu\/ajanlat\/#Acelipari_Szolgaltatokozpont\" title=\"Ac\u00e9lipari Szolg\u00e1ltat\u00f3k\u00f6zpont\">Ac\u00e9lipari Szolg\u00e1ltat\u00f3k\u00f6zpont<\/a><\/li><\/ul><\/li><\/ul><\/li><\/ul><\/nav><\/div>\n\n\n\n\n<h1 class=\"has-text-align-center is-style-h1 noMarginTop noMarginBottom wp-block-heading\" style=\"font-size:3.5em\"><span class=\"ez-toc-section\" id=\"AJANLATUNK\"><\/span><strong>AJ\u00c1NLATUNK<\/strong><span class=\"ez-toc-section-end\"><\/span><\/h1>\n\n\n\n<div style=\"height:100px\" aria-hidden=\"true\" class=\"wp-block-spacer is-style-small-spacer\"><\/div>\n<\/div><\/div>\n\n\n\n<div class=\"wp-block-group is-style-narrow-group\"><div class=\"wp-block-group__inner-container is-layout-flow wp-block-group-is-layout-flow\">\n<p class=\"has-text-align-center\" style=\"font-size:22px\">\u00c1tfog\u00f3 megold\u00e1sokat gy\u00e1rtunk az \u00e9p\u00edt\u0151ipar sz\u00e1m\u00e1ra. A beruh\u00e1z\u00e1si \u00e9s csal\u00e1di \u00e9p\u00edtkez\u00e9sekhez sz\u00e1nt term\u00e9kek eg\u00e9sz sor\u00e1t k\u00edn\u00e1ljuk, azaz tet\u0151fed\u00e9seket, szerkezeti lemezeket, homlokzati rendszereket, szendvicspaneleket, falkazett\u00e1kat, ereszcsatorna rendszereket, valamint ac\u00e9lszervizk\u00f6zpontunkban speci\u00e1lis ac\u00e9lfeldolgoz\u00e1si szolg\u00e1ltat\u00e1sokat ny\u00fajtunk. Folyamatosan b\u0151v\u00edtj\u00fck term\u00e9kpalett\u00e1nkat, alkalmazkodva a piaci ig\u00e9nyekhez \u00e9s a technol\u00f3giai fejl\u0151d\u00e9shez.<\/p>\n<\/div><\/div>\n\n\n\n<div class=\"wp-block-group is-style-narrow-group\"><div class=\"wp-block-group__inner-container is-layout-flow wp-block-group-is-layout-flow\">\n<p class=\"has-text-align-center\"><\/p>\n\n\n\n<div style=\"height:100px\" aria-hidden=\"true\" class=\"wp-block-spacer is-style-small-spacer\"><\/div>\n<\/div><\/div>\n\n\n\n<div class=\"wp-block-group\"><div class=\"wp-block-group__inner-container is-layout-flow wp-block-group-is-layout-flow\">\n<div class=\"wp-block-columns is-style-grid is-layout-flex wp-container-core-columns-is-layout-9d6595d7 wp-block-columns-is-layout-flex\">\n<div class=\"wp-block-column is-layout-flow wp-block-column-is-layout-flow\">\n<div class=\"wp-block-cover is-style-full-height\"><span aria-hidden=\"true\" class=\"wp-block-cover__background has-background-dim-0 has-background-dim\"><\/span><img fetchpriority=\"high\" decoding=\"async\" width=\"804\" height=\"538\" class=\"wp-block-cover__image-background wp-image-783\" alt=\"\" src=\"https:\/\/bp2.yoho.pl\/wp-content\/uploads\/2022\/02\/bp2_oferta_1.png\" data-object-fit=\"cover\" srcset=\"https:\/\/bp2.yoho.pl\/wp-content\/uploads\/2022\/02\/bp2_oferta_1.png 804w, https:\/\/bp2.yoho.pl\/wp-content\/uploads\/2022\/02\/bp2_oferta_1-768x514.png 768w\" sizes=\"(max-width: 804px) 100vw, 804px\" \/><div class=\"wp-block-cover__inner-container is-layout-flow wp-block-cover-is-layout-flow\">\n<p class=\"has-text-align-center has-large-font-size\"><\/p>\n<\/div><\/div>\n<\/div>\n\n\n\n<div class=\"wp-block-column is-layout-flow wp-block-column-is-layout-flow\">\n<div class=\"wp-block-cover is-light is-style-full-height\"><span aria-hidden=\"true\" class=\"wp-block-cover__background has-dark-gray-background-color has-background-dim-100 has-background-dim\"><\/span><div class=\"wp-block-cover__inner-container is-layout-flow wp-block-cover-is-layout-flow\">\n<h3 class=\"header-with-icon \"><span class=\"ez-toc-section\" id=\"LAKOSSAGI_EPITKEZES\"><\/span>\n<span class=\"header-with-icon__icon\"><img decoding=\"async\" src=\"https:\/\/bp2.yoho.pl\/wp-content\/uploads\/2022\/01\/home-icon.png\" alt=\"LAKOSS\u00c1GI \u00c9P\u00cdTKEZ\u00c9S\"><\/span>\n<span class=\"header-with-icon__content\">LAKOSS\u00c1GI \u00c9P\u00cdTKEZ\u00c9S<\/span>\n<span class=\"ez-toc-section-end\"><\/span><\/h3>\n\n\n<ul class=\"links-list links-list--multiple \">\n                    <li class=\"links-list__item\">\n            <a href=\"https:\/\/bp2.yoho.pl\/hu\/ajanlat\/lakoepuletek-epitese\/?type=modularis-cserepeslemezek\">\n                <span class=\"links-list__smallTitle\">Modul\u00e1ris cserepeslemezek<\/span>                <span class=\"links-list__title\">MODULAR SERIES<\/span>            <\/a>\n        <\/li>\n                    <li class=\"links-list__item\">\n            <a href=\"https:\/\/bp2.yoho.pl\/hu\/ajanlat\/lakoepuletek-epitese\/?type=kompakt-tetocserepek\">\n                <span class=\"links-list__smallTitle\">Kompakt tet\u0151cserepek<\/span>                <span class=\"links-list__title\">COMPACT SERIES<\/span>            <\/a>\n        <\/li>\n                    <li class=\"links-list__item\">\n            <a href=\"https:\/\/bp2.yoho.pl\/hu\/ajanlat\/lakoepuletek-epitese\/?type=meretre-vagott-cserepeslemezek\">\n                <span class=\"links-list__smallTitle\">M\u00e9retre v\u00e1gott cserepeslemezek<\/span>                <span class=\"links-list__title\">CLASSIC SERIES<\/span>            <\/a>\n        <\/li>\n                    <li class=\"links-list__item\">\n            <a href=\"https:\/\/bp2.yoho.pl\/hu\/ajanlat\/lakoepuletek-epitese\/?type=tetopanelek\">\n                <span class=\"links-list__smallTitle\">Tet\u0151panelek<\/span>                <span class=\"links-list__title\">PANEL SERIES<\/span>            <\/a>\n        <\/li>\n                    <li class=\"links-list__item\">\n            <a href=\"https:\/\/bp2.yoho.pl\/hu\/ajanlat\/lakoepuletek-epitese\/?type=trapezlemezek-hu\">\n                <span class=\"links-list__smallTitle\">Tet\u0151fed\u0151 \u00e9s homlokzati <\/span>                <span class=\"links-list__title\">Trap\u00e9zlemezek<\/span>            <\/a>\n        <\/li>\n                    <li class=\"links-list__item\">\n            <a href=\"https:\/\/bp2.yoho.pl\/hu\/ajanlat\/lakoepuletek-epitese\/?type=ereszcsatorna-rendszerek\">\n                <span class=\"links-list__smallTitle\">Ereszcsatorna-rendszerek<\/span>                <span class=\"links-list__title\">INGURI<\/span>            <\/a>\n        <\/li>\n                    <li class=\"links-list__item\">\n            <a href=\"https:\/\/bp2.yoho.pl\/hu\/ajanlat\/lakoepuletek-epitese\/?type=badogos-termekek\">\n                                <span class=\"links-list__title\">B\u00e1dogos elemek<\/span>            <\/a>\n        <\/li>\n                    <li class=\"links-list__item\">\n            <a href=\"https:\/\/bp2.yoho.pl\/hu\/ajanlat\/lakoepuletek-epitese\/?type=tartozekok\">\n                                <span class=\"links-list__title\">Tartoz\u00e9kok<\/span>            <\/a>\n        <\/li>\n                    <li class=\"links-list__item\">\n            <a href=\"https:\/\/bp2.yoho.pl\/hu\/ajanlat\/lakoepuletek-epitese\/?type=siklemezek\">\n                                <span class=\"links-list__title\">S\u00edklemezek<\/span>            <\/a>\n        <\/li>\n    <\/ul><\/div><\/div>\n<\/div>\n<\/div>\n\n\n\n<div class=\"wp-block-columns is-style-mobile-reverse is-style-grid fade-in is-layout-flex wp-container-core-columns-is-layout-9d6595d7 wp-block-columns-is-layout-flex\">\n<div class=\"wp-block-column is-layout-flow wp-block-column-is-layout-flow\">\n<div class=\"wp-block-cover is-light is-style-full-height\"><span aria-hidden=\"true\" class=\"wp-block-cover__background has-dark-gray-background-color has-background-dim-100 has-background-dim\"><\/span><div class=\"wp-block-cover__inner-container is-layout-flow wp-block-cover-is-layout-flow\">\n<h3 class=\"header-with-icon \"><span class=\"ez-toc-section\" id=\"IPARI_LETESITMENYEK\"><\/span>\n<span class=\"header-with-icon__icon\"><img decoding=\"async\" src=\"https:\/\/bp2.yoho.pl\/wp-content\/uploads\/2022\/02\/noun_mall_3821276.png\" alt=\"IPARI L\u00c9TES\u00cdTM\u00c9NYEK\"><\/span>\n<span class=\"header-with-icon__content\">IPARI L\u00c9TES\u00cdTM\u00c9NYEK<\/span>\n<span class=\"ez-toc-section-end\"><\/span><\/h3>\n\n\n<ul class=\"links-list links-list--single \">\n                    <li class=\"links-list__item\">\n            <a href=\"https:\/\/bp2.yoho.pl\/hu\/ajanlat\/ipari-letesitmenyek\/?type=kazettas-homlokzatburkolatok\">\n                <span class=\"links-list__smallTitle\">Homlokzati burkolatok<\/span>                <span class=\"links-list__title\">SKRIN, LINEA, SINUS<\/span>            <\/a>\n        <\/li>\n                    <li class=\"links-list__item\">\n            <a href=\"https:\/\/bp2.yoho.pl\/hu\/ajanlat\/ipari-letesitmenyek\/?type=szendvics-panelek-corepir\">\n                <span class=\"links-list__smallTitle\">CorePIR<\/span>                <span class=\"links-list__title\">Szendvics panelek <\/span>            <\/a>\n        <\/li>\n                    <li class=\"links-list__item\">\n            <a href=\"https:\/\/bp2.yoho.pl\/hu\/ajanlat\/ipari-letesitmenyek\/?type=szendvics-panelek-corewool\">\n                <span class=\"links-list__smallTitle\">CoreWOOL<\/span>                <span class=\"links-list__title\">Szendvics panelek <\/span>            <\/a>\n        <\/li>\n                    <li class=\"links-list__item\">\n            <a href=\"https:\/\/bp2.yoho.pl\/hu\/ajanlat\/ipari-letesitmenyek\/?type=falkazetta-es-prosystherm\">\n                                <span class=\"links-list__title\">Falkazett\u00e1k \u00e9s PROSYSTEM<\/span>            <\/a>\n        <\/li>\n                    <li class=\"links-list__item\">\n            <a href=\"https:\/\/bp2.yoho.pl\/hu\/ajanlat\/ipari-letesitmenyek\/?type=trapezlemezek\">\n                <span class=\"links-list__smallTitle\">Tet\u0151fed\u0151 \u00e9s homlokzati <\/span>                <span class=\"links-list__title\">Trap\u00e9zlemezek<\/span>            <\/a>\n        <\/li>\n    <\/ul><\/div><\/div>\n<\/div>\n\n\n\n<div class=\"wp-block-column is-layout-flow wp-block-column-is-layout-flow\">\n<div class=\"wp-block-cover is-light is-style-full-height\"><span aria-hidden=\"true\" class=\"wp-block-cover__background has-background-dim-0 has-background-dim\"><\/span><img decoding=\"async\" width=\"804\" height=\"487\" class=\"wp-block-cover__image-background wp-image-789\" alt=\"\" src=\"https:\/\/bp2.yoho.pl\/wp-content\/uploads\/2022\/02\/bp2_oferta_2.png\" data-object-fit=\"cover\" srcset=\"https:\/\/bp2.yoho.pl\/wp-content\/uploads\/2022\/02\/bp2_oferta_2.png 804w, https:\/\/bp2.yoho.pl\/wp-content\/uploads\/2022\/02\/bp2_oferta_2-768x465.png 768w\" sizes=\"(max-width: 804px) 100vw, 804px\" \/><div class=\"wp-block-cover__inner-container is-layout-flow wp-block-cover-is-layout-flow\">\n<p class=\"has-text-align-center has-large-font-size\"><\/p>\n<\/div><\/div>\n<\/div>\n<\/div>\n\n\n\n<div class=\"wp-block-columns is-style-grid is-layout-flex wp-container-core-columns-is-layout-9d6595d7 wp-block-columns-is-layout-flex\">\n<div class=\"wp-block-column is-layout-flow wp-block-column-is-layout-flow\">\n<div class=\"wp-block-cover is-style-full-height\"><span aria-hidden=\"true\" class=\"wp-block-cover__background has-background-dim-0 has-background-dim\"><\/span><img decoding=\"async\" width=\"804\" height=\"393\" class=\"wp-block-cover__image-background wp-image-57450\" alt=\"\" src=\"https:\/\/bp2.yoho.pl\/wp-content\/uploads\/2023\/01\/vss.jpg\" data-object-fit=\"cover\" srcset=\"https:\/\/bp2.yoho.pl\/wp-content\/uploads\/2023\/01\/vss.jpg 804w, https:\/\/bp2.yoho.pl\/wp-content\/uploads\/2023\/01\/vss-768x375.jpg 768w\" sizes=\"(max-width: 804px) 100vw, 804px\" \/><div class=\"wp-block-cover__inner-container is-layout-flow wp-block-cover-is-layout-flow\">\n<p class=\"has-text-align-center has-large-font-size\"><\/p>\n<\/div><\/div>\n<\/div>\n\n\n\n<div class=\"wp-block-column is-layout-flow wp-block-column-is-layout-flow\">\n<div class=\"wp-block-cover is-light is-style-full-height\"><span aria-hidden=\"true\" class=\"wp-block-cover__background has-dark-gray-background-color has-background-dim-100 has-background-dim\"><\/span><div class=\"wp-block-cover__inner-container is-layout-flow wp-block-cover-is-layout-flow\">\n<h3 class=\"header-with-icon \"><span class=\"ez-toc-section\" id=\"Acelipari_Szolgaltatokozpont\"><\/span>\n<span class=\"header-with-icon__icon\"><img decoding=\"async\" src=\"https:\/\/bp2.yoho.pl\/wp-content\/uploads\/2022\/02\/Path-99.png\" alt=\"Ac\u00e9lipari Szolg\u00e1ltat\u00f3k\u00f6zpont\"><\/span>\n<span class=\"header-with-icon__content\">Ac\u00e9lipari Szolg\u00e1ltat\u00f3k\u00f6zpont<\/span>\n<span class=\"ez-toc-section-end\"><\/span><\/h3>\n\n\n<ul class=\"links-list links-list--single \">\n                    <li class=\"links-list__item\">\n            <a href=\"https:\/\/vss.sk\/hu\/?post_type=product&#038;p=33617\">\n                                <span class=\"links-list__title\">S\u00edklemezek<\/span>            <\/a>\n        <\/li>\n                    <li class=\"links-list__item\">\n            <a href=\"https:\/\/vss.sk\/hu\/termek\/vagasi-es-attekercselesi-szolgaltatasok\/\">\n                                <span class=\"links-list__title\">V\u00e1g\u00e1si \u00e9s \u00e1ttekercsel\u00e9si szolg\u00e1ltat\u00e1sok<\/span>            <\/a>\n        <\/li>\n                    <li class=\"links-list__item\">\n            <a href=\"https:\/\/vss.sk\/hu\/termek\/lemez-perforacio\/\">\n                                <span class=\"links-list__title\">Lemez perfor\u00e1ci\u00f3<\/span>            <\/a>\n        <\/li>\n                    <li class=\"links-list__item\">\n            <a href=\"https:\/\/vss.sk\/hu\/termek\/vedelem-es-csomagolas\/\">\n                                <span class=\"links-list__title\">V\u00e9delem \u00e9s csomagol\u00e1s<\/span>            <\/a>\n        <\/li>\n    <\/ul><\/div><\/div>\n<\/div>\n<\/div>\n\n\n\n<div style=\"height:100px\" aria-hidden=\"true\" class=\"wp-block-spacer is-style-small-spacer\"><\/div>\n<\/div><\/div>\n","protected":false},"excerpt":{"rendered":"<p>MEGTAL\u00c1LNI A T\u00d6K\u00c9LETES FEDEZETET AZ \u00d6N IG\u00c9NYEINEK MEGFELEL\u0150EN AJ\u00c1NLATUNK \u00c1tfog\u00f3 megold\u00e1sokat gy\u00e1rtunk az \u00e9p\u00edt\u0151ipar sz\u00e1m\u00e1ra. A beruh\u00e1z\u00e1si \u00e9s csal\u00e1di \u00e9p\u00edtkez\u00e9sekhez sz\u00e1nt term\u00e9kek eg\u00e9sz sor\u00e1t k\u00edn\u00e1ljuk, azaz tet\u0151fed\u00e9seket, szerkezeti lemezeket, homlokzati rendszereket, szendvicspaneleket, falkazett\u00e1kat, ereszcsatorna rendszereket, valamint ac\u00e9lszervizk\u00f6zpontunkban speci\u00e1lis ac\u00e9lfeldolgoz\u00e1si szolg\u00e1ltat\u00e1sokat ny\u00fajtunk. Folyamatosan b\u0151v\u00edtj\u00fck term\u00e9kpalett\u00e1nkat, alkalmazkodva a piaci ig\u00e9nyekhez \u00e9s a technol\u00f3giai fejl\u0151d\u00e9shez.<\/p>\n","protected":false},"author":1,"featured_media":0,"parent":0,"menu_order":127,"comment_status":"closed","ping_status":"closed","template":"templates\/offer.php","meta":{"_acf_changed":false,"content-type":"","footnotes":""},"class_list":["post-46703","page","type-page","status-publish","hentry"],"acf":[],"_links":{"self":[{"href":"https:\/\/bp2.yoho.pl\/hu\/wp-json\/wp\/v2\/pages\/46703","targetHints":{"allow":["GET"]}}],"collection":[{"href":"https:\/\/bp2.yoho.pl\/hu\/wp-json\/wp\/v2\/pages"}],"about":[{"href":"https:\/\/bp2.yoho.pl\/hu\/wp-json\/wp\/v2\/types\/page"}],"author":[{"embeddable":true,"href":"https:\/\/bp2.yoho.pl\/hu\/wp-json\/wp\/v2\/users\/1"}],"replies":[{"embeddable":true,"href":"https:\/\/bp2.yoho.pl\/hu\/wp-json\/wp\/v2\/comments?post=46703"}],"version-history":[{"count":0,"href":"https:\/\/bp2.yoho.pl\/hu\/wp-json\/wp\/v2\/pages\/46703\/revisions"}],"wp:attachment":[{"href":"https:\/\/bp2.yoho.pl\/hu\/wp-json\/wp\/v2\/media?parent=46703"}],"curies":[{"name":"wp","href":"https:\/\/api.w.org\/{rel}","templated":true}]}}