{"id":49847,"date":"2022-03-24T12:59:36","date_gmt":"2022-03-24T11:59:36","guid":{"rendered":"https:\/\/bp2.yoho.pl\/kariera\/"},"modified":"2023-02-20T15:28:32","modified_gmt":"2023-02-20T14:28:32","slug":"kariera","status":"publish","type":"page","link":"https:\/\/bp2.yoho.pl\/sk\/kariera\/","title":{"rendered":"KARI\u00c9RA"},"content":{"rendered":"\n<div class=\"wp-block-group is-style-with-b2-background\"><div class=\"wp-block-group__inner-container is-layout-flow wp-block-group-is-layout-flow\">\n<div style=\"height:100px\" aria-hidden=\"true\" class=\"wp-block-spacer is-style-small-spacer\"><\/div>\n\n\n\n<p class=\"has-text-align-center noMarginBottom has-red-color has-text-color\"><strong>EXISTUJ\u00da SPOLO\u010cNOSTI, PRE KTOR\u00c9 SA OPLAT\u00cd PRACOVA\u0164<\/strong><\/p><div id=\"ez-toc-container\" class=\"ez-toc-v2_0_73 ez-toc-wrap-center counter-hierarchy ez-toc-counter ez-toc-transparent ez-toc-container-direction\">\n<div class=\"ez-toc-title-container\">\n<p class=\"ez-toc-title\" style=\"cursor:inherit\">Table of Contents<\/p>\n<span class=\"ez-toc-title-toggle\"><a href=\"#\" class=\"ez-toc-pull-right ez-toc-btn ez-toc-btn-xs ez-toc-btn-default ez-toc-toggle\" aria-label=\"Toggle Table of Content\"><span class=\"ez-toc-js-icon-con\"><span class=\"\"><span class=\"eztoc-hide\" style=\"display:none;\">Toggle<\/span><span class=\"ez-toc-icon-toggle-span\"><svg style=\"fill: #999;color:#999\" xmlns=\"http:\/\/www.w3.org\/2000\/svg\" class=\"list-377408\" width=\"20px\" height=\"20px\" viewBox=\"0 0 24 24\" fill=\"none\"><path d=\"M6 6H4v2h2V6zm14 0H8v2h12V6zM4 11h2v2H4v-2zm16 0H8v2h12v-2zM4 16h2v2H4v-2zm16 0H8v2h12v-2z\" fill=\"currentColor\"><\/path><\/svg><svg style=\"fill: #999;color:#999\" class=\"arrow-unsorted-368013\" xmlns=\"http:\/\/www.w3.org\/2000\/svg\" width=\"10px\" height=\"10px\" viewBox=\"0 0 24 24\" version=\"1.2\" baseProfile=\"tiny\"><path d=\"M18.2 9.3l-6.2-6.3-6.2 6.3c-.2.2-.3.4-.3.7s.1.5.3.7c.2.2.4.3.7.3h11c.3 0 .5-.1.7-.3.2-.2.3-.5.3-.7s-.1-.5-.3-.7zM5.8 14.7l6.2 6.3 6.2-6.3c.2-.2.3-.5.3-.7s-.1-.5-.3-.7c-.2-.2-.4-.3-.7-.3h-11c-.3 0-.5.1-.7.3-.2.2-.3.5-.3.7s.1.5.3.7z\"\/><\/svg><\/span><\/span><\/span><\/a><\/span><\/div>\n<nav><ul class='ez-toc-list ez-toc-list-level-1 ' ><li class='ez-toc-page-1 ez-toc-heading-level-2'><a class=\"ez-toc-link ez-toc-heading-1\" href=\"https:\/\/bp2.yoho.pl\/sk\/kariera\/#KARIERA_V_BP2\" title=\"KARI\u00c9RA V BP2\">KARI\u00c9RA V BP2<\/a><\/li><li class='ez-toc-page-1 ez-toc-heading-level-2'><a class=\"ez-toc-link ez-toc-heading-2\" href=\"https:\/\/bp2.yoho.pl\/sk\/kariera\/#AKTUALNE_PRACOVNE_PONUKY\" title=\"AKTU\u00c1LNE PRACOVN\u00c9 PONUKY\">AKTU\u00c1LNE PRACOVN\u00c9 PONUKY<\/a><\/li><li class='ez-toc-page-1 ez-toc-heading-level-2'><a class=\"ez-toc-link ez-toc-heading-3\" href=\"https:\/\/bp2.yoho.pl\/sk\/kariera\/#ETAPY_NABORU\" title=\"ETAPY N\u00c1BORU\">ETAPY N\u00c1BORU<\/a><\/li><li class='ez-toc-page-1 ez-toc-heading-level-2'><a class=\"ez-toc-link ez-toc-heading-4\" href=\"https:\/\/bp2.yoho.pl\/sk\/kariera\/#Etapa_1\" title=\"Etapa 1\">Etapa 1<\/a><\/li><li class='ez-toc-page-1 ez-toc-heading-level-2'><a class=\"ez-toc-link ez-toc-heading-5\" href=\"https:\/\/bp2.yoho.pl\/sk\/kariera\/#Tesime_sa_na_vasu_ziadost\" title=\"Te\u0161\u00edme sa na va\u0161u \u017eiados\u0165\">Te\u0161\u00edme sa na va\u0161u \u017eiados\u0165<\/a><\/li><li class='ez-toc-page-1 ez-toc-heading-level-2'><a class=\"ez-toc-link ez-toc-heading-6\" href=\"https:\/\/bp2.yoho.pl\/sk\/kariera\/#Etapa_2\" title=\"Etapa 2\">Etapa 2<\/a><\/li><li class='ez-toc-page-1 ez-toc-heading-level-2'><a class=\"ez-toc-link ez-toc-heading-7\" href=\"https:\/\/bp2.yoho.pl\/sk\/kariera\/#Telefonickyvideo_rozhovor\" title=\"Telefonick\u00fd\/video rozhovor\">Telefonick\u00fd\/video rozhovor<\/a><\/li><li class='ez-toc-page-1 ez-toc-heading-level-2'><a class=\"ez-toc-link ez-toc-heading-8\" href=\"https:\/\/bp2.yoho.pl\/sk\/kariera\/#Etapa_3\" title=\"Etapa 3\">Etapa 3<\/a><\/li><li class='ez-toc-page-1 ez-toc-heading-level-2'><a class=\"ez-toc-link ez-toc-heading-9\" href=\"https:\/\/bp2.yoho.pl\/sk\/kariera\/#Stretnutie_v_sidle_nasej_spolocnosti\" title=\"Stretnutie v s\u00eddle na\u0161ej spolo\u010dnosti\">Stretnutie v s\u00eddle na\u0161ej spolo\u010dnosti<\/a><\/li><li class='ez-toc-page-1 ez-toc-heading-level-2'><a class=\"ez-toc-link ez-toc-heading-10\" href=\"https:\/\/bp2.yoho.pl\/sk\/kariera\/#Etapa_4\" title=\"Etapa 4\">Etapa 4<\/a><\/li><li class='ez-toc-page-1 ez-toc-heading-level-2'><a class=\"ez-toc-link ez-toc-heading-11\" href=\"https:\/\/bp2.yoho.pl\/sk\/kariera\/#O_vysledku_naboru_vas_budeme_informovat\" title=\"O v\u00fdsledku n\u00e1boru v\u00e1s budeme informova\u0165!\">O v\u00fdsledku n\u00e1boru v\u00e1s budeme informova\u0165!<\/a><\/li><li class='ez-toc-page-1 ez-toc-heading-level-2'><a class=\"ez-toc-link ez-toc-heading-12\" href=\"https:\/\/bp2.yoho.pl\/sk\/kariera\/#NASE_4_PILARE\" title=\"NA\u0160E 4 PIL\u00c1RE\">NA\u0160E 4 PIL\u00c1RE<\/a><\/li><li class='ez-toc-page-1 ez-toc-heading-level-2'><a class=\"ez-toc-link ez-toc-heading-13\" href=\"https:\/\/bp2.yoho.pl\/sk\/kariera\/#ZONA_ODBORNIKA\" title=\"Z\u00d3NA ODBORN\u00cdKA\">Z\u00d3NA ODBORN\u00cdKA<\/a><\/li><li class='ez-toc-page-1 ez-toc-heading-level-2'><a class=\"ez-toc-link ez-toc-heading-14\" href=\"https:\/\/bp2.yoho.pl\/sk\/kariera\/#AKADEMIA_MAJSTROV\" title=\"AKAD\u00c9MIA MAJSTROV\">AKAD\u00c9MIA MAJSTROV<\/a><\/li><li class='ez-toc-page-1 ez-toc-heading-level-2'><a class=\"ez-toc-link ez-toc-heading-15\" href=\"https:\/\/bp2.yoho.pl\/sk\/kariera\/#MARKETINGOVE_AKTIVITY\" title=\"MARKETINGOV\u00c9 AKTIVITY\">MARKETINGOV\u00c9 AKTIVITY<\/a><\/li><\/ul><\/nav><\/div>\n\n\n\n\n<h2 class=\"has-text-align-center is-style-h1 noMarginTop noMarginBottom wp-block-heading\"><span class=\"ez-toc-section\" id=\"KARIERA_V_BP2\"><\/span><strong>KARI\u00c9RA V BP2<\/strong><span class=\"ez-toc-section-end\"><\/span><\/h2>\n\n\n\n<div style=\"height:100px\" aria-hidden=\"true\" class=\"wp-block-spacer is-style-small-spacer\"><\/div>\n<\/div><\/div>\n\n\n\n<div class=\"wp-block-group is-style-narrower-group\"><div class=\"wp-block-group__inner-container is-layout-flow wp-block-group-is-layout-flow\">\n<p class=\"has-text-align-center\" style=\"font-size:22px\"><strong>BP2<\/strong> je od roku 1995 uzn\u00e1van\u00fdm v\u00fdrobcom kompletn\u00fdch rie\u0161en\u00ed pre bytov\u00fa a priemyseln\u00fa v\u00fdstavbu. Na\u0161e slu\u017eby pon\u00fakame aj v r\u00e1mci Oce\u013eov\u00e9ho servisn\u00e9ho centra. Sme tvorcami zna\u010dky a v\u00fdrobkov <strong>SOLROOF<\/strong> \u2013 integrovan\u00e1 fotovoltaick\u00e1 strecha. BP2 m\u00e1 celkom p\u00e4\u0165 v\u00fdrobn\u00fdch z\u00e1vodov, na \u00fazem\u00ed Po\u013eska (Krakov, D\u0105browa G\u00f3rnicza), na Slovensku (Ko\u0161ice) a v Rumunsku (Cluj Napoca, Timi\u0219oara).<\/p>\n\n\n\n<div style=\"height:100px\" aria-hidden=\"true\" class=\"wp-block-spacer is-style-small-spacer\"><\/div>\n\n\n\n<div class=\"wp-block-group alignCenter\"><div class=\"wp-block-group__inner-container is-layout-flow wp-block-group-is-layout-flow\">\n<a href=\"https:\/\/bp2.yoho.pl\/sk\/kariera\/#pracovne-panuky\"  class=\"button button--red \">AKTU\u00c1LNE PRACOVN\u00c9 PONUKY<\/a>\n\n\n<div style=\"height:100px\" aria-hidden=\"true\" class=\"wp-block-spacer is-style-small-spacer\"><\/div>\n<\/div><\/div>\n\n\n\n<div style=\"height:100px\" aria-hidden=\"true\" class=\"wp-block-spacer is-style-small-spacer\"><\/div>\n<\/div><\/div>\n\n\n\n<div class=\"wp-block-group alignCenter is-style-default\"><div class=\"wp-block-group__inner-container is-layout-flow wp-block-group-is-layout-flow\"><div class=\"wp-block-image is-style-cinema is-style-mobile-full wp-embed-aspect-16-9 wp-has-aspect-ratio noMarginBottom\">\n<figure class=\"aligncenter size-full\"><img fetchpriority=\"high\" decoding=\"async\" width=\"1633\" height=\"524\" src=\"https:\/\/bp2.yoho.pl\/wp-content\/uploads\/2022\/03\/bp2_kariera.png\" alt=\"\" class=\"wp-image-5388\" srcset=\"https:\/\/bp2.yoho.pl\/wp-content\/uploads\/2022\/03\/bp2_kariera.png 1633w, https:\/\/bp2.yoho.pl\/wp-content\/uploads\/2022\/03\/bp2_kariera-820x263.png 820w, https:\/\/bp2.yoho.pl\/wp-content\/uploads\/2022\/03\/bp2_kariera-1024x329.png 1024w, https:\/\/bp2.yoho.pl\/wp-content\/uploads\/2022\/03\/bp2_kariera-768x246.png 768w, https:\/\/bp2.yoho.pl\/wp-content\/uploads\/2022\/03\/bp2_kariera-1536x493.png 1536w\" sizes=\"(max-width: 1633px) 100vw, 1633px\" \/><\/figure><\/div><\/div><\/div>\n\n\n\n<div class=\"wp-block-group is-style-minus-margin has-dark-gray-background-color has-background\"><div class=\"wp-block-group__inner-container is-layout-flow wp-block-group-is-layout-flow\"><div class=\"wp-block-image is-style-minus-half scrollBtn noMarginBottom\">\n<figure class=\"aligncenter size-large\"><a href=\"#oferty-pracy\"><img decoding=\"async\" width=\"59\" height=\"58\" src=\"https:\/\/bp2.yoho.pl\/wp-content\/uploads\/\/strzalka.svg\" alt=\"\" class=\"wp-image-11270\" title=\"\" srcset=\"https:\/\/bp2.yoho.pl\/wp-content\/uploads\/strzalka.svg 150w, https:\/\/bp2.yoho.pl\/wp-content\/uploads\/strzalka.svg 820w, https:\/\/bp2.yoho.pl\/wp-content\/uploads\/strzalka.svg 768w, https:\/\/bp2.yoho.pl\/wp-content\/uploads\/strzalka.svg 1024w, https:\/\/bp2.yoho.pl\/wp-content\/uploads\/strzalka.svg 59w\" sizes=\"(max-width: 59px) 100vw, 59px\" \/><\/a><\/figure><\/div>\n\n\n<div style=\"height:100px\" aria-hidden=\"true\" class=\"wp-block-spacer is-style-smaller-spacer\"><\/div>\n\n\n\n<h2 class=\"has-text-align-center is-style-h2 wp-block-heading\" id=\"pracovne-panuky\"><span class=\"ez-toc-section\" id=\"AKTUALNE_PRACOVNE_PONUKY\"><\/span><strong>AKTU\u00c1LNE PRACOVN\u00c9 PONUKY<\/strong><span class=\"ez-toc-section-end\"><\/span><\/h2>\n\n\n        <form action=\"\" data-jobs-filters class=\"jobFilter\" >\n                \n        <div class=\"jobFilter__search\">\n            <input type=\"text\" name=\"search\" placeholder=\"zadajte fr\u00e1zu\">\n            <button class=\"button button--black\" data-submit>Vyh\u013ead\u00e1vanie<\/button>\n        <\/div>\n    <\/form>\n\n    <div class=\"job-results\">\n        <div id=\"object-list\"><\/div>\n        <div class=\"lds-roller loader\"><div><\/div><div><\/div><div><\/div><div><\/div><div><\/div><div><\/div><div><\/div><div><\/div><\/div>    <\/div>\n\n\n\n<div style=\"height:100px\" aria-hidden=\"true\" class=\"wp-block-spacer is-style-small-spacer\"><\/div>\n<\/div><\/div>\n\n\n\n<div class=\"wp-block-group\"><div class=\"wp-block-group__inner-container is-layout-flow wp-block-group-is-layout-flow\">\n<div style=\"height:100px\" aria-hidden=\"true\" class=\"wp-block-spacer is-style-small-spacer\"><\/div>\n\n\n\n<h2 class=\"is-style-h1 wp-block-heading\" id=\"etapy-naboru\"><span class=\"ez-toc-section\" id=\"ETAPY_NABORU\"><\/span><strong>ETAPY N\u00c1BORU<\/strong><span class=\"ez-toc-section-end\"><\/span><\/h2>\n\n\n\n<div class=\"wp-block-columns is-layout-flex wp-container-core-columns-is-layout-9d6595d7 wp-block-columns-is-layout-flex\">\n<div class=\"wp-block-column is-layout-flow wp-block-column-is-layout-flow\">\n<div class=\"wp-block-columns is-layout-flex wp-container-core-columns-is-layout-9d6595d7 wp-block-columns-is-layout-flex\">\n<div class=\"wp-block-column is-style-space-left is-layout-flow wp-block-column-is-layout-flow\" style=\"flex-basis:32%\">\n<figure class=\"wp-block-image size-full\"><img decoding=\"async\" src=\"https:\/\/bp2.yoho.pl\/wp-content\/uploads\/2022\/03\/1.png\" alt=\"\" class=\"wp-image-5412\"\/><\/figure>\n<\/div>\n\n\n\n<div class=\"wp-block-column is-layout-flow wp-block-column-is-layout-flow\" style=\"flex-basis:66.66%\">\n<h2 class=\"is-style-h3 noMarginBottom noMarginTop wp-block-heading\"><span class=\"ez-toc-section\" id=\"Etapa_1\"><\/span><strong>Etapa 1<\/strong><span class=\"ez-toc-section-end\"><\/span><\/h2>\n\n\n\n<h2 class=\"is-style-h3 noMarginTop wp-block-heading\" style=\"font-style:normal;font-weight:300\"><span class=\"ez-toc-section\" id=\"Tesime_sa_na_vasu_ziadost\"><\/span><strong>Te\u0161\u00edme sa na va\u0161u \u017eiados\u0165<\/strong><span class=\"ez-toc-section-end\"><\/span><\/h2>\n\n\n\n<p>V\u0161etky n\u00e1borov\u00e9 inzer\u00e1ty spolo\u010dnosti BP2 n\u00e1jdete v \u010dasti \u201eVo\u013en\u00e9 pracovn\u00e9 miesta\u201d. N\u00e1jdite si ponuku, ktor\u00e1 v\u00e1s zauj\u00edma, a vypl\u0148te prihl\u00e1\u0161ku. Ak va\u0161e sk\u00fasenosti zodpovedaj\u00fa na\u0161im potreb\u00e1m, budeme v\u00e1s kontaktova\u0165 telefonicky.<\/p>\n<\/div>\n<\/div>\n<\/div>\n\n\n\n<div class=\"wp-block-column is-layout-flow wp-block-column-is-layout-flow\">\n<div class=\"wp-block-columns is-layout-flex wp-container-core-columns-is-layout-9d6595d7 wp-block-columns-is-layout-flex\">\n<div class=\"wp-block-column is-style-space-left is-layout-flow wp-block-column-is-layout-flow\" style=\"flex-basis:32%\">\n<figure class=\"wp-block-image size-full\"><img decoding=\"async\" src=\"https:\/\/bp2.yoho.pl\/wp-content\/uploads\/2022\/03\/Group-834.png\" alt=\"\" class=\"wp-image-5428\"\/><\/figure>\n<\/div>\n\n\n\n<div class=\"wp-block-column is-layout-flow wp-block-column-is-layout-flow\" style=\"flex-basis:66.66%\">\n<h2 class=\"is-style-h3 noMarginBottom noMarginTop wp-block-heading\"><span class=\"ez-toc-section\" id=\"Etapa_2\"><\/span><strong>Etapa 2<\/strong><span class=\"ez-toc-section-end\"><\/span><\/h2>\n\n\n\n<h2 class=\"is-style-h3 noMarginTop wp-block-heading\" style=\"font-style:normal;font-weight:300\"><span class=\"ez-toc-section\" id=\"Telefonickyvideo_rozhovor\"><\/span><strong>Telefonick\u00fd\/video rozhovor<\/strong><span class=\"ez-toc-section-end\"><\/span><\/h2>\n\n\n\n<p>V r\u00e1mci druhej f\u00e1zy v\u00e1s budeme kontaktova\u0165 a dohodneme si s vami telefonick\u00fd alebo video pohovor, po\u010das ktor\u00e9ho v\u00e1m predstav\u00edme poz\u00edciu, na ktor\u00fa sa rob\u00ed n\u00e1bor, a povieme v\u00e1m o hodnot\u00e1ch na\u0161ej spolo\u010dnosti.<\/p>\n<\/div>\n<\/div>\n<\/div>\n<\/div>\n\n\n\n<div class=\"wp-block-columns is-layout-flex wp-container-core-columns-is-layout-9d6595d7 wp-block-columns-is-layout-flex\">\n<div class=\"wp-block-column is-layout-flow wp-block-column-is-layout-flow\">\n<div class=\"wp-block-columns is-layout-flex wp-container-core-columns-is-layout-9d6595d7 wp-block-columns-is-layout-flex\">\n<div class=\"wp-block-column is-style-space-left is-layout-flow wp-block-column-is-layout-flow\" style=\"flex-basis:32%\">\n<figure class=\"wp-block-image size-full\"><img decoding=\"async\" src=\"https:\/\/bp2.yoho.pl\/wp-content\/uploads\/2022\/03\/Group-836.png\" alt=\"\" class=\"wp-image-5432\"\/><\/figure>\n<\/div>\n\n\n\n<div class=\"wp-block-column is-layout-flow wp-block-column-is-layout-flow\" style=\"flex-basis:66.66%\">\n<h2 class=\"is-style-h3 noMarginBottom noMarginTop wp-block-heading\"><span class=\"ez-toc-section\" id=\"Etapa_3\"><\/span><strong>Etapa 3<\/strong><span class=\"ez-toc-section-end\"><\/span><\/h2>\n\n\n\n<h2 class=\"is-style-h3 noMarginTop wp-block-heading\" style=\"font-style:normal;font-weight:300\"><span class=\"ez-toc-section\" id=\"Stretnutie_v_sidle_nasej_spolocnosti\"><\/span><strong>Stretnutie v s\u00eddle na\u0161ej spolo\u010dnosti<\/strong><span class=\"ez-toc-section-end\"><\/span><\/h2>\n\n\n\n<p>Vyhra\u010fte si na to pribli\u017ene 45 min\u00fat. Po\u010das rozhovoru v\u00e1m povieme viac o spolo\u010dnosti, produktoch a na\u0161ej firemnej kult\u00fare. Potom v\u00e1s budeme chcie\u0165 spozna\u0165. Zauj\u00edmaj\u00fa n\u00e1s va\u0161e sk\u00fasenosti, o\u010dak\u00e1vania a pl\u00e1ny do bud\u00facnosti. V z\u00e1vislosti od poz\u00edcie, o ktor\u00fa sa uch\u00e1dzate, m\u00f4\u017ee by\u0165 k dispoz\u00edcii aj jednoduch\u00e1 n\u00e1borov\u00e1 \u00faloha.<\/p>\n<\/div>\n<\/div>\n<\/div>\n\n\n\n<div class=\"wp-block-column is-layout-flow wp-block-column-is-layout-flow\">\n<div class=\"wp-block-columns is-layout-flex wp-container-core-columns-is-layout-9d6595d7 wp-block-columns-is-layout-flex\">\n<div class=\"wp-block-column is-style-space-left is-layout-flow wp-block-column-is-layout-flow\" style=\"flex-basis:32%\">\n<figure class=\"wp-block-image size-full\"><img decoding=\"async\" width=\"110\" height=\"110\" src=\"https:\/\/bp2.yoho.pl\/wp-content\/uploads\/2022\/03\/Group-837.png\" alt=\"\" class=\"wp-image-5436\"\/><\/figure>\n<\/div>\n\n\n\n<div class=\"wp-block-column is-layout-flow wp-block-column-is-layout-flow\" style=\"flex-basis:66.66%\">\n<h2 class=\"is-style-h3 noMarginBottom noMarginTop wp-block-heading\"><span class=\"ez-toc-section\" id=\"Etapa_4\"><\/span><strong>Etapa 4<\/strong><span class=\"ez-toc-section-end\"><\/span><\/h2>\n\n\n\n<h2 class=\"is-style-h3 noMarginTop wp-block-heading\" style=\"font-style:normal;font-weight:300\"><span class=\"ez-toc-section\" id=\"O_vysledku_naboru_vas_budeme_informovat\"><\/span><strong>O v\u00fdsledku n\u00e1boru v\u00e1s budeme informova\u0165!<\/strong><span class=\"ez-toc-section-end\"><\/span><\/h2>\n\n\n\n<p>Re\u0161pektujeme v\u00e1\u0161 \u010das, a preto sa v\u017edy sna\u017e\u00edme vr\u00e1ti\u0165 rozhodnutie do dvoch t\u00fd\u017ed\u0148ov od posledn\u00e9ho pohovoru. O v\u00fdsledku n\u00e1boru v\u00e1s budeme v\u017edy informova\u0165 telefonicky alebo e-mailom.<\/p>\n<\/div>\n<\/div>\n<\/div>\n<\/div>\n<\/div><\/div>\n\n\n\n<div class=\"wp-block-group alignCenter\"><div class=\"wp-block-group__inner-container is-layout-flow wp-block-group-is-layout-flow\"><div class=\"wp-block-image is-style-cinema is-style-mobile-full wp-embed-aspect-16-9 wp-has-aspect-ratio\">\n<figure class=\"aligncenter size-full\"><img loading=\"lazy\" decoding=\"async\" width=\"1633\" height=\"437\" src=\"https:\/\/bp2.yoho.pl\/wp-content\/uploads\/2022\/03\/bp2_kariera-2.png\" alt=\"\" class=\"wp-image-5449\" srcset=\"https:\/\/bp2.yoho.pl\/wp-content\/uploads\/2022\/03\/bp2_kariera-2.png 1633w, https:\/\/bp2.yoho.pl\/wp-content\/uploads\/2022\/03\/bp2_kariera-2-820x219.png 820w, https:\/\/bp2.yoho.pl\/wp-content\/uploads\/2022\/03\/bp2_kariera-2-1024x274.png 1024w, https:\/\/bp2.yoho.pl\/wp-content\/uploads\/2022\/03\/bp2_kariera-2-768x206.png 768w, https:\/\/bp2.yoho.pl\/wp-content\/uploads\/2022\/03\/bp2_kariera-2-1536x411.png 1536w\" sizes=\"(max-width: 1633px) 100vw, 1633px\" \/><\/figure><\/div><\/div><\/div>\n\n\n\n<div class=\"wp-block-group is-style-minus-margin has-dark-gray-background-color has-background\"><div class=\"wp-block-group__inner-container is-layout-flow wp-block-group-is-layout-flow\">\n<div style=\"height:80px\" aria-hidden=\"true\" class=\"wp-block-spacer is-style-small-spacer\"><\/div>\n\n\n\n<h2 class=\"has-text-align-center is-style-h2 wp-block-heading\" id=\"philare\"><span class=\"ez-toc-section\" id=\"NASE_4_PILARE\"><\/span><strong>NA\u0160E 4 PIL\u00c1RE<\/strong><span class=\"ez-toc-section-end\"><\/span><\/h2>\n\n\n\n<p class=\"has-text-align-center\">Spolo\u010dnos\u0165, podobne ako budova, mus\u00ed by\u0165 postaven\u00e1 na pevn\u00fdch z\u00e1kladoch. <br><br>BP2 stoji na \u0161tyroch \u2013 tvrd\u00fdch ako oce\u013e \u2013 pilieroch, ktor\u00e9 zaru\u010duj\u00fa stabilitu a umo\u017e\u0148uj\u00fa neust\u00e1ly rozvoj.<\/p>\n\n\n\n<div style=\"height:100px\" aria-hidden=\"true\" class=\"wp-block-spacer is-style-small-spacer\"><\/div>\n\n\n\n<div class=\"wp-block-columns is-layout-flex wp-container-core-columns-is-layout-9d6595d7 wp-block-columns-is-layout-flex\">\n<div class=\"wp-block-column is-layout-flow wp-block-column-is-layout-flow\"><div class=\"wp-block-image\">\n<figure class=\"aligncenter size-full\"><img decoding=\"async\" src=\"https:\/\/bp2.yoho.pl\/wp-content\/uploads\/2022\/03\/bp2_dekarze_icon-3.png\" alt=\"\" class=\"wp-image-3355\"\/><\/figure><\/div>\n\n\n<p class=\"has-text-align-center\"><strong>\u013dUDIA<\/strong><\/p>\n\n\n\n<p class=\"has-text-align-center\">Sme presved\u010den\u00ed, \u017ee \u00faspech mo\u017eno dosiahnu\u0165 len t\u00edmovou pr\u00e1cou. Vz\u00e1jomn\u00e1 d\u00f4vera a odhodlanie spolupracova\u0165 upev\u0148uj\u00fa t\u00edm odoln\u00fd vo\u010di kor\u00f3zii!<\/p>\n<\/div>\n\n\n\n<div class=\"wp-block-column is-layout-flow wp-block-column-is-layout-flow\"><div class=\"wp-block-image\">\n<figure class=\"aligncenter size-full\"><img decoding=\"async\" src=\"https:\/\/bp2.yoho.pl\/wp-content\/uploads\/2022\/03\/Group-324.png\" alt=\"\" class=\"wp-image-2027\"\/><\/figure><\/div>\n\n\n<p class=\"has-text-align-center\"><strong>VZ\u0164AHY<\/strong><\/p>\n\n\n\n<p class=\"has-text-align-center\">V modernom svete by z\u00e1kladom obchodn\u00fdch vz\u0165ahov mala by\u0165 spo\u013eahlivos\u0165 a zodpovednos\u0165. V\u010faka takejto politike sa n\u00e1m podarilo z\u00edska\u0165 d\u00f4veru viac ako 1 500 akt\u00edvnych z\u00e1kazn\u00edkov a ich po\u010det neust\u00e1le rastie.<\/p>\n<\/div>\n\n\n\n<div class=\"wp-block-column is-layout-flow wp-block-column-is-layout-flow\"><div class=\"wp-block-image\">\n<figure class=\"aligncenter size-full\"><img decoding=\"async\" src=\"https:\/\/bp2.yoho.pl\/wp-content\/uploads\/2022\/03\/Group-327.png\" alt=\"\" class=\"wp-image-2048\"\/><\/figure><\/div>\n\n\n<p class=\"has-text-align-center\"><strong>TECHNOL\u00d3GIA<\/strong><\/p>\n\n\n\n<p class=\"has-text-align-center\">Spoliehame sa na inovat\u00edvne rie\u0161enia, ktor\u00e9 n\u00e1m umo\u017e\u0148uj\u00fa neust\u00e1le zvy\u0161ova\u0165 v\u00fdrobu, roz\u0161irova\u0165 sortiment a zlep\u0161ova\u0165 kvalitu a z\u00e1rove\u0148 zabezpe\u010dova\u0165 bezpe\u010dnos\u0165 na\u0161ich zamestnancov a udr\u017eate\u013en\u00fd rozvoj v s\u00falade s na\u0161imi hodnotami CSR.<\/p>\n<\/div>\n\n\n\n<div class=\"wp-block-column is-layout-flow wp-block-column-is-layout-flow\"><div class=\"wp-block-image\">\n<figure class=\"aligncenter size-full\"><img decoding=\"async\" src=\"https:\/\/bp2.yoho.pl\/wp-content\/uploads\/2022\/03\/Group-330.png\" alt=\"\" class=\"wp-image-2071\"\/><\/figure><\/div>\n\n\n<p class=\"has-text-align-center\"><strong>KVALITA<\/strong><\/p>\n\n\n\n<p class=\"has-text-align-center\">Kvalita je prioritou na\u0161ej spolo\u010dnosti od jej vzniku. V\u010faka tomu m\u00f4\u017eeme poskytova\u0165 dlhodob\u00e9 z\u00e1ruky a sme si ist\u00ed, \u017ee d\u00f4veru na\u0161ich z\u00e1kazn\u00edkov nesklameme.<\/p>\n<\/div>\n<\/div>\n\n\n\n<div style=\"height:100px\" aria-hidden=\"true\" class=\"wp-block-spacer is-style-small-spacer\"><\/div>\n<\/div><\/div>\n\n\n\n<div class=\"wp-block-group\"><div class=\"wp-block-group__inner-container is-layout-flow wp-block-group-is-layout-flow\">\n<div style=\"height:100px\" aria-hidden=\"true\" class=\"wp-block-spacer is-style-small-spacer\"><\/div>\n\n\n\n<div class=\"wp-block-columns is-layout-flex wp-container-core-columns-is-layout-9d6595d7 wp-block-columns-is-layout-flex\">\n<div class=\"wp-block-column is-layout-flow wp-block-column-is-layout-flow\">\n<div class=\"wp-block-cover is-style-content-from-bottom\"><span aria-hidden=\"true\" class=\"wp-block-cover__background has-background-dim\"><\/span><img loading=\"lazy\" decoding=\"async\" width=\"527\" height=\"534\" class=\"wp-block-cover__image-background wp-image-3694\" alt=\"\" src=\"https:\/\/bp2.yoho.pl\/wp-content\/uploads\/2022\/03\/IMG_8343.png\" data-object-fit=\"cover\"\/><div class=\"wp-block-cover__inner-container is-layout-flow wp-block-cover-is-layout-flow\">\n<h2 class=\"is-style-h3 wp-block-heading\"><span class=\"ez-toc-section\" id=\"ZONA_ODBORNIKA\"><\/span><strong>Z\u00d3NA ODBORN\u00cdKA<\/strong><span class=\"ez-toc-section-end\"><\/span><\/h2>\n\n\n\n<p>Prejs\u0165 na str\u00e1nku venovan\u00fa \u013eu\u010fom z odvetvia.<\/p>\n\n\n\n<a href=\"https:\/\/bp2.yoho.pl\/sk\/zona-odbornika\/\"  class=\"button button--red \">ZISTI\u0164 VIAC<\/a><\/div><\/div>\n<\/div>\n\n\n\n<div class=\"wp-block-column is-layout-flow wp-block-column-is-layout-flow\">\n<div class=\"wp-block-cover is-style-content-from-bottom\"><span aria-hidden=\"true\" class=\"wp-block-cover__background has-background-dim\"><\/span><img loading=\"lazy\" decoding=\"async\" width=\"526\" height=\"534\" class=\"wp-block-cover__image-background wp-image-5514\" alt=\"\" src=\"https:\/\/bp2.yoho.pl\/wp-content\/uploads\/2022\/03\/MASTER-ROOFER_01-07-2021-23.png\" data-object-fit=\"cover\"\/><div class=\"wp-block-cover__inner-container is-layout-flow wp-block-cover-is-layout-flow\">\n<h2 class=\"is-style-h3 wp-block-heading\"><span class=\"ez-toc-section\" id=\"AKADEMIA_MAJSTROV\"><\/span><strong>AKAD\u00c9MIA MAJSTROV<\/strong><span class=\"ez-toc-section-end\"><\/span><\/h2>\n\n\n\n<p>Autorsk\u00fd program \u0161kolen\u00ed a platforma v\u00fdmeny sk\u00fasenost\u00ed.<\/p>\n\n\n\n<a href=\"https:\/\/am.bp2.pl\/sk\/\"  class=\"button button--red \">ZISTI\u0164 VIAC<\/a><\/div><\/div>\n<\/div>\n\n\n\n<div class=\"wp-block-column is-layout-flow wp-block-column-is-layout-flow\">\n<div class=\"wp-block-cover is-light is-style-content-from-bottom\"><span aria-hidden=\"true\" class=\"wp-block-cover__background has-background-dim\"><\/span><img loading=\"lazy\" decoding=\"async\" width=\"526\" height=\"534\" class=\"wp-block-cover__image-background wp-image-5510\" alt=\"\" src=\"https:\/\/bp2.yoho.pl\/wp-content\/uploads\/2022\/03\/Piknik-15-lecie-PSD-Malopolska-14.png\" data-object-fit=\"cover\"\/><div class=\"wp-block-cover__inner-container is-layout-flow wp-block-cover-is-layout-flow\">\n<h2 class=\"is-style-h3 has-white-color has-text-color wp-block-heading\"><span class=\"ez-toc-section\" id=\"MARKETINGOVE_AKTIVITY\"><\/span><strong>MARKETINGOV\u00c9 AKTIVITY<\/strong><span class=\"ez-toc-section-end\"><\/span><\/h2>\n\n\n\n<p class=\"has-white-color has-text-color\">Marketingov\u00e1 podpora distrib\u00fatorov a aktiv\u00edt CSR.<\/p>\n\n\n\n<a href=\"https:\/\/bp2.yoho.pl\/sk\/marketingove-aktivity\/\"  class=\"button button--red \">ZISTI\u0164 VIAC<\/a><\/div><\/div>\n<\/div>\n<\/div>\n<\/div><\/div>\n\n\n\n<div style=\"height:100px\" aria-hidden=\"true\" class=\"wp-block-spacer is-style-smaller-spacer\"><\/div>\n","protected":false},"excerpt":{"rendered":"<p>EXISTUJ\u00da SPOLO\u010cNOSTI, PRE KTOR\u00c9 SA OPLAT\u00cd PRACOVA\u0164 KARI\u00c9RA V BP2 BP2 je od roku 1995 uzn\u00e1van\u00fdm v\u00fdrobcom kompletn\u00fdch rie\u0161en\u00ed pre bytov\u00fa a priemyseln\u00fa v\u00fdstavbu. Na\u0161e slu\u017eby pon\u00fakame aj v r\u00e1mci Oce\u013eov\u00e9ho servisn\u00e9ho centra. Sme tvorcami zna\u010dky a v\u00fdrobkov SOLROOF \u2013 integrovan\u00e1 fotovoltaick\u00e1 strecha. BP2 m\u00e1 celkom p\u00e4\u0165 v\u00fdrobn\u00fdch z\u00e1vodov, na \u00fazem\u00ed Po\u013eska (Krakov, D\u0105browa G\u00f3rnicza), [&hellip;]<\/p>\n","protected":false},"author":1,"featured_media":0,"parent":0,"menu_order":101,"comment_status":"closed","ping_status":"closed","template":"","meta":{"_acf_changed":false,"content-type":"","footnotes":""},"class_list":["post-49847","page","type-page","status-publish","hentry"],"acf":[],"_links":{"self":[{"href":"https:\/\/bp2.yoho.pl\/sk\/wp-json\/wp\/v2\/pages\/49847","targetHints":{"allow":["GET"]}}],"collection":[{"href":"https:\/\/bp2.yoho.pl\/sk\/wp-json\/wp\/v2\/pages"}],"about":[{"href":"https:\/\/bp2.yoho.pl\/sk\/wp-json\/wp\/v2\/types\/page"}],"author":[{"embeddable":true,"href":"https:\/\/bp2.yoho.pl\/sk\/wp-json\/wp\/v2\/users\/1"}],"replies":[{"embeddable":true,"href":"https:\/\/bp2.yoho.pl\/sk\/wp-json\/wp\/v2\/comments?post=49847"}],"version-history":[{"count":0,"href":"https:\/\/bp2.yoho.pl\/sk\/wp-json\/wp\/v2\/pages\/49847\/revisions"}],"wp:attachment":[{"href":"https:\/\/bp2.yoho.pl\/sk\/wp-json\/wp\/v2\/media?parent=49847"}],"curies":[{"name":"wp","href":"https:\/\/api.w.org\/{rel}","templated":true}]}}