{"id":50839,"date":"2022-01-05T14:14:44","date_gmt":"2022-01-05T13:14:44","guid":{"rendered":"https:\/\/bp2.yoho.pl\/oferta\/"},"modified":"2023-03-03T14:47:25","modified_gmt":"2023-03-03T13:47:25","slug":"ponuka","status":"publish","type":"page","link":"https:\/\/bp2.yoho.pl\/sk\/ponuka\/","title":{"rendered":"Ponuka"},"content":{"rendered":"\n<div class=\"wp-block-group is-style-with-b2-background\"><div class=\"wp-block-group__inner-container is-layout-flow wp-block-group-is-layout-flow\">\n<div style=\"height:100px\" aria-hidden=\"true\" class=\"wp-block-spacer is-style-small-spacer\"><\/div>\n\n\n\n<p class=\"has-text-align-center noMarginBottom has-red-color has-text-color\"><strong>N\u00c1JS\u0164 IDE\u00c1LNY KRYT PRE VA\u0160E POTREBY<\/strong><\/p><div id=\"ez-toc-container\" class=\"ez-toc-v2_0_73 ez-toc-wrap-center counter-hierarchy ez-toc-counter ez-toc-transparent ez-toc-container-direction\">\n<div class=\"ez-toc-title-container\">\n<p class=\"ez-toc-title\" style=\"cursor:inherit\">Table of Contents<\/p>\n<span class=\"ez-toc-title-toggle\"><a href=\"#\" class=\"ez-toc-pull-right ez-toc-btn ez-toc-btn-xs ez-toc-btn-default ez-toc-toggle\" aria-label=\"Toggle Table of Content\"><span class=\"ez-toc-js-icon-con\"><span class=\"\"><span class=\"eztoc-hide\" style=\"display:none;\">Toggle<\/span><span class=\"ez-toc-icon-toggle-span\"><svg style=\"fill: #999;color:#999\" xmlns=\"http:\/\/www.w3.org\/2000\/svg\" class=\"list-377408\" width=\"20px\" height=\"20px\" viewBox=\"0 0 24 24\" fill=\"none\"><path d=\"M6 6H4v2h2V6zm14 0H8v2h12V6zM4 11h2v2H4v-2zm16 0H8v2h12v-2zM4 16h2v2H4v-2zm16 0H8v2h12v-2z\" fill=\"currentColor\"><\/path><\/svg><svg style=\"fill: #999;color:#999\" class=\"arrow-unsorted-368013\" xmlns=\"http:\/\/www.w3.org\/2000\/svg\" width=\"10px\" height=\"10px\" viewBox=\"0 0 24 24\" version=\"1.2\" baseProfile=\"tiny\"><path d=\"M18.2 9.3l-6.2-6.3-6.2 6.3c-.2.2-.3.4-.3.7s.1.5.3.7c.2.2.4.3.7.3h11c.3 0 .5-.1.7-.3.2-.2.3-.5.3-.7s-.1-.5-.3-.7zM5.8 14.7l6.2 6.3 6.2-6.3c.2-.2.3-.5.3-.7s-.1-.5-.3-.7c-.2-.2-.4-.3-.7-.3h-11c-.3 0-.5.1-.7.3-.2.2-.3.5-.3.7s.1.5.3.7z\"\/><\/svg><\/span><\/span><\/span><\/a><\/span><\/div>\n<nav><ul class='ez-toc-list ez-toc-list-level-1 ' ><li class='ez-toc-page-1 ez-toc-heading-level-1'><a class=\"ez-toc-link ez-toc-heading-1\" href=\"https:\/\/bp2.yoho.pl\/sk\/ponuka\/#NASA_PONUKA\" title=\"NA\u0160A PONUKA\">NA\u0160A PONUKA<\/a><ul class='ez-toc-list-level-3' ><li class='ez-toc-heading-level-3'><ul class='ez-toc-list-level-3' ><li class='ez-toc-heading-level-3'><a class=\"ez-toc-link ez-toc-heading-2\" href=\"https:\/\/bp2.yoho.pl\/sk\/ponuka\/#OBYTNA_VYSTAVBA\" title=\"OBYTN\u00c1 V\u00ddSTAVBA\">OBYTN\u00c1 V\u00ddSTAVBA<\/a><\/li><li class='ez-toc-page-1 ez-toc-heading-level-3'><a class=\"ez-toc-link ez-toc-heading-3\" href=\"https:\/\/bp2.yoho.pl\/sk\/ponuka\/#INVESTICNE_STAVEBNICTVO\" title=\"INVESTI\u010cN\u00c9 STAVEBN\u00cdCTVO\">INVESTI\u010cN\u00c9 STAVEBN\u00cdCTVO<\/a><\/li><li class='ez-toc-page-1 ez-toc-heading-level-3'><a class=\"ez-toc-link ez-toc-heading-4\" href=\"https:\/\/bp2.yoho.pl\/sk\/ponuka\/#Ocelove_Servisne_Centrum\" title=\"Oce\u013eov\u00e9 Servisn\u00e9 Centrum\">Oce\u013eov\u00e9 Servisn\u00e9 Centrum<\/a><\/li><\/ul><\/li><\/ul><\/li><\/ul><\/nav><\/div>\n\n\n\n\n<h1 class=\"has-text-align-center is-style-h1 noMarginTop noMarginBottom wp-block-heading\" style=\"font-size:3.5em\"><span class=\"ez-toc-section\" id=\"NASA_PONUKA\"><\/span><strong>NA\u0160A PONUKA<\/strong><span class=\"ez-toc-section-end\"><\/span><\/h1>\n\n\n\n<div style=\"height:100px\" aria-hidden=\"true\" class=\"wp-block-spacer is-style-small-spacer\"><\/div>\n<\/div><\/div>\n\n\n\n<div class=\"wp-block-group is-style-narrow-group\"><div class=\"wp-block-group__inner-container is-layout-flow wp-block-group-is-layout-flow\">\n<p class=\"has-text-align-center\" style=\"font-size:22px\">Sme v\u00fdrobca komplexn\u00fdch rie\u0161en\u00ed pre stavebn\u00edctvo. Pon\u00fakame \u0161irok\u00fa \u0161k\u00e1lu produktov pre investi\u010dn\u00e9 a rodinn\u00e9 stavebn\u00edctvo t.j. stre\u0161n\u00e9 krytiny, kon\u0161truk\u010dn\u00e9 plechy, fas\u00e1dne syst\u00e9my, vrstven\u00e9 dosky, n\u00e1stenn\u00e9 kazety, odkvapov\u00e9 syst\u00e9my a odborn\u00e9 slu\u017eby spracovania ocele v r\u00e1mci oce\u013eov\u00e9ho centra slu\u017eieb. Neust\u00e1le roz\u0161irujeme svoj sortiment, pri\u010dom sa prisp\u00f4sobujeme po\u017eiadavk\u00e1m trhu a technologick\u00e9mu rozvoju.<\/p>\n<\/div><\/div>\n\n\n\n<div class=\"wp-block-group is-style-narrow-group\"><div class=\"wp-block-group__inner-container is-layout-flow wp-block-group-is-layout-flow\">\n<p class=\"has-text-align-center\"><\/p>\n\n\n\n<div style=\"height:100px\" aria-hidden=\"true\" class=\"wp-block-spacer is-style-small-spacer\"><\/div>\n<\/div><\/div>\n\n\n\n<div class=\"wp-block-group\"><div class=\"wp-block-group__inner-container is-layout-flow wp-block-group-is-layout-flow\">\n<div class=\"wp-block-columns is-style-grid is-layout-flex wp-container-core-columns-is-layout-9d6595d7 wp-block-columns-is-layout-flex\">\n<div class=\"wp-block-column is-layout-flow wp-block-column-is-layout-flow\">\n<div class=\"wp-block-cover is-style-full-height\"><span aria-hidden=\"true\" class=\"wp-block-cover__background has-background-dim-0 has-background-dim\"><\/span><img fetchpriority=\"high\" decoding=\"async\" width=\"804\" height=\"538\" class=\"wp-block-cover__image-background wp-image-783\" alt=\"\" src=\"https:\/\/bp2.yoho.pl\/wp-content\/uploads\/2022\/02\/bp2_oferta_1.png\" data-object-fit=\"cover\" srcset=\"https:\/\/bp2.yoho.pl\/wp-content\/uploads\/2022\/02\/bp2_oferta_1.png 804w, https:\/\/bp2.yoho.pl\/wp-content\/uploads\/2022\/02\/bp2_oferta_1-768x514.png 768w\" sizes=\"(max-width: 804px) 100vw, 804px\" \/><div class=\"wp-block-cover__inner-container is-layout-flow wp-block-cover-is-layout-flow\">\n<p class=\"has-text-align-center has-large-font-size\"><\/p>\n<\/div><\/div>\n<\/div>\n\n\n\n<div class=\"wp-block-column is-layout-flow wp-block-column-is-layout-flow\">\n<div class=\"wp-block-cover is-light is-style-full-height\"><span aria-hidden=\"true\" class=\"wp-block-cover__background has-dark-gray-background-color has-background-dim-100 has-background-dim\"><\/span><div class=\"wp-block-cover__inner-container is-layout-flow wp-block-cover-is-layout-flow\">\n<h3 class=\"header-with-icon \"><span class=\"ez-toc-section\" id=\"OBYTNA_VYSTAVBA\"><\/span>\n<span class=\"header-with-icon__icon\"><img decoding=\"async\" src=\"https:\/\/bp2.yoho.pl\/wp-content\/uploads\/2022\/01\/home-icon.png\" alt=\"OBYTN\u00c1 V\u00ddSTAVBA\"><\/span>\n<span class=\"header-with-icon__content\">OBYTN\u00c1 V\u00ddSTAVBA<\/span>\n<span class=\"ez-toc-section-end\"><\/span><\/h3>\n\n\n<ul class=\"links-list links-list--multiple \">\n                    <li class=\"links-list__item\">\n            <a href=\"https:\/\/bp2.yoho.pl\/sk\/ponuka\/obytna-vystavba\/?type=modularna-skridlova-krytina\">\n                <span class=\"links-list__smallTitle\">Modul\u00e1rna \u0161kridlov\u00e1 krytina<\/span>                <span class=\"links-list__title\">MODULAR SERIES<\/span>            <\/a>\n        <\/li>\n                    <li class=\"links-list__item\">\n            <a href=\"https:\/\/bp2.yoho.pl\/sk\/ponuka\/obytna-vystavba\/?type=plechove-stresne-krytiny\">\n                <span class=\"links-list__smallTitle\">Plechov\u00e9 stre\u0161n\u00e9 krytiny<\/span>                <span class=\"links-list__title\">CLASSIC SERIES<\/span>            <\/a>\n        <\/li>\n                    <li class=\"links-list__item\">\n            <a href=\"https:\/\/bp2.yoho.pl\/sk\/ponuka\/obytna-vystavba\/?type=kompaktna-stresna-skridla\">\n                <span class=\"links-list__smallTitle\">Kompaktn\u00e1 stre\u0161n\u00e1 \u0161kridla<\/span>                <span class=\"links-list__title\">COMPACT SERIES<\/span>            <\/a>\n        <\/li>\n                    <li class=\"links-list__item\">\n            <a href=\"https:\/\/bp2.yoho.pl\/sk\/ponuka\/obytna-vystavba\/?type=retro-plechove-stresne-krytiny\">\n                <span class=\"links-list__smallTitle\">Plechov\u00e1 stre\u0161n\u00e1 krytina<\/span>                <span class=\"links-list__title\">RETRO SERIES<\/span>            <\/a>\n        <\/li>\n                    <li class=\"links-list__item\">\n            <a href=\"https:\/\/bp2.yoho.pl\/sk\/ponuka\/obytna-vystavba\/?type=trapezove-plechy-sk\">\n                <span class=\"links-list__smallTitle\">Stre\u0161n\u00e9 a fas\u00e1dne<\/span>                <span class=\"links-list__title\">Trap\u00e9zov\u00e9 plechy<\/span>            <\/a>\n        <\/li>\n                    <li class=\"links-list__item\">\n            <a href=\"https:\/\/bp2.yoho.pl\/sk\/ponuka\/obytna-vystavba\/?type=stresne-panely\">\n                <span class=\"links-list__smallTitle\">Stre\u0161n\u00e9 panely<\/span>                <span class=\"links-list__title\">PANEL SERIES<\/span>            <\/a>\n        <\/li>\n                    <li class=\"links-list__item\">\n            <a href=\"https:\/\/bp2.yoho.pl\/sk\/ponuka\/obytna-vystavba\/?type=odkvapove-systemy-inguri\">\n                <span class=\"links-list__smallTitle\">Odkvapov\u00e9 Syst\u00e9my<\/span>                <span class=\"links-list__title\">INGURI<\/span>            <\/a>\n        <\/li>\n                    <li class=\"links-list__item\">\n            <a href=\"https:\/\/bp2.yoho.pl\/sk\/ponuka\/obytna-vystavba\/?type=plechy-ploche\">\n                                <span class=\"links-list__title\">Ploch\u00e9 plechy<\/span>            <\/a>\n        <\/li>\n                    <li class=\"links-list__item\">\n            <a href=\"https:\/\/bp2.yoho.pl\/sk\/ponuka\/obytna-vystavba\/?type=lemovanie-striech\">\n                                <span class=\"links-list__title\">Lemovanie striech<\/span>            <\/a>\n        <\/li>\n                    <li class=\"links-list__item\">\n            <a href=\"https:\/\/bp2.yoho.pl\/sk\/ponuka\/obytna-vystavba\/?type=stresne-doplnky\">\n                                <span class=\"links-list__title\">Stre\u0161n\u00e9 doplnky<\/span>            <\/a>\n        <\/li>\n    <\/ul><\/div><\/div>\n<\/div>\n<\/div>\n\n\n\n<div class=\"wp-block-columns is-style-mobile-reverse is-style-grid fade-in is-layout-flex wp-container-core-columns-is-layout-9d6595d7 wp-block-columns-is-layout-flex\">\n<div class=\"wp-block-column is-layout-flow wp-block-column-is-layout-flow\">\n<div class=\"wp-block-cover is-light is-style-full-height\"><span aria-hidden=\"true\" class=\"wp-block-cover__background has-dark-gray-background-color has-background-dim-100 has-background-dim\"><\/span><div class=\"wp-block-cover__inner-container is-layout-flow wp-block-cover-is-layout-flow\">\n<h3 class=\"header-with-icon \"><span class=\"ez-toc-section\" id=\"INVESTICNE_STAVEBNICTVO\"><\/span>\n<span class=\"header-with-icon__icon\"><img decoding=\"async\" src=\"https:\/\/bp2.yoho.pl\/wp-content\/uploads\/2022\/02\/noun_mall_3821276.png\" alt=\"INVESTI\u010cN\u00c9 STAVEBN\u00cdCTVO\"><\/span>\n<span class=\"header-with-icon__content\">INVESTI\u010cN\u00c9 STAVEBN\u00cdCTVO<\/span>\n<span class=\"ez-toc-section-end\"><\/span><\/h3>\n\n\n<ul class=\"links-list links-list--single \">\n                    <li class=\"links-list__item\">\n            <a href=\"https:\/\/bp2.yoho.pl\/sk\/ponuka\/investicna-vystavba\/?type=trapezove-plechy\">\n                <span class=\"links-list__smallTitle\">Stre\u0161n\u00e9 a fas\u00e1dne<\/span>                <span class=\"links-list__title\">Trap\u00e9zov\u00e9 plechy<\/span>            <\/a>\n        <\/li>\n                    <li class=\"links-list__item\">\n            <a href=\"https:\/\/bp2.yoho.pl\/sk\/ponuka\/investicna-vystavba\/?type=sendvicove-dosky-corepir\">\n                <span class=\"links-list__smallTitle\">CorePIR<\/span>                <span class=\"links-list__title\">Sendvi\u010dov\u00e9 dosky<\/span>            <\/a>\n        <\/li>\n                    <li class=\"links-list__item\">\n            <a href=\"https:\/\/bp2.yoho.pl\/sk\/ponuka\/investicna-vystavba\/?type=sendvicove-dosky-corewool\">\n                <span class=\"links-list__smallTitle\">CoreWOOL<\/span>                <span class=\"links-list__title\">Sendvi\u010dov\u00e9 dosky<\/span>            <\/a>\n        <\/li>\n                    <li class=\"links-list__item\">\n            <a href=\"https:\/\/bp2.yoho.pl\/sk\/ponuka\/investicna-vystavba\/?type=stenova-kazeta-a-prosystherm\">\n                                <span class=\"links-list__title\">Stenov\u00e1 kazeta a PROSYSTHERM<\/span>            <\/a>\n        <\/li>\n                    <li class=\"links-list__item\">\n            <a href=\"https:\/\/bp2.yoho.pl\/sk\/ponuka\/investicna-vystavba\/?type=fasadne-obklady\">\n                <span class=\"links-list__smallTitle\">Fas\u00e1dne obklady<\/span>                <span class=\"links-list__title\">SKRIN, LINEA, SINUS<\/span>            <\/a>\n        <\/li>\n    <\/ul><\/div><\/div>\n<\/div>\n\n\n\n<div class=\"wp-block-column is-layout-flow wp-block-column-is-layout-flow\">\n<div class=\"wp-block-cover is-light is-style-full-height\"><span aria-hidden=\"true\" class=\"wp-block-cover__background has-background-dim-0 has-background-dim\"><\/span><img decoding=\"async\" width=\"804\" height=\"487\" class=\"wp-block-cover__image-background wp-image-789\" alt=\"\" src=\"https:\/\/bp2.yoho.pl\/wp-content\/uploads\/2022\/02\/bp2_oferta_2.png\" data-object-fit=\"cover\" srcset=\"https:\/\/bp2.yoho.pl\/wp-content\/uploads\/2022\/02\/bp2_oferta_2.png 804w, https:\/\/bp2.yoho.pl\/wp-content\/uploads\/2022\/02\/bp2_oferta_2-768x465.png 768w\" sizes=\"(max-width: 804px) 100vw, 804px\" \/><div class=\"wp-block-cover__inner-container is-layout-flow wp-block-cover-is-layout-flow\">\n<p class=\"has-text-align-center has-large-font-size\"><\/p>\n<\/div><\/div>\n<\/div>\n<\/div>\n\n\n\n<div class=\"wp-block-columns is-style-grid is-layout-flex wp-container-core-columns-is-layout-9d6595d7 wp-block-columns-is-layout-flex\">\n<div class=\"wp-block-column is-layout-flow wp-block-column-is-layout-flow\">\n<div class=\"wp-block-cover is-style-full-height\"><span aria-hidden=\"true\" class=\"wp-block-cover__background has-background-dim-0 has-background-dim\"><\/span><img decoding=\"async\" width=\"804\" height=\"393\" class=\"wp-block-cover__image-background wp-image-57452\" alt=\"\" src=\"https:\/\/bp2.yoho.pl\/wp-content\/uploads\/2023\/01\/vss.jpg\" data-object-fit=\"cover\" srcset=\"https:\/\/bp2.yoho.pl\/wp-content\/uploads\/2023\/01\/vss.jpg 804w, https:\/\/bp2.yoho.pl\/wp-content\/uploads\/2023\/01\/vss-768x375.jpg 768w\" sizes=\"(max-width: 804px) 100vw, 804px\" \/><div class=\"wp-block-cover__inner-container is-layout-flow wp-block-cover-is-layout-flow\">\n<p class=\"has-text-align-center has-large-font-size\"><\/p>\n<\/div><\/div>\n<\/div>\n\n\n\n<div class=\"wp-block-column is-layout-flow wp-block-column-is-layout-flow\">\n<div class=\"wp-block-cover is-light is-style-full-height\"><span aria-hidden=\"true\" class=\"wp-block-cover__background has-dark-gray-background-color has-background-dim-100 has-background-dim\"><\/span><div class=\"wp-block-cover__inner-container is-layout-flow wp-block-cover-is-layout-flow\">\n<h3 class=\"header-with-icon \"><span class=\"ez-toc-section\" id=\"Ocelove_Servisne_Centrum\"><\/span>\n<span class=\"header-with-icon__icon\"><img decoding=\"async\" src=\"https:\/\/bp2.yoho.pl\/wp-content\/uploads\/2022\/02\/Path-99.png\" alt=\"Oce\u013eov\u00e9 Servisn\u00e9 Centrum \"><\/span>\n<span class=\"header-with-icon__content\">Oce\u013eov\u00e9 Servisn\u00e9 Centrum <\/span>\n<span class=\"ez-toc-section-end\"><\/span><\/h3>\n\n\n<ul class=\"links-list links-list--single \">\n                    <li class=\"links-list__item\">\n            <a href=\"https:\/\/vss.sk\/vyrobok\/sluzby-previjania-a-rezania\/\">\n                                <span class=\"links-list__title\">Slu\u017eby Prev\u00edjania a Rezania<\/span>            <\/a>\n        <\/li>\n                    <li class=\"links-list__item\">\n            <a href=\"https:\/\/vss.sk\/vyrobok\/plechy-ploche\/\">\n                                <span class=\"links-list__title\">Plechy Ploch\u00e9<\/span>            <\/a>\n        <\/li>\n                    <li class=\"links-list__item\">\n            <a href=\"https:\/\/vss.sk\/vyrobok\/perforacia-plechov\/\">\n                                <span class=\"links-list__title\">Perfor\u00e1cia Plechov<\/span>            <\/a>\n        <\/li>\n                    <li class=\"links-list__item\">\n            <a href=\"https:\/\/vss.sk\/vyrobok\/zabezpecenie-a-balenie\/\">\n                                <span class=\"links-list__title\">Ochrana a balenie<\/span>            <\/a>\n        <\/li>\n    <\/ul><\/div><\/div>\n<\/div>\n<\/div>\n<\/div><\/div>\n","protected":false},"excerpt":{"rendered":"<p>N\u00c1JS\u0164 IDE\u00c1LNY KRYT PRE VA\u0160E POTREBY NA\u0160A PONUKA Sme v\u00fdrobca komplexn\u00fdch rie\u0161en\u00ed pre stavebn\u00edctvo. Pon\u00fakame \u0161irok\u00fa \u0161k\u00e1lu produktov pre investi\u010dn\u00e9 a rodinn\u00e9 stavebn\u00edctvo t.j. stre\u0161n\u00e9 krytiny, kon\u0161truk\u010dn\u00e9 plechy, fas\u00e1dne syst\u00e9my, vrstven\u00e9 dosky, n\u00e1stenn\u00e9 kazety, odkvapov\u00e9 syst\u00e9my a odborn\u00e9 slu\u017eby spracovania ocele v r\u00e1mci oce\u013eov\u00e9ho centra slu\u017eieb. Neust\u00e1le roz\u0161irujeme svoj sortiment, pri\u010dom sa prisp\u00f4sobujeme po\u017eiadavk\u00e1m trhu [&hellip;]<\/p>\n","protected":false},"author":1,"featured_media":0,"parent":0,"menu_order":130,"comment_status":"closed","ping_status":"closed","template":"templates\/offer.php","meta":{"_acf_changed":false,"content-type":"","footnotes":""},"class_list":["post-50839","page","type-page","status-publish","hentry"],"acf":[],"_links":{"self":[{"href":"https:\/\/bp2.yoho.pl\/sk\/wp-json\/wp\/v2\/pages\/50839","targetHints":{"allow":["GET"]}}],"collection":[{"href":"https:\/\/bp2.yoho.pl\/sk\/wp-json\/wp\/v2\/pages"}],"about":[{"href":"https:\/\/bp2.yoho.pl\/sk\/wp-json\/wp\/v2\/types\/page"}],"author":[{"embeddable":true,"href":"https:\/\/bp2.yoho.pl\/sk\/wp-json\/wp\/v2\/users\/1"}],"replies":[{"embeddable":true,"href":"https:\/\/bp2.yoho.pl\/sk\/wp-json\/wp\/v2\/comments?post=50839"}],"version-history":[{"count":0,"href":"https:\/\/bp2.yoho.pl\/sk\/wp-json\/wp\/v2\/pages\/50839\/revisions"}],"wp:attachment":[{"href":"https:\/\/bp2.yoho.pl\/sk\/wp-json\/wp\/v2\/media?parent=50839"}],"curies":[{"name":"wp","href":"https:\/\/api.w.org\/{rel}","templated":true}]}}